{"id":987,"date":"2021-03-09T12:59:43","date_gmt":"2021-03-09T12:59:43","guid":{"rendered":"http:\/\/maliwojownicy.org\/?page_id=987"},"modified":"2026-03-24T08:56:42","modified_gmt":"2026-03-24T07:56:42","slug":"konsultacje","status":"publish","type":"page","link":"https:\/\/maliwojownicy.org\/index.php\/horyzont\/konsultacje\/","title":{"rendered":"Kontakt"},"content":{"rendered":"\n<h2 class=\"wp-block-heading has-text-color has-link-color wp-elements-1926eb73ba02b947065cad8b1d9a6a77\" style=\"color:#9321c4\"><strong>Kontakt<\/strong><\/h2>\n\n\n\n<p class=\"has-large-font-size wp-block-paragraph\"><strong><em>Niepubliczna Poradnia Pedagogiczno-Psychologiczna Horyzont<\/em><\/strong><\/p>\n\n\n\n<p class=\"has-large-font-size wp-block-paragraph\" style=\"margin-top:0;margin-right:0;margin-bottom:0;margin-left:0\"><br><strong><em>Adres<\/em>:<\/strong> Mickiewicza 43 (budynek C), 15-213 Bia\u0142ystok<\/p>\n\n\n\n<p class=\"has-large-font-size wp-block-paragraph\" style=\"margin-top:0;margin-right:0;margin-bottom:0;margin-left:0\"><br><strong><em>Telefon:<\/em><\/strong> 790\u00a0200\u00a0559<\/p>\n\n\n\n<p class=\"has-large-font-size wp-block-paragraph\" style=\"margin-top:0;margin-right:0;margin-bottom:0;margin-left:0\"><br><strong><em>Adres mailowy:<\/em><\/strong> horyzont.poradnia@gmail.com<\/p>\n\n\n\n<p class=\"has-large-font-size wp-block-paragraph\" style=\"margin-top:0;margin-right:0;margin-bottom:0;margin-left:0\"><br><strong><em>Dyrektor:<\/em><\/strong> mgr Paulina B\u0105kowska<\/p>\n\n\n\n<p class=\"has-large-font-size wp-block-paragraph\" style=\"margin-top:0;margin-right:0;margin-bottom:0;margin-left:0\"><br><strong><em>Organ prowadz\u0105cy:<\/em><\/strong> Fundacja Mali Wojownicy<\/p>\n\n\n\n<p class=\"has-large-font-size wp-block-paragraph\"><br><strong>W celu um\u00f3wienia si\u0119 na spotkanie prosimy o kontakt (telefon lub sms) pod numerem tel. 790\u00a0200\u00a0559<\/strong><\/p>\n","protected":false},"excerpt":{"rendered":"<p>Kontakt Niepubliczna Poradnia Pedagogiczno-Psychologiczna Horyzont Adres: Mickiewicza 43 (budynek C), 15-213 Bia\u0142ystok Telefon: 790\u00a0200\u00a0559 Adres mailowy: horyzont.poradnia@gmail.com Dyrektor: mgr Paulina B\u0105kowska Organ prowadz\u0105cy: Fundacja Mali Wojownicy W celu um\u00f3wienia si\u0119 na spotkanie prosimy o kontakt (telefon lub sms) pod numerem tel. 790\u00a0200\u00a0559<\/p>\n","protected":false},"author":3,"featured_media":0,"parent":73,"menu_order":0,"comment_status":"closed","ping_status":"closed","template":"","meta":{"_crdt_document":"","_kadence_starter_templates_imported_post":false,"footnotes":""},"class_list":["post-987","page","type-page","status-publish","hentry"],"_links":{"self":[{"href":"https:\/\/maliwojownicy.org\/index.php\/wp-json\/wp\/v2\/pages\/987","targetHints":{"allow":["GET"]}}],"collection":[{"href":"https:\/\/maliwojownicy.org\/index.php\/wp-json\/wp\/v2\/pages"}],"about":[{"href":"https:\/\/maliwojownicy.org\/index.php\/wp-json\/wp\/v2\/types\/page"}],"author":[{"embeddable":true,"href":"https:\/\/maliwojownicy.org\/index.php\/wp-json\/wp\/v2\/users\/3"}],"replies":[{"embeddable":true,"href":"https:\/\/maliwojownicy.org\/index.php\/wp-json\/wp\/v2\/comments?post=987"}],"version-history":[{"count":1,"href":"https:\/\/maliwojownicy.org\/index.php\/wp-json\/wp\/v2\/pages\/987\/revisions"}],"predecessor-version":[{"id":2219,"href":"https:\/\/maliwojownicy.org\/index.php\/wp-json\/wp\/v2\/pages\/987\/revisions\/2219"}],"up":[{"embeddable":true,"href":"https:\/\/maliwojownicy.org\/index.php\/wp-json\/wp\/v2\/pages\/73"}],"wp:attachment":[{"href":"https:\/\/maliwojownicy.org\/index.php\/wp-json\/wp\/v2\/media?parent=987"}],"curies":[{"name":"wp","href":"https:\/\/api.w.org\/{rel}","templated":true}]}}