{"id":84,"date":"2018-12-26T06:35:45","date_gmt":"2018-12-26T06:35:45","guid":{"rendered":"http:\/\/maliwojownicy.org\/?page_id=84"},"modified":"2018-12-26T06:35:45","modified_gmt":"2018-12-26T06:35:45","slug":"dostepny-sprzet","status":"publish","type":"page","link":"https:\/\/maliwojownicy.org\/index.php\/wypozyczalnia\/dostepny-sprzet\/","title":{"rendered":"Zasoby Wypo\u017cyczalni"},"content":{"rendered":"<p><a href=\"https:\/\/maliwojownicy.org\/wp-content\/uploads\/2017\/12\/monitor-2.jpg\"><img loading=\"lazy\" decoding=\"async\" class=\"size-medium wp-image-256 alignleft\" src=\"https:\/\/maliwojownicy.org\/wp-content\/uploads\/2017\/12\/monitor-2-300x225.jpg\" alt=\"\" width=\"300\" height=\"225\" srcset=\"https:\/\/maliwojownicy.org\/wp-content\/uploads\/2017\/12\/monitor-2-300x225.jpg 300w, https:\/\/maliwojownicy.org\/wp-content\/uploads\/2017\/12\/monitor-2.jpg 512w\" sizes=\"auto, (max-width: 300px) 100vw, 300px\" \/><\/a><strong><span style=\"font-size: 14pt;\">MONITOR ODDECHU<\/span><\/strong><\/p>\n<p>\u0141o\u017ceczkowy monitor oddechu Babysense 7<\/p>\n<p>Ilo\u015b\u0107 sztuk &#8211; 3<\/p>\n<p>&nbsp;<\/p>\n<p>&nbsp;<\/p>\n<p>&nbsp;<\/p>\n<p><a href=\"https:\/\/maliwojownicy.org\/wp-content\/uploads\/2017\/12\/waga-2.png\"><img loading=\"lazy\" decoding=\"async\" class=\"size-medium wp-image-258 alignright\" src=\"https:\/\/maliwojownicy.org\/wp-content\/uploads\/2017\/12\/waga-2-300x231.png\" alt=\"\" width=\"300\" height=\"231\" srcset=\"https:\/\/maliwojownicy.org\/wp-content\/uploads\/2017\/12\/waga-2-300x231.png 300w, https:\/\/maliwojownicy.org\/wp-content\/uploads\/2017\/12\/waga-2.png 350w\" sizes=\"auto, (max-width: 300px) 100vw, 300px\" \/><\/a><\/p>\n<p>&nbsp;<\/p>\n<p>&nbsp;<\/p>\n<p>&nbsp;<\/p>\n<p>&nbsp;<\/p>\n<p><strong><span style=\"font-size: 14pt;\">WAGA NIEMOWL\u0118CA<\/span><\/strong><\/p>\n<p>Waga niemowl\u0119ca BabyOne<\/p>\n<p>Ilo\u015b\u0107\u00a0 sztuk &#8211; 4<\/p>\n<p>&nbsp;<\/p>\n<p><strong><span style=\"font-size: 14pt;\">MOBILNY MONITOR ODDECHU<a href=\"https:\/\/maliwojownicy.org\/wp-content\/uploads\/2018\/12\/mobilnymonitor-oddech-2.jpg\"><img loading=\"lazy\" decoding=\"async\" class=\" wp-image-434 alignright\" src=\"https:\/\/maliwojownicy.org\/wp-content\/uploads\/2018\/12\/mobilnymonitor-oddech-2-300x300.jpg\" alt=\"\" width=\"154\" height=\"154\" srcset=\"https:\/\/maliwojownicy.org\/wp-content\/uploads\/2018\/12\/mobilnymonitor-oddech-2-300x300.jpg 300w, https:\/\/maliwojownicy.org\/wp-content\/uploads\/2018\/12\/mobilnymonitor-oddech-2-150x150.jpg 150w, https:\/\/maliwojownicy.org\/wp-content\/uploads\/2018\/12\/mobilnymonitor-oddech-2-100x100.jpg 100w, https:\/\/maliwojownicy.org\/wp-content\/uploads\/2018\/12\/mobilnymonitor-oddech-2.jpg 478w\" sizes=\"auto, (max-width: 154px) 100vw, 154px\" \/><\/a><\/span><\/strong><\/p>\n<p>Mobilny monitor oddechu<\/p>\n<p>ilo\u015b\u0107\u00a0 sztuk &#8211; 1<\/p>\n<p>&nbsp;<\/p>\n<p>&nbsp;<\/p>\n<p>&nbsp;<\/p>\n<p><strong><span style=\"font-size: 14pt;\">INHALATOR PNEUMATYCZNO &#8211; T\u0141OKOWY\u00a0<\/span><\/strong><\/p>\n<p>Inhalator pneumatyczno &#8211; t\u0142okowy Medel Family Plus Elefante<\/p>\n<p>Ilo\u015b\u0107 dost\u0119pnych sztuk &#8211; 2<\/p>\n<p>&nbsp;<\/p>\n<p><strong><span style=\"font-size: 14pt;\">CHUSTA TKANA\u00a0<\/span><\/strong><\/p>\n<p>Chusty tkane LUNA DREAM dla wcze\u015bniak\u00f3w<\/p>\n<p>Ilo\u015b\u0107 dost\u0119pnych sztuk &#8211; 4<\/p>\n<p>&nbsp;<\/p>\n<p><strong><span style=\"font-size: 14pt;\">PULSOKSYMETRY<\/span><\/strong><\/p>\n<p>Precyzyjny pulsoksymetr do powieszenia<\/p>\n<p>Ilo\u015b\u0107 sztuk &#8211; 3<\/p>\n<p>&nbsp;<\/p>\n<p>Pulsoksymetr na palec<\/p>\n<p>ilo\u015b\u0107\u00a0 sztuk &#8211; 1<\/p>\n<p>&nbsp;<\/p>\n<p>&nbsp;<\/p>\n<p><strong><span style=\"font-size: 14pt;\">LAKTATOR<\/span><\/strong><\/p>\n<p>Laktator Medela Swing<\/p>\n<p>ilo\u015b\u0107\u00a0 sztuk &#8211; 2<\/p>\n<p>&nbsp;<\/p>\n<p>Laktator Canpol Babies<\/p>\n<p>ilo\u015b\u0107\u00a0 sztuk &#8211; 1<\/p>\n<p>&nbsp;<\/p>\n<p>Laktator Only For Baby<\/p>\n<p>ilo\u015b\u0107\u00a0 sztuk &#8211; 1<\/p>\n<p>&nbsp;<\/p>\n<p>&nbsp;<\/p>\n<p><span style=\"font-size: 14pt;\"><strong>STERYLIZATOR\u00a0 MIKROFALOWY<a href=\"https:\/\/maliwojownicy.org\/wp-content\/uploads\/2018\/12\/sterylizator-2.jpg\"><img loading=\"lazy\" decoding=\"async\" class=\" wp-image-449 alignleft\" src=\"https:\/\/maliwojownicy.org\/wp-content\/uploads\/2018\/12\/sterylizator-2-294x300.jpg\" alt=\"\" width=\"146\" height=\"149\" srcset=\"https:\/\/maliwojownicy.org\/wp-content\/uploads\/2018\/12\/sterylizator-2-294x300.jpg 294w, https:\/\/maliwojownicy.org\/wp-content\/uploads\/2018\/12\/sterylizator-2-600x613.jpg 600w, https:\/\/maliwojownicy.org\/wp-content\/uploads\/2018\/12\/sterylizator-2.jpg 720w\" sizes=\"auto, (max-width: 146px) 100vw, 146px\" \/><\/a><\/strong><\/span><\/p>\n<p>Mikrofalowy sterylizator parowy Philips Avent<\/p>\n<p>ilo\u015b\u0107 sztuk &#8211; 1<\/p>\n<p>&nbsp;<\/p>\n<p>&nbsp;<\/p>\n<p><strong><span style=\"font-size: 14pt;\">NAWIL\u017bACZE POWIETRZA<a href=\"https:\/\/maliwojownicy.org\/wp-content\/uploads\/2018\/12\/climacomfort-2.jpg\"><img loading=\"lazy\" decoding=\"async\" class=\" wp-image-448 alignright\" src=\"https:\/\/maliwojownicy.org\/wp-content\/uploads\/2018\/12\/climacomfort-2-300x235.jpg\" alt=\"\" width=\"271\" height=\"212\" srcset=\"https:\/\/maliwojownicy.org\/wp-content\/uploads\/2018\/12\/climacomfort-2-300x235.jpg 300w, https:\/\/maliwojownicy.org\/wp-content\/uploads\/2018\/12\/climacomfort-2-600x470.jpg 600w, https:\/\/maliwojownicy.org\/wp-content\/uploads\/2018\/12\/climacomfort-2.jpg 713w\" sizes=\"auto, (max-width: 271px) 100vw, 271px\" \/><\/a><\/span><\/strong><\/p>\n<p>Nawil\u017cacze powietrza Climatic 313<\/p>\n<p>ilo\u015b\u0107 sztuk &#8211; 1<\/p>\n<p>&nbsp;<\/p>\n","protected":false},"excerpt":{"rendered":"<p>MONITOR ODDECHU \u0141o\u017ceczkowy monitor oddechu Babysense 7 Ilo\u015b\u0107 sztuk &#8211; 3 &nbsp; &nbsp; &nbsp; &nbsp; &nbsp; &nbsp; &nbsp; WAGA NIEMOWL\u0118CA Waga niemowl\u0119ca BabyOne Ilo\u015b\u0107\u00a0 sztuk &#8211; 4 &nbsp; MOBILNY MONITOR ODDECHU Mobilny monitor oddechu ilo\u015b\u0107\u00a0 sztuk &#8211; 1 &nbsp; &nbsp; &nbsp; INHALATOR PNEUMATYCZNO &#8211; T\u0141OKOWY\u00a0 Inhalator pneumatyczno &#8211; t\u0142okowy Medel Family Plus Elefante Ilo\u015b\u0107 dost\u0119pnych [&hellip;]<\/p>\n","protected":false},"author":3,"featured_media":0,"parent":77,"menu_order":0,"comment_status":"closed","ping_status":"closed","template":"","meta":{"_crdt_document":"","_kadence_starter_templates_imported_post":false,"footnotes":""},"class_list":["post-84","page","type-page","status-publish","hentry"],"_links":{"self":[{"href":"https:\/\/maliwojownicy.org\/index.php\/wp-json\/wp\/v2\/pages\/84","targetHints":{"allow":["GET"]}}],"collection":[{"href":"https:\/\/maliwojownicy.org\/index.php\/wp-json\/wp\/v2\/pages"}],"about":[{"href":"https:\/\/maliwojownicy.org\/index.php\/wp-json\/wp\/v2\/types\/page"}],"author":[{"embeddable":true,"href":"https:\/\/maliwojownicy.org\/index.php\/wp-json\/wp\/v2\/users\/3"}],"replies":[{"embeddable":true,"href":"https:\/\/maliwojownicy.org\/index.php\/wp-json\/wp\/v2\/comments?post=84"}],"version-history":[{"count":0,"href":"https:\/\/maliwojownicy.org\/index.php\/wp-json\/wp\/v2\/pages\/84\/revisions"}],"up":[{"embeddable":true,"href":"https:\/\/maliwojownicy.org\/index.php\/wp-json\/wp\/v2\/pages\/77"}],"wp:attachment":[{"href":"https:\/\/maliwojownicy.org\/index.php\/wp-json\/wp\/v2\/media?parent=84"}],"curies":[{"name":"wp","href":"https:\/\/api.w.org\/{rel}","templated":true}]}}