{"id":75,"date":"2017-11-27T11:02:42","date_gmt":"2017-11-27T11:02:42","guid":{"rendered":"http:\/\/maliwojownicy.org\/?page_id=75"},"modified":"2026-04-09T13:37:59","modified_gmt":"2026-04-09T11:37:59","slug":"przedszkoledzielnezuchy","status":"publish","type":"page","link":"https:\/\/maliwojownicy.org\/index.php\/przedszkoledzielnezuchy\/","title":{"rendered":"Przedszkole Niepubliczne Dzielne Zuchy"},"content":{"rendered":"\n<div class=\"wp-block-media-text is-stacked-on-mobile\" style=\"grid-template-columns:26% auto\"><figure class=\"wp-block-media-text__media\"><img loading=\"lazy\" decoding=\"async\" width=\"567\" height=\"567\" src=\"https:\/\/maliwojownicy.org\/wp-content\/uploads\/2026\/03\/68599849_2662773533733138_2939063382126362624_n.jpg\" alt=\"\" class=\"wp-image-2090 size-full\" srcset=\"https:\/\/maliwojownicy.org\/wp-content\/uploads\/2026\/03\/68599849_2662773533733138_2939063382126362624_n.jpg 567w, https:\/\/maliwojownicy.org\/wp-content\/uploads\/2026\/03\/68599849_2662773533733138_2939063382126362624_n-300x300.jpg 300w, https:\/\/maliwojownicy.org\/wp-content\/uploads\/2026\/03\/68599849_2662773533733138_2939063382126362624_n-150x150.jpg 150w\" sizes=\"auto, (max-width: 567px) 100vw, 567px\" \/><\/figure><div class=\"wp-block-media-text__content\">\n<div class=\"wp-block-buttons is-layout-flex wp-block-buttons-is-layout-flex\">\n<div class=\"wp-block-button is-style-fill\"><a class=\"wp-block-button__link has-background wp-element-button\" href=\"https:\/\/maliwojownicy.org\/index.php\/edukacjaiopieka\/przedszkoledzielnezuchy\/przedszkole-niepubliczne-dzielne-zuchy-podmenu-1\/\" style=\"background:linear-gradient(135deg,rgb(36,6,229) 0%,rgb(153,64,237) 47%)\">O nas<\/a><\/div>\n\n\n\n<div class=\"wp-block-button is-style-fill\"><a class=\"wp-block-button__link has-background wp-element-button\" href=\"https:\/\/maliwojownicy.org\/index.php\/edukacjaiopieka\/przedszkoledzielnezuchy\/przedszkole-niepubliczne-dzielne-zuchy-podmenu-2\/\" style=\"background:linear-gradient(135deg,rgb(36,6,229) 0%,rgb(153,64,237) 47%)\">Kadra<\/a><\/div>\n\n\n\n<div class=\"wp-block-button is-style-fill\"><a class=\"wp-block-button__link has-background wp-element-button\" href=\"https:\/\/maliwojownicy.org\/index.php\/edukacjaiopieka\/przedszkoledzielnezuchy\/przedszkole-niepubliczne-dzielne-zuchy-podmenu-3\/\" style=\"background:linear-gradient(135deg,rgb(36,6,229) 0%,rgb(153,64,237) 47%)\">Formy wsparcia<\/a><\/div>\n\n\n\n<div class=\"wp-block-button is-style-fill\"><a class=\"wp-block-button__link has-background wp-element-button\" href=\"https:\/\/maliwojownicy.org\/index.php\/edukacjaiopieka\/przedszkoledzielnezuchy\/przedszkole-niepubliczne-dzielne-zuchy-podmenu-4\/\" style=\"background:linear-gradient(135deg,rgb(36,6,229) 0%,rgb(153,64,237) 47%)\">WWRD<\/a><\/div>\n<\/div>\n<\/div><\/div>\n\n\n\n<p class=\"has-custom-css wp-custom-css-d9622a45 wp-block-paragraph\">Niepubliczne Przedszkole Dzielne Zuchy Miejsce, w kt\u00f3rym rozw\u00f3j spotyka si\u0119 z uwa\u017cno\u015bci\u0105. Wierzymy, \u017ce ka\u017cde dziecko zas\u0142uguje na przestrze\u0144, w kt\u00f3rej mo\u017ce rozwija\u0107 si\u0119 we w\u0142asnym tempie, czu\u0107 si\u0119 bezpiecznie i by\u0107 w pe\u0142ni akceptowane. Tworzymy kameralne, starannie zaprojektowane \u015brodowisko edukacyjne, oparte na metodzie Montessori oraz za\u0142o\u017ceniach edukacji w\u0142\u0105czaj\u0105cej. \u0141\u0105czymy profesjonalizm z empati\u0105, odpowiadaj\u0105c na indywidualne potrzeby ka\u017cdego dziecka \u2013 zar\u00f3wno neurotypowego, jak i ze specjalnymi potrzebami rozwojowymi.<\/p>\n\n\n\n<p class=\"wp-block-paragraph\"><\/p>\n\n\n\n<p class=\"has-custom-css wp-custom-css-652b7ede wp-block-paragraph\"><strong>\u015awiadomy rozw\u00f3j od pierwszych lat <br><\/strong>W naszym przedszkolu dzieci: ucz\u0105 si\u0119 poprzez do\u015bwiadczenie i dzia\u0142anie rozwijaj\u0105 samodzielno\u015b\u0107, koncentracj\u0119 i poczucie sprawczo\u015bci buduj\u0105 relacje oparte na szacunku i zrozumieniu odkrywaj\u0105 \u015bwiat w atmosferze spokoju i akceptacji<\/p>\n\n\n\n<p class=\"wp-block-paragraph\"><\/p>\n\n\n\n<p class=\"has-custom-css wp-custom-css-5b4f5974 wp-block-paragraph\"><strong>Indywidualne podej\u015bcie, wykwalifikowana kadra, realne wsparcie<br><\/strong>Zapewniamy: &#8211; ma\u0142e grupy sprzyjaj\u0105ce uwa\u017cnej pracy z dzieckiem &#8211; wykwalifikowan\u0105 kadr\u0119 specjalist\u00f3w &#8211; pe\u0142ne wsparcie dla dzieci z wyzwaniami rozwojowymi &#8211; partnersk\u0105 wsp\u00f3\u0142prac\u0119 z rodzicami<\/p>\n\n\n\n<p class=\"has-custom-css wp-custom-css-e08e3673 wp-block-paragraph\"><strong>Wi\u0119cej ni\u017c przedszkole<br><\/strong>To miejsce, w kt\u00f3rym dziecko: &#8211; jest widziane i rozumiane &#8211; rozwija swoje mocne strony &#8211; uczy si\u0119 samodzielno\u015bci i odwagi &#8211; wzrasta w poczuciu bezpiecze\u0144stwa<\/p>\n\n\n\n<p class=\"wp-block-paragraph\"><\/p>\n\n\n\n<p class=\"wp-block-paragraph\"><\/p>\n\n\n\n<p class=\"wp-block-paragraph\"><strong><em>Bia\u0142ystok, ul. Mickiewicza 50 Zapisz swoje dziecko do miejsca, kt\u00f3re naprawd\u0119 rozumie jego potrzeby.<\/em><\/strong><\/p>\n\n\n\n<ul class=\"wp-block-social-links is-layout-flex wp-block-social-links-is-layout-flex\"><li class=\"wp-social-link wp-social-link-facebook  wp-block-social-link\"><a href=\"https:\/\/www.facebook.com\/przedszkoledzielnezuchy\" class=\"wp-block-social-link-anchor\"><svg width=\"24\" height=\"24\" viewBox=\"0 0 24 24\" version=\"1.1\" xmlns=\"http:\/\/www.w3.org\/2000\/svg\" aria-hidden=\"true\" focusable=\"false\"><path d=\"M12 2C6.5 2 2 6.5 2 12c0 5 3.7 9.1 8.4 9.9v-7H7.9V12h2.5V9.8c0-2.5 1.5-3.9 3.8-3.9 1.1 0 2.2.2 2.2.2v2.5h-1.3c-1.2 0-1.6.8-1.6 1.6V12h2.8l-.4 2.9h-2.3v7C18.3 21.1 22 17 22 12c0-5.5-4.5-10-10-10z\"><\/path><\/svg><span class=\"wp-block-social-link-label screen-reader-text\">Facebook<\/span><\/a><\/li><\/ul>\n","protected":false},"excerpt":{"rendered":"<p>Niepubliczne Przedszkole Dzielne Zuchy Miejsce, w kt\u00f3rym rozw\u00f3j spotyka si\u0119 z uwa\u017cno\u015bci\u0105. Wierzymy, \u017ce ka\u017cde dziecko zas\u0142uguje na przestrze\u0144, w kt\u00f3rej mo\u017ce rozwija\u0107 si\u0119 we w\u0142asnym tempie, czu\u0107 si\u0119 bezpiecznie i by\u0107 w pe\u0142ni akceptowane. Tworzymy kameralne, starannie zaprojektowane \u015brodowisko edukacyjne, oparte na metodzie Montessori oraz za\u0142o\u017ceniach edukacji w\u0142\u0105czaj\u0105cej. \u0141\u0105czymy profesjonalizm z empati\u0105, odpowiadaj\u0105c na [&hellip;]<\/p>\n","protected":false},"author":3,"featured_media":0,"parent":0,"menu_order":0,"comment_status":"closed","ping_status":"closed","template":"","meta":{"_crdt_document":"{\"document\":\"AAAmzruG0xSuAYCLu\/cTjruG0xTAi7v3ExGOu4bTFILhz6UPkb6\/gQekAQiOAa6ZAQAGAgECCgEISiICAQMMAgECCgEBCEgASgAkAQIKAQEISABKACQBAgoBAQhIAEoANgECCgEBCEgASvACkgMBAgoCQgBKALgQAQIKAEoAEgECCgJCAEoAjgkBAgoASgASAQIKAkIASgCyCAECCgJCAEoApAYBAgoASgASAQIKAEoAEgECCgJCSgDAyQEBAQgASAIEAgAGCgEBCEgIlJoBAOcBKAMnAAQAJwAEACcAKAQnACgBJwAHACgDJwAoCicABwAoAycBBwAoAycAKAInAAQAKAEnAIcAKAMnACgCJwAEACgBJwCHACgDJwAoAicABAAoAScAhwAoAycAKAInAAQAKAEnAIcAKAMnAQQAKAEnAIcAKAMnASgAJwCHACgDJwEEACgBJwCHACgDJwEoACcAhwAoAycBBAAoAScAhwAoAycBBAAoAScAhwAoAycBKAAnAIcAKAMnASgAJwCHACgDJwEEACgAJwAhAIcAKAInASgAJwCoASgBBwAoAicAKAAnACgAhAAhhEOpQXN0YXRldmVyc2lvbmRvY3VtZW50ZGF0ZWRvY3VtZW50c2x1Z2RvY3VtZW50c3RhdHVzZG9jdW1lbnR0aXRsZVByemVkc3prb2xlIE5pZXB1YmxpY3puZSBEemllbG5lIFp1Y2h5ZG9jdW1lbnRjb250ZW50PCEtLSB3cDptZWRpYS10ZXh0IHsibWVkaWFJZCI6MjA5MCwibWVkaWFMaW5rIjoiaHR0cHM6Ly9tYWxpd29qb3duaWN5Lm9yZy9pbmRleC5waHAvd2F6bmUtZGxhLXJvZHppY293L3NwZWNqYWxpc2NpLXctcmVnaW9uaWUvNjg1OTk4NDlfMjY2Mjc3MzUzMzczMzEzOF8yOTM5MDYzMzgyMTI2MzYyNjI0X24tMi8iLCJsaW5rRGVzdGluYXRpb24iOiJub25lIiwibWVkaWFUeXBlIjoiaW1hZ2UiLCJtZWRpYVdpZHRoIjoyNn0gLS0+CjxkaXYgY2xhc3M9IndwLWJsb2NrLW1lZGlhLXRleHQgaXMtc3RhY2tlZC1vbi1tb2JpbGUiIHN0eWxlPSJncmlkLXRlbXBsYXRlLWNvbHVtbnM6MjYlIGF1dG8iPjxmaWd1cmUgY2xhc3M9IndwLWJsb2NrLW1lZGlhLXRleHRfX21lZGlhIj48aW1nIHNyYz0iaHR0cHM6Ly9tYWxpd29qb3duaWN5Lm9yZy93cC1jb250ZW50L3VwbG9hZHMvMjAyNi8wMy82ODU5OTg0OV8yNjYyNzczNTMzNzMzMTM4XzI5MzkwNjMzODIxMjYzNjI2MjRfbi5qcGciIGFsdD0iIiBjbGFzcz0id3AtaW1hZ2UtMjA5MCBzaXplLWZ1bGwiLz48L2ZpZ3VyZT48ZGl2IGNsYXNzPSJ3cC1ibG9jay1tZWRpYS10ZXh0X19jb250ZW50Ij48IS0tIHdwOmJ1dHRvbnMgLS0+CjxkaXYgY2xhc3M9IndwLWJsb2NrLWJ1dHRvbnMiPjwhLS0gd3A6YnV0dG9uIHsiY2xhc3NOYW1lIjoiaXMtc3R5bGUtZmlsbCIsInN0eWxlIjp7ImNvbG9yIjp7ImdyYWRpZW50IjoibGluZWFyLWdyYWRpZW50KDEzNWRlZyxyZ2IoMzYsNiwyMjkpIDAlLHJnYigxNTMsNjQsMjM3KSA0NyUpIn19fSAtLT4KPGRpdiBjbGFzcz0id3AtYmxvY2stYnV0dG9uIGlzLXN0eWxlLWZpbGwiPjxhIGNsYXNzPSJ3cC1ibG9jay1idXR0b25fX2xpbmsgaGFzLWJhY2tncm91bmQgd3AtZWxlbWVudC1idXR0b24iIGhyZWY9Imh0dHBzOi8vbWFsaXdvam93bmljeS5vcmcvaW5kZXgucGhwL2VkdWthY2phaW9waWVrYS9wcnplZHN6a29sZWR6aWVsbmV6dWNoeS9wcnplZHN6a29sZS1uaWVwdWJsaWN6bmUtZHppZWxuZS16dWNoeS1wb2RtZW51LTEvIiBzdHlsZT0iYmFja2dyb3VuZDpsaW5lYXItZ3JhZGllbnQoMTM1ZGVnLHJnYigzNiw2LDIyOSkgMCUscmdiKDE1Myw2NCwyMzcpIDQ3JSkiPk8gbmFzPC9hPjwvZGl2Pgo8IS0tIC93cDpidXR0b24gLS0+Cgo8IS0tIHdwOmJ1dHRvbiB7ImNsYXNzTmFtZSI6ImlzLXN0eWxlLWZpbGwiLCJzdHlsZSI6eyJjb2xvciI6eyJncmFkaWVudCI6ImxpbmVhci1ncmFkaWVudCgxMzVkZWcscmdiKDM2LDYsMjI5KSAwJSxyZ2IoMTUzLDY0LDIzNykgNDclKSJ9fX0gLS0+CjxkaXYgY2xhc3M9IndwLWJsb2NrLWJ1dHRvbiBpcy1zdHlsZS1maWxsIj48YSBjbGFzcz0id3AtYmxvY2stYnV0dG9uX19saW5rIGhhcy1iYWNrZ3JvdW5kIHdwLWVsZW1lbnQtYnV0dG9uIiBocmVmPSJodHRwczovL21hbGl3b2pvd25pY3kub3JnL2luZGV4LnBocC9lZHVrYWNqYWlvcGlla2EvcHJ6ZWRzemtvbGVkemllbG5lenVjaHkvcHJ6ZWRzemtvbGUtbmllcHVibGljem5lLWR6aWVsbmUtenVjaHktcG9kbWVudS0yLyIgc3R5bGU9ImJhY2tncm91bmQ6bGluZWFyLWdyYWRpZW50KDEzNWRlZyxyZ2IoMzYsNiwyMjkpIDAlLHJnYigxNTMsNjQsMjM3KSA0NyUpIj5LYWRyYTwvYT48L2Rpdj4KPCEtLSAvd3A6YnV0dG9uIC0tPgoKPCEtLSB3cDpidXR0b24geyJjbGFzc05hbWUiOiJpcy1zdHlsZS1maWxsIiwic3R5bGUiOnsiY29sb3IiOnsiZ3JhZGllbnQiOiJsaW5lYXItZ3JhZGllbnQoMTM1ZGVnLHJnYigzNiw2LDIyOSkgMCUscmdiKDE1Myw2NCwyMzcpIDQ3JSkifX19IC0tPgo8ZGl2IGNsYXNzPSJ3cC1ibG9jay1idXR0b24gaXMtc3R5bGUtZmlsbCI+PGEgY2xhc3M9IndwLWJsb2NrLWJ1dHRvbl9fbGluayBoYXMtYmFja2dyb3VuZCB3cC1lbGVtZW50LWJ1dHRvbiIgaHJlZj0iaHR0cHM6Ly9tYWxpd29qb3duaWN5Lm9yZy9pbmRleC5waHAvZWR1a2FjamFpb3BpZWthL3ByemVkc3prb2xlZHppZWxuZXp1Y2h5L3ByemVkc3prb2xlLW5pZXB1YmxpY3puZS1kemllbG5lLXp1Y2h5LXBvZG1lbnUtMy8iIHN0eWxlPSJiYWNrZ3JvdW5kOmxpbmVhci1ncmFkaWVudCgxMzVkZWcscmdiKDM2LDYsMjI5KSAwJSxyZ2IoMTUzLDY0LDIzNykgNDclKSI+Rm9ybXkgd3NwYXJjaWE8L2E+PC9kaXY+CjwhLS0gL3dwOmJ1dHRvbiAtLT4KCjwhLS0gd3A6YnV0dG9uIHsiY2xhc3NOYW1lIjoiaXMtc3R5bGUtZmlsbCIsInN0eWxlIjp7ImNvbG9yIjp7ImdyYWRpZW50IjoibGluZWFyLWdyYWRpZW50KDEzNWRlZyxyZ2IoMzYsNiwyMjkpIDAlLHJnYigxNTMsNjQsMjM3KSA0NyUpIn19fSAtLT4KPGRpdiBjbGFzcz0id3AtYmxvY2stYnV0dG9uIGlzLXN0eWxlLWZpbGwiPjxhIGNsYXNzPSJ3cC1ibG9jay1idXR0b25fX2xpbmsgaGFzLWJhY2tncm91bmQgd3AtZWxlbWVudC1idXR0b24iIGhyZWY9Imh0dHBzOi8vbWFsaXdvam93bmljeS5vcmcvaW5kZXgucGhwL2VkdWthY2phaW9waWVrYS9wcnplZHN6a29sZWR6aWVsbmV6dWNoeS9wcnplZHN6a29sZS1uaWVwdWJsaWN6bmUtZHppZWxuZS16dWNoeS1wb2RtZW51LTQvIiBzdHlsZT0iYmFja2dyb3VuZDpsaW5lYXItZ3JhZGllbnQoMTM1ZGVnLHJnYigzNiw2LDIyOSkgMCUscmdiKDE1Myw2NCwyMzcpIDQ3JSkiPldXUkQ8L2E+PC9kaXY+CjwhLS0gL3dwOmJ1dHRvbiAtLT48L2Rpdj4KPCEtLSAvd3A6YnV0dG9ucyAtLT48L2Rpdj48L2Rpdj4KPCEtLSAvd3A6bWVkaWEtdGV4dCAtLT4KCjwhLS0gd3A6cGFyYWdyYXBoIHsic3R5bGUiOnsiY3NzIjoiIHtcbiAgICB0ZXh0LWFsaWduOiBqdXN0aWZ5O1xufSJ9fSAtLT4KPHAgY2xhc3M9Imhhcy1jdXN0b20tY3NzIj5OaWVwdWJsaWN6bmUgUHJ6ZWRzemtvbGUgRHppZWxuZSBadWNoeSBNaWVqc2NlLCB3IGt0w7NyeW0gcm96d8OzaiBzcG90eWthIHNpxJkgeiB1d2HFvG5vxZtjacSFLiBXaWVyenlteSwgxbxlIGthxbxkZSBkemllY2tvIHphc8WCdWd1amUgbmEgcHJ6ZXN0cnplxYQsIHcga3TDs3JlaiBtb8W8ZSByb3p3aWphxIcgc2nEmSB3ZSB3xYJhc255bSB0ZW1waWUsIGN6dcSHIHNpxJkgYmV6cGllY3puaWUgaSBiecSHIHcgcGXFgm5pIGFrY2VwdG93YW5lLiBUd29yenlteSBrYW1lcmFsbmUsIHN0YXJhbm5pZSB6YXByb2pla3Rvd2FuZSDFm3JvZG93aXNrbyBlZHVrYWN5am5lLCBvcGFydGUgbmEgbWV0b2R6aWUgTW9udGVzc29yaSBvcmF6IHphxYJvxbxlbmlhY2ggZWR1a2Fjamkgd8WCxIVjemFqxIVjZWouIMWBxIVjenlteSBwcm9mZXNqb25hbGl6bSB6IGVtcGF0acSFLCBvZHBvd2lhZGFqxIVjIG5hIGluZHl3aWR1YWxuZSBwb3RyemVieSBrYcW8ZGVnbyBkemllY2thIOKAkyB6YXLDs3dubyBuZXVyb3R5cG93ZWdvLCBqYWsgaSB6ZSBzcGVjamFsbnltaSBwb3RyemViYW1pIHJvendvam93eW1pLjwvcD4KPCEtLSAvd3A6cGFyYWdyYXBoIC0tPgoKPCEtLSB3cDpwYXJhZ3JhcGggLS0+CjxwPjwvcD4KPCEtLSAvd3A6cGFyYWdyYXBoIC0tPgoKPCEtLSB3cDpwYXJhZ3JhcGggeyJzdHlsZSI6eyJjc3MiOiIge1xuICAgIHRleHQtYWxpZ246IGp1c3RpZnk7XG59In19IC0tPgo8cCBjbGFzcz0iaGFzLWN1c3RvbS1jc3MiPjxzdHJvbmc+xZp3aWFkb215IHJvenfDs2ogb2QgcGllcndzenljaCBsYXQgPGJyPjwvc3Ryb25nPlcgbmFzenltIHByemVkc3prb2x1IGR6aWVjaTogdWN6xIUgc2nEmSBwb3ByemV6IGRvxZt3aWFkY3plbmllIGkgZHppYcWCYW5pZSByb3p3aWphasSFIHNhbW9kemllbG5vxZvEhywga29uY2VudHJhY2rEmSBpIHBvY3p1Y2llIHNwcmF3Y3pvxZtjaSBidWR1asSFIHJlbGFjamUgb3BhcnRlIG5hIHN6YWN1bmt1IGkgenJvenVtaWVuaXUgb2Rrcnl3YWrEhSDFm3dpYXQgdyBhdG1vc2ZlcnplIHNwb2tvanUgaSBha2NlcHRhY2ppPC9wPgo8IS0tIC93cDpwYXJhZ3JhcGggLS0+Cgo8IS0tIHdwOnBhcmFncmFwaCAtLT4KPHA+PC9wPgo8IS0tIC93cDpwYXJhZ3JhcGggLS0+Cgo8IS0tIHdwOnBhcmFncmFwaCB7InN0eWxlIjp7ImNzcyI6IiB7XG4gICAgdGV4dC1hbGlnbjoganVzdGlmeTtcbn0ifX0gLS0+CjxwIGNsYXNzPSJoYXMtY3VzdG9tLWNzcyI+PHN0cm9uZz5JbmR5d2lkdWFsbmUgcG9kZWrFm2NpZSwgd3lrd2FsaWZpa293YW5hIGthZHJhLCByZWFsbmUgd3NwYXJjaWU8YnI+PC9zdHJvbmc+WmFwZXduaWFteTogLSBtYcWCZSBncnVweSBzcHJ6eWphasSFY2UgdXdhxbxuZWogcHJhY3kgeiBkemllY2tpZW0gLSB3eWt3YWxpZmlrb3dhbsSFIGthZHLEmSBzcGVjamFsaXN0w7N3IC0gcGXFgm5lIHdzcGFyY2llIGRsYSBkemllY2kgeiB3eXp3YW5pYW1pIHJvendvam93eW1pIC0gcGFydG5lcnNrxIUgd3Nww7PFgnByYWPEmSB6IHJvZHppY2FtaTwvcD4KPCEtLSAvd3A6cGFyYWdyYXBoIC0tPgoKPCEtLSB3cDpwYXJhZ3JhcGggeyJzdHlsZSI6eyJjc3MiOiIge1xuICAgIHRleHQtYWxpZ246IGp1c3RpZnk7XG59In19IC0tPgo8cCBjbGFzcz0iaGFzLWN1c3RvbS1jc3MiPjxzdHJvbmc+V2nEmWNlaiBuacW8IHByemVkc3prb2xlPGJyPjwvc3Ryb25nPlRvIG1pZWpzY2UsIHcga3TDs3J5bSBkemllY2tvOiAtIGplc3Qgd2lkemlhbmUgaSByb3p1bWlhbmUgLSByb3p3aWphIHN3b2plIG1vY25lIHN0cm9ueSAtIHVjenkgc2nEmSBzYW1vZHppZWxub8WbY2kgaSBvZHdhZ2kgLSB3enJhc3RhIHcgcG9jenVjaXUgYmV6cGllY3plxYRzdHdhPC9wPgo8IS0tIC93cDpwYXJhZ3JhcGggLS0+Cgo8IS0tIHdwOnBhcmFncmFwaCAtLT4KPHA+PC9wPgo8IS0tIC93cDpwYXJhZ3JhcGggLS0+Cgo8IS0tIHdwOnBhcmFncmFwaCAtLT4KPHA+PC9wPgo8IS0tIC93cDpwYXJhZ3JhcGggLS0+Cgo8IS0tIHdwOnBhcmFncmFwaCAtLT4KPHA+PHN0cm9uZz48ZW0+QmlhxYJ5c3RvaywgdWwuIE1pY2tpZXdpY3phIDUwIFphcGlzeiBzd29qZSBkemllY2tvIGRvIG1pZWpzY2EsIGt0w7NyZSBuYXByYXdkxJkgcm96dW1pZSBqZWdvIHBvdHJ6ZWJ5LjwvZW0+PC9zdHJvbmc+PC9wPgo8IS0tIC93cDpwYXJhZ3JhcGggLS0+ZG9jdW1lbnRleGNlcnB0ZG9jdW1lbnRhdXRob3Jkb2N1bWVudGZlYXR1cmVkX21lZGlhZG9jdW1lbnRjb21tZW50X3N0YXR1c2RvY3VtZW50cGluZ19zdGF0dXNkb2N1bWVudHRlbXBsYXRlZG9jdW1lbnRtZXRhX2thZGVuY2Vfc3RhcnRlcl90ZW1wbGF0ZXNfaW1wb3J0ZWRfcG9zdGZvb3Rub3Rlc2RvY3VtZW50YmxvY2tzY2xpZW50SWRpc1ZhbGlkb3JpZ2luYWxDb250ZW50bmFtZWF0dHJpYnV0ZXNhbGlnbm1lZGlhQWx0bWVkaWFQb3NpdGlvbm1lZGlhSWRtZWRpYVVybG1lZGlhTGlua2xpbmtEZXN0aW5hdGlvbm1lZGlhVHlwZW1lZGlhV2lkdGhpc1N0YWNrZWRPbk1vYmlsZXVzZUZlYXR1cmVkSW1hZ2Vpbm5lckJsb2Nrc2NsaWVudElkaXNWYWxpZG9yaWdpbmFsQ29udGVudG5hbWVhdHRyaWJ1dGVzaW5uZXJCbG9ja3NjbGllbnRJZGlzVmFsaWRvcmlnaW5hbENvbnRlbnRuYW1lYXR0cmlidXRlc3RhZ05hbWV0eXBldXJsdGV4dE8gbmFzY2xhc3NOYW1lc3R5bGVpbm5lckJsb2Nrc2NsaWVudElkaXNWYWxpZG9yaWdpbmFsQ29udGVudG5hbWVhdHRyaWJ1dGVzdGFnTmFtZXR5cGV1cmx0ZXh0S2FkcmFjbGFzc05hbWVzdHlsZWlubmVyQmxvY2tzY2xpZW50SWRpc1ZhbGlkb3JpZ2luYWxDb250ZW50bmFtZWF0dHJpYnV0ZXN0YWdOYW1ldHlwZXVybHRleHRGb3JteSB3c3BhcmNpYWNsYXNzTmFtZXN0eWxlaW5uZXJCbG9ja3NjbGllbnRJZGlzVmFsaWRvcmlnaW5hbENvbnRlbnRuYW1lYXR0cmlidXRlc3RhZ05hbWV0eXBldXJsdGV4dFdXUkRjbGFzc05hbWVzdHlsZWlubmVyQmxvY2tzY2xpZW50SWRpc1ZhbGlkb3JpZ2luYWxDb250ZW50bmFtZWF0dHJpYnV0ZXNjb250ZW50TmllcHVibGljem5lIFByemVkc3prb2xlIER6aWVsbmUgWnVjaHkgTWllanNjZSwgdyBrdMOzcnltIHJvenfDs2ogc3BvdHlrYSBzacSZIHogdXdhxbxub8WbY2nEhS4gV2llcnp5bXksIMW8ZSBrYcW8ZGUgZHppZWNrbyB6YXPFgnVndWplIG5hIHByemVzdHJ6ZcWELCB3IGt0w7NyZWogbW\/FvGUgcm96d2lqYcSHIHNpxJkgd2Ugd8WCYXNueW0gdGVtcGllLCBjenXEhyBzacSZIGJlenBpZWN6bmllIGkgYnnEhyB3IHBlxYJuaSBha2NlcHRvd2FuZS4gVHdvcnp5bXkga2FtZXJhbG5lLCBzdGFyYW5uaWUgemFwcm9qZWt0b3dhbmUgxZtyb2Rvd2lza28gZWR1a2FjeWpuZSwgb3BhcnRlIG5hIG1ldG9kemllIE1vbnRlc3Nvcmkgb3JheiB6YcWCb8W8ZW5pYWNoIGVkdWthY2ppIHfFgsSFY3phasSFY2VqLiDFgcSFY3p5bXkgcHJvZmVzam9uYWxpem0geiBlbXBhdGnEhSwgb2Rwb3dpYWRhasSFYyBuYSBpbmR5d2lkdWFsbmUgcG90cnplYnkga2HFvGRlZ28gZHppZWNrYSDigJMgemFyw7N3bm8gbmV1cm90eXBvd2VnbywgamFrIGkgemUgc3BlY2phbG55bWkgcG90cnplYmFtaSByb3p3b2pvd3ltaS5kcm9wQ2Fwc3R5bGVpbm5lckJsb2Nrc2NsaWVudElkaXNWYWxpZG9yaWdpbmFsQ29udGVudG5hbWVhdHRyaWJ1dGVzY29udGVudGRyb3BDYXBpbm5lckJsb2Nrc2NsaWVudElkaXNWYWxpZG9yaWdpbmFsQ29udGVudG5hbWVhdHRyaWJ1dGVzY29udGVudDxzdHJvbmc+xZp3aWFkb215IHJvenfDs2ogb2QgcGllcndzenljaCBsYXQgPGJyPjwvc3Ryb25nPlcgbmFzenltIHByemVkc3prb2x1IGR6aWVjaTogdWN6xIUgc2nEmSBwb3ByemV6IGRvxZt3aWFkY3plbmllIGkgZHppYcWCYW5pZSByb3p3aWphasSFIHNhbW9kemllbG5vxZvEhywga29uY2VudHJhY2rEmSBpIHBvY3p1Y2llIHNwcmF3Y3pvxZtjaSBidWR1asSFIHJlbGFjamUgb3BhcnRlIG5hIHN6YWN1bmt1IGkgenJvenVtaWVuaXUgb2Rrcnl3YWrEhSDFm3dpYXQgdyBhdG1vc2ZlcnplIHNwb2tvanUgaSBha2NlcHRhY2ppZHJvcENhcHN0eWxlaW5uZXJCbG9ja3NjbGllbnRJZGlzVmFsaWRvcmlnaW5hbENvbnRlbnRuYW1lYXR0cmlidXRlc2NvbnRlbnRkcm9wQ2FwaW5uZXJCbG9ja3NjbGllbnRJZGlzVmFsaWRvcmlnaW5hbENvbnRlbnRuYW1lYXR0cmlidXRlc2NvbnRlbnQ8c3Ryb25nPkluZHl3aWR1YWxuZSBwb2RlasWbY2llLCB3eWt3YWxpZmlrb3dhbmEga2FkcmEsIHJlYWxuZSB3c3BhcmNpZTxicj48L3N0cm9uZz5aYXBld25pYW15OiAtIG1hxYJlIGdydXB5IHNwcnp5amFqxIVjZSB1d2HFvG5laiBwcmFjeSB6IGR6aWVja2llbSAtIHd5a3dhbGlmaWtvd2FuxIUga2FkcsSZIHNwZWNqYWxpc3TDs3cgLSBwZcWCbmUgd3NwYXJjaWUgZGxhIGR6aWVjaSB6IHd5endhbmlhbWkgcm96d29qb3d5bWkgLSBwYXJ0bmVyc2vEhSB3c3DDs8WCcHJhY8SZIHogcm9kemljYW1pZHJvcENhcHN0eWxlaW5uZXJCbG9ja3NjbGllbnRJZGlzVmFsaWRvcmlnaW5hbENvbnRlbnRuYW1lYXR0cmlidXRlc2NvbnRlbnQ8c3Ryb25nPldpxJljZWogbmnFvCBwcnplZHN6a29sZTxicj48L3N0cm9uZz5UbyBtaWVqc2NlLCB3IGt0w7NyeW0gZHppZWNrbzogLSBqZXN0IHdpZHppYW5lIGkgcm96dW1pYW5lIC0gcm96d2lqYSBzd29qZSBtb2NuZSBzdHJvbnkgLSB1Y3p5IHNpxJkgc2Ftb2R6aWVsbm\/Fm2NpIGkgb2R3YWdpIC0gd3pyYXN0YSB3IHBvY3p1Y2l1IGJlenBpZWN6ZcWEc3R3YWRyb3BDYXBzdHlsZWlubmVyQmxvY2tzY2xpZW50SWRpc1ZhbGlkb3JpZ2luYWxDb250ZW50bmFtZWF0dHJpYnV0ZXNjb250ZW50ZHJvcENhcGlubmVyQmxvY2tzY2xpZW50SWRpc1ZhbGlkb3JpZ2luYWxDb250ZW50bmFtZWF0dHJpYnV0ZXNjb250ZW50ZHJvcENhcGlubmVyQmxvY2tzY2xpZW50SWRpc1ZhbGlkb3JpZ2luYWxDb250ZW50bmFtZWF0dHJpYnV0ZXNjb250ZW50PHN0cm9uZz48ZW0+QmlhxYJ5c3RvaywgdWwuIE1pY2tpZXdpY3phIDUwIFphcGlzeiBzd29qZSBkemllY2tvIGRvIG1pZWpzY2EsIGt0w7NyZSBuYXByYXdkxJkgcm96dW1pZSBqZWdvIHBvdHJ6ZWJ5LjwvZW0+PC9zdHJvbmc+ZHJvcENhcGlubmVyQmxvY2tzc3RhdGV2ZXJzaW9uY2xpZW50SWRpc1ZhbGlkbmFtZWF0dHJpYnV0ZXNjb250ZW50ZHJvcENhcGlubmVyQmxvY2tzb3BlbkluTmV3VGFic2hvd0xhYmVsc2NsaWVudElkaXNWYWxpZG5hbWVhdHRyaWJ1dGVzc2VydmljZWlubmVyQmxvY2tzdXJsCgo8IS0tIHdwOnNvY2lhbC1saW5rcyAtLT4KPHVsIGNsYXNzPSJ3cC1ibG9jay1zb2NpYWwtbGlua3MiPjwhLS0gd3A6c29jaWFsLWxpbmsgeyJ1cmwiOiJodHRwczovL3d3dy5mYWNlYm9vay5jb20vcHJ6ZWRzemtvbGVkemllbG5lenVjaHkiLCJzZXJ2aWNlIjoiZmFjZWJvb2sifSAvLS0+PC91bD4KPCEtLSAvd3A6c29jaWFsLWxpbmtzIC0tPnN0YXRldmVyc2lvbnN0YXRldmVyc2lvbgUHCAQIBAgGCAUmCAewTAgHCAYIDggOCAtIAQQoCQgGCAcPBAoFCA0HCAkPCQoREAsIBw8ECgsIBw8ECgcEAwQFCQULCAcPBAoHBAMEBQkFCwgHDwQKBwQDBA4JBQsIBw8ECgcEA0QACQULCAcPBAoHkggHBQsIBw8ECkcACwgHDwQKB50EBwULCAcPBApHAAsIBw8ECgePBAcFCwgHDwQKB4gDBwULCAcPBApHAAsIBw8ECkcACwgHDwQKB74BBwsFBwgHBApHAAsMCggHBAoHCwOEAwUHBQcWAQQAAAEAAAABBgABAQAAngEBAAAQAUVCAQEAQQAAQQAAQQACAEEAAgBBAAIAQQACAEEAAgBBAAIAQQACAEEAAgBBAAIAQQACAEEAAgBBAAIAQQACAEEAAgBBAAADQYEBBL0BAH0BdxMyMDE3LTExLTI3VDExOjAyOjQydxdwcnplZHN6a29sZWR6aWVsbmV6dWNoeXcHcHVibGlzaH0DfQB3BmNsb3NlZHcGY2xvc2VkdwB5dwB3JDYxZjU1MGM5LTY3OTYtNDM5MC05YWQyLTMwYWEzNTcwODFhNHh34wI8ZGl2IGNsYXNzPSJ3cC1ibG9jay1tZWRpYS10ZXh0IGlzLXN0YWNrZWQtb24tbW9iaWxlIiBzdHlsZT0iZ3JpZC10ZW1wbGF0ZS1jb2x1bW5zOjI2JSBhdXRvIj48ZmlndXJlIGNsYXNzPSJ3cC1ibG9jay1tZWRpYS10ZXh0X19tZWRpYSI+PGltZyBzcmM9Imh0dHBzOi8vbWFsaXdvam93bmljeS5vcmcvd3AtY29udGVudC91cGxvYWRzLzIwMjYvMDMvNjg1OTk4NDlfMjY2Mjc3MzUzMzczMzEzOF8yOTM5MDYzMzgyMTI2MzYyNjI0X24uanBnIiBhbHQ9IiIgY2xhc3M9IndwLWltYWdlLTIwOTAgc2l6ZS1mdWxsIi8+PC9maWd1cmU+PGRpdiBjbGFzcz0id3AtYmxvY2stbWVkaWEtdGV4dF9fY29udGVudCI+PC9kaXY+PC9kaXY+dw9jb3JlL21lZGlhLXRleHR3BG5vbmV3AHcEbGVmdH2qIHdoaHR0cHM6Ly9tYWxpd29qb3duaWN5Lm9yZy93cC1jb250ZW50L3VwbG9hZHMvMjAyNi8wMy82ODU5OTg0OV8yNjYyNzczNTMzNzMzMTM4XzI5MzkwNjMzODIxMjYzNjI2MjRfbi5qcGd3gAFodHRwczovL21hbGl3b2pvd25pY3kub3JnL2luZGV4LnBocC93YXpuZS1kbGEtcm9kemljb3cvc3BlY2phbGlzY2ktdy1yZWdpb25pZS82ODU5OTg0OV8yNjYyNzczNTMzNzMzMTM4XzI5MzkwNjMzODIxMjYzNjI2MjRfbi0yL3cEbm9uZXcFaW1hZ2V9Gnh5dyQ3M2ZjODgzZi0yZWFlLTRlNDYtODAyNS1iMTA0NjM4NDM1NTB4dyo8ZGl2IGNsYXNzPSJ3cC1ibG9jay1idXR0b25zIj4KCgoKCgo8L2Rpdj53DGNvcmUvYnV0dG9uc3ckN2IzMjQzNjMtNzY5Yy00NDAxLWIyM2MtZmUwNjE3MTFhZmY3eHfRAjxkaXYgY2xhc3M9IndwLWJsb2NrLWJ1dHRvbiBpcy1zdHlsZS1maWxsIj48YSBjbGFzcz0id3AtYmxvY2stYnV0dG9uX19saW5rIGhhcy1iYWNrZ3JvdW5kIHdwLWVsZW1lbnQtYnV0dG9uIiBocmVmPSJodHRwczovL21hbGl3b2pvd25pY3kub3JnL2luZGV4LnBocC9lZHVrYWNqYWlvcGlla2EvcHJ6ZWRzemtvbGVkemllbG5lenVjaHkvcHJ6ZWRzemtvbGUtbmllcHVibGljem5lLWR6aWVsbmUtenVjaHktcG9kbWVudS0xLyIgc3R5bGU9ImJhY2tncm91bmQ6bGluZWFyLWdyYWRpZW50KDEzNWRlZyxyZ2IoMzYsNiwyMjkpIDAlLHJnYigxNTMsNjQsMjM3KSA0NyUpIj5PIG5hczwvYT48L2Rpdj53C2NvcmUvYnV0dG9udwFhdwZidXR0b253fWh0dHBzOi8vbWFsaXdvam93bmljeS5vcmcvaW5kZXgucGhwL2VkdWthY2phaW9waWVrYS9wcnplZHN6a29sZWR6aWVsbmV6dWNoeS9wcnplZHN6a29sZS1uaWVwdWJsaWN6bmUtZHppZWxuZS16dWNoeS1wb2RtZW51LTEvdw1pcy1zdHlsZS1maWxsdgEFY29sb3J2AQhncmFkaWVudHc8bGluZWFyLWdyYWRpZW50KDEzNWRlZyxyZ2IoMzYsNiwyMjkpIDAlLHJnYigxNTMsNjQsMjM3KSA0NyUpdyQ0MGM3MmFmOC02MTA4LTRjZGUtOTcyNy04YTk3ODA5NTE5NTZ4d9ECPGRpdiBjbGFzcz0id3AtYmxvY2stYnV0dG9uIGlzLXN0eWxlLWZpbGwiPjxhIGNsYXNzPSJ3cC1ibG9jay1idXR0b25fX2xpbmsgaGFzLWJhY2tncm91bmQgd3AtZWxlbWVudC1idXR0b24iIGhyZWY9Imh0dHBzOi8vbWFsaXdvam93bmljeS5vcmcvaW5kZXgucGhwL2VkdWthY2phaW9waWVrYS9wcnplZHN6a29sZWR6aWVsbmV6dWNoeS9wcnplZHN6a29sZS1uaWVwdWJsaWN6bmUtZHppZWxuZS16dWNoeS1wb2RtZW51LTIvIiBzdHlsZT0iYmFja2dyb3VuZDpsaW5lYXItZ3JhZGllbnQoMTM1ZGVnLHJnYigzNiw2LDIyOSkgMCUscmdiKDE1Myw2NCwyMzcpIDQ3JSkiPkthZHJhPC9hPjwvZGl2PncLY29yZS9idXR0b253AWF3BmJ1dHRvbnd9aHR0cHM6Ly9tYWxpd29qb3duaWN5Lm9yZy9pbmRleC5waHAvZWR1a2FjamFpb3BpZWthL3ByemVkc3prb2xlZHppZWxuZXp1Y2h5L3ByemVkc3prb2xlLW5pZXB1YmxpY3puZS1kemllbG5lLXp1Y2h5LXBvZG1lbnUtMi93DWlzLXN0eWxlLWZpbGx2AQVjb2xvcnYBCGdyYWRpZW50dzxsaW5lYXItZ3JhZGllbnQoMTM1ZGVnLHJnYigzNiw2LDIyOSkgMCUscmdiKDE1Myw2NCwyMzcpIDQ3JSl3JGUyZWFkYjE4LTVmODQtNGJiMy1iNTc3LWM2N2Q2Yjk5M2IyMHh32gI8ZGl2IGNsYXNzPSJ3cC1ibG9jay1idXR0b24gaXMtc3R5bGUtZmlsbCI+PGEgY2xhc3M9IndwLWJsb2NrLWJ1dHRvbl9fbGluayBoYXMtYmFja2dyb3VuZCB3cC1lbGVtZW50LWJ1dHRvbiIgaHJlZj0iaHR0cHM6Ly9tYWxpd29qb3duaWN5Lm9yZy9pbmRleC5waHAvZWR1a2FjamFpb3BpZWthL3ByemVkc3prb2xlZHppZWxuZXp1Y2h5L3ByemVkc3prb2xlLW5pZXB1YmxpY3puZS1kemllbG5lLXp1Y2h5LXBvZG1lbnUtMy8iIHN0eWxlPSJiYWNrZ3JvdW5kOmxpbmVhci1ncmFkaWVudCgxMzVkZWcscmdiKDM2LDYsMjI5KSAwJSxyZ2IoMTUzLDY0LDIzNykgNDclKSI+Rm9ybXkgd3NwYXJjaWE8L2E+PC9kaXY+dwtjb3JlL2J1dHRvbncBYXcGYnV0dG9ud31odHRwczovL21hbGl3b2pvd25pY3kub3JnL2luZGV4LnBocC9lZHVrYWNqYWlvcGlla2EvcHJ6ZWRzemtvbGVkemllbG5lenVjaHkvcHJ6ZWRzemtvbGUtbmllcHVibGljem5lLWR6aWVsbmUtenVjaHktcG9kbWVudS0zL3cNaXMtc3R5bGUtZmlsbHYBBWNvbG9ydgEIZ3JhZGllbnR3PGxpbmVhci1ncmFkaWVudCgxMzVkZWcscmdiKDM2LDYsMjI5KSAwJSxyZ2IoMTUzLDY0LDIzNykgNDclKXckYjM0OTcwMGMtZjQ0MS00OWRlLWEzNzUtNDc4MDliYTBjZWIweHfQAjxkaXYgY2xhc3M9IndwLWJsb2NrLWJ1dHRvbiBpcy1zdHlsZS1maWxsIj48YSBjbGFzcz0id3AtYmxvY2stYnV0dG9uX19saW5rIGhhcy1iYWNrZ3JvdW5kIHdwLWVsZW1lbnQtYnV0dG9uIiBocmVmPSJodHRwczovL21hbGl3b2pvd25pY3kub3JnL2luZGV4LnBocC9lZHVrYWNqYWlvcGlla2EvcHJ6ZWRzemtvbGVkemllbG5lenVjaHkvcHJ6ZWRzemtvbGUtbmllcHVibGljem5lLWR6aWVsbmUtenVjaHktcG9kbWVudS00LyIgc3R5bGU9ImJhY2tncm91bmQ6bGluZWFyLWdyYWRpZW50KDEzNWRlZyxyZ2IoMzYsNiwyMjkpIDAlLHJnYigxNTMsNjQsMjM3KSA0NyUpIj5XV1JEPC9hPjwvZGl2PncLY29yZS9idXR0b253AWF3BmJ1dHRvbnd9aHR0cHM6Ly9tYWxpd29qb3duaWN5Lm9yZy9pbmRleC5waHAvZWR1a2FjamFpb3BpZWthL3ByemVkc3prb2xlZHppZWxuZXp1Y2h5L3ByemVkc3prb2xlLW5pZXB1YmxpY3puZS1kemllbG5lLXp1Y2h5LXBvZG1lbnUtNC93DWlzLXN0eWxlLWZpbGx2AQVjb2xvcnYBCGdyYWRpZW50dzxsaW5lYXItZ3JhZGllbnQoMTM1ZGVnLHJnYigzNiw2LDIyOSkgMCUscmdiKDE1Myw2NCwyMzcpIDQ3JSl3JDdmNTNjNGNlLTM1ZjktNGExYi04OGQ4LWYzOGU4NmMzZTNlNXh30QQ8cCBjbGFzcz0iaGFzLWN1c3RvbS1jc3MiPk5pZXB1YmxpY3puZSBQcnplZHN6a29sZSBEemllbG5lIFp1Y2h5IE1pZWpzY2UsIHcga3TDs3J5bSByb3p3w7NqIHNwb3R5a2Egc2nEmSB6IHV3YcW8bm\/Fm2NpxIUuIFdpZXJ6eW15LCDFvGUga2HFvGRlIGR6aWVja28gemFzxYJ1Z3VqZSBuYSBwcnplc3RyemXFhCwgdyBrdMOzcmVqIG1vxbxlIHJvendpamHEhyBzacSZIHdlIHfFgmFzbnltIHRlbXBpZSwgY3p1xIcgc2nEmSBiZXpwaWVjem5pZSBpIGJ5xIcgdyBwZcWCbmkgYWtjZXB0b3dhbmUuIFR3b3J6eW15IGthbWVyYWxuZSwgc3RhcmFubmllIHphcHJvamVrdG93YW5lIMWbcm9kb3dpc2tvIGVkdWthY3lqbmUsIG9wYXJ0ZSBuYSBtZXRvZHppZSBNb250ZXNzb3JpIG9yYXogemHFgm\/FvGVuaWFjaCBlZHVrYWNqaSB3xYLEhWN6YWrEhWNlai4gxYHEhWN6eW15IHByb2Zlc2pvbmFsaXptIHogZW1wYXRpxIUsIG9kcG93aWFkYWrEhWMgbmEgaW5keXdpZHVhbG5lIHBvdHJ6ZWJ5IGthxbxkZWdvIGR6aWVja2Eg4oCTIHphcsOzd25vIG5ldXJvdHlwb3dlZ28sIGphayBpIHplIHNwZWNqYWxueW1pIHBvdHJ6ZWJhbWkgcm96d29qb3d5bWkuPC9wPncOY29yZS9wYXJhZ3JhcGh5dgEDY3Nzdx0gewogICAgdGV4dC1hbGlnbjoganVzdGlmeTsKfXckM2Q1YjU4MjAtZWNiNi00ZDFiLWE0MTYtMWNmYWRkYmNlYzc4eHcHPHA+PC9wPncOY29yZS9wYXJhZ3JhcGh5dyQyYjUzMDI1NS0wMjVkLTRlNDgtYjllMS1kNzM0MGJiNDk1ZjN4d8kCPHAgY2xhc3M9Imhhcy1jdXN0b20tY3NzIj48c3Ryb25nPsWad2lhZG9teSByb3p3w7NqIG9kIHBpZXJ3c3p5Y2ggbGF0IDxicj48L3N0cm9uZz5XIG5hc3p5bSBwcnplZHN6a29sdSBkemllY2k6IHVjesSFIHNpxJkgcG9wcnpleiBkb8Wbd2lhZGN6ZW5pZSBpIGR6aWHFgmFuaWUgcm96d2lqYWrEhSBzYW1vZHppZWxub8WbxIcsIGtvbmNlbnRyYWNqxJkgaSBwb2N6dWNpZSBzcHJhd2N6b8WbY2kgYnVkdWrEhSByZWxhY2plIG9wYXJ0ZSBuYSBzemFjdW5rdSBpIHpyb3p1bWllbml1IG9ka3J5d2FqxIUgxZt3aWF0IHcgYXRtb3NmZXJ6ZSBzcG9rb2p1IGkgYWtjZXB0YWNqaTwvcD53DmNvcmUvcGFyYWdyYXBoeXYBA2Nzc3cdIHsKICAgIHRleHQtYWxpZ246IGp1c3RpZnk7Cn13JGFkNTNhYThlLThkNmItNGYxZi04OGIxLWIxZjU4YWZmYTAyZnh3BzxwPjwvcD53DmNvcmUvcGFyYWdyYXBoeXckMDRkNGY4ZDQtNTY4Ni00Nzg0LTk5ZDAtN2UxYzljOTc0MWU2eHe5AjxwIGNsYXNzPSJoYXMtY3VzdG9tLWNzcyI+PHN0cm9uZz5JbmR5d2lkdWFsbmUgcG9kZWrFm2NpZSwgd3lrd2FsaWZpa293YW5hIGthZHJhLCByZWFsbmUgd3NwYXJjaWU8YnI+PC9zdHJvbmc+WmFwZXduaWFteTogLSBtYcWCZSBncnVweSBzcHJ6eWphasSFY2UgdXdhxbxuZWogcHJhY3kgeiBkemllY2tpZW0gLSB3eWt3YWxpZmlrb3dhbsSFIGthZHLEmSBzcGVjamFsaXN0w7N3IC0gcGXFgm5lIHdzcGFyY2llIGRsYSBkemllY2kgeiB3eXp3YW5pYW1pIHJvendvam93eW1pIC0gcGFydG5lcnNrxIUgd3Nww7PFgnByYWPEmSB6IHJvZHppY2FtaTwvcD53DmNvcmUvcGFyYWdyYXBoeXYBA2Nzc3cdIHsKICAgIHRleHQtYWxpZ246IGp1c3RpZnk7Cn13JDI1NDVmNmIwLTlmYjEtNDNiYy04MGUyLTkzMDFiNTY4NzE3NXh37AE8cCBjbGFzcz0iaGFzLWN1c3RvbS1jc3MiPjxzdHJvbmc+V2nEmWNlaiBuacW8IHByemVkc3prb2xlPGJyPjwvc3Ryb25nPlRvIG1pZWpzY2UsIHcga3TDs3J5bSBkemllY2tvOiAtIGplc3Qgd2lkemlhbmUgaSByb3p1bWlhbmUgLSByb3p3aWphIHN3b2plIG1vY25lIHN0cm9ueSAtIHVjenkgc2nEmSBzYW1vZHppZWxub8WbY2kgaSBvZHdhZ2kgLSB3enJhc3RhIHcgcG9jenVjaXUgYmV6cGllY3plxYRzdHdhPC9wPncOY29yZS9wYXJhZ3JhcGh5dgEDY3Nzdx0gewogICAgdGV4dC1hbGlnbjoganVzdGlmeTsKfXckMzhmYjFmNjQtOGE3My00NWNmLWI4ZDMtZDNjMTI2MjI4NDY3eHcHPHA+PC9wPncOY29yZS9wYXJhZ3JhcGh5dyQyNzJiNWU1MS0yZjllLTQxMGQtOTM4My0xZDk1NjhhMzA3YjN4dwc8cD48L3A+dw5jb3JlL3BhcmFncmFwaHl3JDMyZWVhZmYyLWM0MTQtNDAzZi04NGY4LTA4MTU1NjY5ZjhhYnh3iAE8cD48c3Ryb25nPjxlbT5CaWHFgnlzdG9rLCB1bC4gTWlja2lld2ljemEgNTAgWmFwaXN6IHN3b2plIGR6aWVja28gZG8gbWllanNjYSwga3TDs3JlIG5hcHJhd2TEmSByb3p1bWllIGplZ28gcG90cnplYnkuPC9lbT48L3N0cm9uZz48L3A+dw5jb3JlL3BhcmFncmFwaHkWAHckNzRmMDI0YjEtMjhjZC00NzIwLWE4MjktYzc4OWQ5ZmI3NzQxeHcOY29yZS9wYXJhZ3JhcGh5dyQzYWEwODMzYS0xODFmLTRiZTItYWNhMy1hZjhlZTEzMDU1MGR3EWNvcmUvc29jaWFsLWxpbmtzeXl3JDFlYWZiMzA3LTg5OTQtNDhlZC05MjJiLTljOTQ3OGE0MWY4Ynh3EGNvcmUvc29jaWFsLWxpbmt3CGZhY2Vib29rdzBodHRwczovL3d3dy5mYWNlYm9vay5jb20vcHJ6ZWRzemtvbGVkemllbG5lenVjaHkBAAEAA8DF3fsJBAAAAQABAAEBwvDn0gcBAACR39\/AAwEAAA==\",\"updateId\":736564198}","_kadence_starter_templates_imported_post":false,"footnotes":""},"class_list":["post-75","page","type-page","status-publish","hentry"],"_links":{"self":[{"href":"https:\/\/maliwojownicy.org\/index.php\/wp-json\/wp\/v2\/pages\/75","targetHints":{"allow":["GET"]}}],"collection":[{"href":"https:\/\/maliwojownicy.org\/index.php\/wp-json\/wp\/v2\/pages"}],"about":[{"href":"https:\/\/maliwojownicy.org\/index.php\/wp-json\/wp\/v2\/types\/page"}],"author":[{"embeddable":true,"href":"https:\/\/maliwojownicy.org\/index.php\/wp-json\/wp\/v2\/users\/3"}],"replies":[{"embeddable":true,"href":"https:\/\/maliwojownicy.org\/index.php\/wp-json\/wp\/v2\/comments?post=75"}],"version-history":[{"count":7,"href":"https:\/\/maliwojownicy.org\/index.php\/wp-json\/wp\/v2\/pages\/75\/revisions"}],"predecessor-version":[{"id":2481,"href":"https:\/\/maliwojownicy.org\/index.php\/wp-json\/wp\/v2\/pages\/75\/revisions\/2481"}],"wp:attachment":[{"href":"https:\/\/maliwojownicy.org\/index.php\/wp-json\/wp\/v2\/media?parent=75"}],"curies":[{"name":"wp","href":"https:\/\/api.w.org\/{rel}","templated":true}]}}