{"id":690,"date":"2020-05-09T10:54:13","date_gmt":"2020-05-09T10:54:13","guid":{"rendered":"http:\/\/maliwojownicy.org\/?page_id=690"},"modified":"2026-03-26T11:11:25","modified_gmt":"2026-03-26T10:11:25","slug":"onas","status":"publish","type":"page","link":"https:\/\/maliwojownicy.org\/index.php\/zlobekwesolesloneczka\/onas\/","title":{"rendered":"O nas"},"content":{"rendered":"\n<h2 class=\"wp-block-heading is-style-text-display has-text-color has-link-color wp-elements-c948a41d586ece8b7640caffce134523 is-style-text-display--1\" style=\"color:#bd8aff\"><strong>O nas<\/strong><\/h2>\n\n\n\n<p class=\"wp-block-paragraph\"><span style=\"font-size: 14pt;\">\u017b\u0142obek dzia\u0142a od&nbsp; wrze\u015bnia 2021 r. w Bia\u0142ymstoku przy ul. Mickiewicza 50<\/span><\/p>\n\n\n\n<p class=\"wp-block-paragraph\"><span style=\"font-size: 14pt;\">\u017b\u0142obek prowadzony jest i wyposa\u017cony w duchu metody Montessori. Korzystamy z w\u0142asnej kuchni oraz placu zabaw na miejscu<\/span><\/p>\n\n\n\n<p class=\"wp-block-paragraph\"><\/p>\n\n\n\n<p class=\"wp-block-paragraph\"><span style=\"font-size: 14pt;\">Dzieci przebywaj\u0105ce w \u017c\u0142obku mog\u0105 realizowa\u0107 wczesne wspomaganie rozwoju w ramach dzia\u0142ania Przedszkola Niepublicznego Dzielne Zuchy mieszcz\u0105cego si\u0119 w tym samym budynku.<\/span><\/p>\n\n\n\n<p class=\"wp-block-paragraph\"><\/p>\n\n\n\n<p class=\"wp-block-paragraph\" style=\"font-style:normal;font-weight:400\"><strong>Koszty: <\/strong><\/p>\n\n\n\n<ul class=\"wp-block-list\">\n<li>jednorazowe wpisowe w wysoko\u015bci 500 z\u0142 (przed przyj\u0119ciem dziecka do \u017b\u0142obka)<\/li>\n\n\n\n<li>comiesi\u0119czne czesne ustalane wg nast\u0119puj\u0105cych zasad (na podstawie dokument\u00f3w):<br>czesne \u2013 1700 z\u0142<br>op\u0142ata za wy\u017cywienie \u2013 17 z\u0142 za dzie\u0144 (\u201ewsad do kot\u0142a\u201d i przygotowanie)<br><\/li>\n<\/ul>\n\n\n\n<p class=\"wp-block-paragraph\">W przypadku nieobecno\u015bci Dziecka w \u017b\u0142obku cze\u015b\u0107 stawki \u017cywieniowej (\u201ewsad do kot\u0142a\u201d &#8211; 15 z\u0142)<br>odliczana b\u0119dzie od drugiego dnia nieobecno\u015bci dziecka. Kota b\u0119dzie pomniejsza\u0142a op\u0142at\u0119 w nast\u0119pnym<br>miesi\u0105cu.<\/p>\n\n\n\n<p class=\"wp-block-paragraph\"><span style=\"font-size: 14pt;\">W \u017c\u0142obku mo\u017cliwe jest korzystanie z dop\u0142aty z tytu\u0142u nale\u017cnego \u015bwiadczenia ZUS w wysoko\u015bci 1500 z\u0142 dla os\u00f3b uprawnionych do korzystania z niego<\/span><\/p>\n\n\n\n<p class=\"wp-block-paragraph\"><\/p>\n\n\n\n<p class=\"wp-block-paragraph\" style=\"font-style:normal;font-weight:400\"><span style=\"font-size: 14pt;\"><b><strong>Adaptacja<\/strong><\/b><\/span><\/p>\n\n\n\n<p class=\"wp-block-paragraph\"><span style=\"font-size: 14pt;\">W naszym \u017c\u0142obku adaptacja trwa 2 tygodnie w\u00f3wczas dziecko przychodzi po 2 godziny dziennie (najcz\u0119\u015bciej 8:30 &#8211; 10:30). W pierwszym tygodniu rodzic jest z dzieckiem w sali (siedzi na krzese\u0142ku w wyznaczonym miejscu aby by\u0107 dost\u0119pnym dla dziecka). W drugim tygodniu dziecko zostaje w sali a rodzic czeka w szatni.<\/span><\/p>\n\n\n\n<p class=\"wp-block-paragraph\"><span style=\"font-size: 14pt;\">Dwu tygodniowy okres adaptacji wi\u0105\u017ce si\u0119 z op\u0142at\u0105 375 z\u0142 plus wy\u017cywienie (8,5 z\u0142 &#8211; je\u015bli dziecko jest na dw\u00f3ch posi\u0142kach, 17 z\u0142 &#8211; je\u015bli jest na wi\u0119kszej ilo\u015bci posi\u0142k\u00f3w)<\/span><\/p>\n\n\n\n<p class=\"wp-block-paragraph\"><\/p>\n\n\n\n<p class=\"wp-block-paragraph\" style=\"font-style:normal;font-weight:400\"><span style=\"font-size: 14pt;\"><strong>Zaj\u0119cia dodatkowe<\/strong><\/span><\/p>\n\n\n\n<p class=\"wp-block-paragraph\"><span style=\"font-size: 14pt;\">Pracujemy g\u0142\u00f3wnie wg pedagogiki Marii Montessori, kt\u00f3ra zak\u0142ada pod\u0105\u017canie za dzieckiem, jego ciekawo\u015bci\u0105 i rozwojem. Skupiamy si\u0119 na nauce samodzielno\u015bci, kontakcie z przyrod\u0105 (co najmniej raz dziennie, a w sezonie wiosenno &#8211; letnim dwa razy dziennie wychodzimy na podw\u00f3rko). Zaj\u0119cia prowadz\u0105 g\u0142\u00f3wnie panie opiekunki, wykorzystuj\u0105c du\u017co element\u00f3w \u015bpiewu i ruchu. Dziecko do 3 roku \u017cycia powinno g\u0142\u00f3wnie rozwija\u0107 si\u0119&nbsp; poprzez stymulacj\u0119 du\u017cej motoryki, ale \u0107wiczymy r\u00f3wnie\u017c t\u0119 ma\u0142\u0105. Zaj\u0119cia dodatkowe, kt\u00f3re si\u0119 odbywaj\u0105 maj\u0105 na celu poszerzenie ciekawo\u015bci i otwarto\u015bci dzieci <strong>(j\u0119zyk angielski<\/strong>) oraz poznanie naszej Pani logopedy (<strong>logorytmika<\/strong>), kt\u00f3ra zwraca na prawid\u0142owy rozw\u00f3j mowy dzieci oraz przeprowadza badania przesiewowe w tym kierunku (za zgod\u0105 rodzic\u00f3w).&nbsp;<\/span><\/p>\n\n\n\n<p class=\"wp-block-paragraph\"><\/p>\n\n\n\n<p class=\"wp-block-paragraph\" style=\"font-style:normal;font-weight:400\"><span style=\"font-size: 14pt;\"><strong>Wyprawka<\/strong><\/span><\/p>\n\n\n\n<p class=\"wp-block-paragraph\"><span style=\"font-size: 14pt;\">Dziecko w naszej plac\u00f3wce powinno posiada\u0107 w\u0142asne:<\/span><\/p>\n\n\n\n<ul class=\"wp-block-list\">\n<li><span style=\"font-size: 14pt;\">po\u015bciel\/ \u015bpiworek do spania<\/span><\/li>\n\n\n\n<li><span style=\"font-size: 14pt;\">zestaw pieluszek, chusteczek nawil\u017canych (je\u015bli jeszcze korzysta)<\/span><\/li>\n\n\n\n<li><span style=\"font-size: 14pt;\">zestaw ubranek na przebranie<\/span><\/li>\n\n\n\n<li><span style=\"font-size: 14pt;\">ubranie umo\u017cliwiaj\u0105ce wyj\u015bcie na podw\u00f3rko nawet po deszczu<\/span><\/li>\n\n\n\n<li><span style=\"font-size: 14pt;\">bidon lub zamykany kubek, z kt\u00f3rego dziecko b\u0119dzie mog\u0142o korzysta\u0107 na podw\u00f3rku<\/span><\/li>\n<\/ul>\n\n\n\n<p class=\"wp-block-paragraph\"><span style=\"font-size: 14pt;\">Pozosta\u0142e rzeczy zapewniamy w ramach wpisowego<\/span><\/p>\n\n\n\n<p class=\"wp-block-paragraph\"><\/p>\n\n\n\n<p class=\"wp-block-paragraph\" style=\"font-style:normal;font-weight:400\"><strong>Kontakt<\/strong><\/p>\n\n\n\n<p class=\"wp-block-paragraph\"><span style=\"font-size: 14pt;\">fundacjamalimaliwojownicy@gmail.com<\/span><\/p>\n\n\n\n<p class=\"wp-block-paragraph\"><span style=\"font-size: 14pt;\">tel.&nbsp;729916232<\/span><\/p>\n","protected":false},"excerpt":{"rendered":"<p>O nas \u017b\u0142obek dzia\u0142a od&nbsp; wrze\u015bnia 2021 r. w Bia\u0142ymstoku przy ul. Mickiewicza 50 \u017b\u0142obek prowadzony jest i wyposa\u017cony w duchu metody Montessori. Korzystamy z w\u0142asnej kuchni oraz placu zabaw na miejscu Dzieci przebywaj\u0105ce w \u017c\u0142obku mog\u0105 realizowa\u0107 wczesne wspomaganie rozwoju w ramach dzia\u0142ania Przedszkola Niepublicznego Dzielne Zuchy mieszcz\u0105cego si\u0119 w tym samym budynku. Koszty: [&hellip;]<\/p>\n","protected":false},"author":3,"featured_media":0,"parent":131,"menu_order":0,"comment_status":"closed","ping_status":"closed","template":"","meta":{"_crdt_document":"","_kadence_starter_templates_imported_post":false,"footnotes":""},"class_list":["post-690","page","type-page","status-publish","hentry"],"_links":{"self":[{"href":"https:\/\/maliwojownicy.org\/index.php\/wp-json\/wp\/v2\/pages\/690","targetHints":{"allow":["GET"]}}],"collection":[{"href":"https:\/\/maliwojownicy.org\/index.php\/wp-json\/wp\/v2\/pages"}],"about":[{"href":"https:\/\/maliwojownicy.org\/index.php\/wp-json\/wp\/v2\/types\/page"}],"author":[{"embeddable":true,"href":"https:\/\/maliwojownicy.org\/index.php\/wp-json\/wp\/v2\/users\/3"}],"replies":[{"embeddable":true,"href":"https:\/\/maliwojownicy.org\/index.php\/wp-json\/wp\/v2\/comments?post=690"}],"version-history":[{"count":1,"href":"https:\/\/maliwojownicy.org\/index.php\/wp-json\/wp\/v2\/pages\/690\/revisions"}],"predecessor-version":[{"id":2281,"href":"https:\/\/maliwojownicy.org\/index.php\/wp-json\/wp\/v2\/pages\/690\/revisions\/2281"}],"up":[{"embeddable":true,"href":"https:\/\/maliwojownicy.org\/index.php\/wp-json\/wp\/v2\/pages\/131"}],"wp:attachment":[{"href":"https:\/\/maliwojownicy.org\/index.php\/wp-json\/wp\/v2\/media?parent=690"}],"curies":[{"name":"wp","href":"https:\/\/api.w.org\/{rel}","templated":true}]}}