{"id":684,"date":"2020-05-09T10:49:50","date_gmt":"2020-05-09T10:49:50","guid":{"rendered":"http:\/\/maliwojownicy.org\/?page_id=684"},"modified":"2026-03-26T11:13:44","modified_gmt":"2026-03-26T10:13:44","slug":"przedszkole-niepubliczne-dzielne-zuchy-podmenu-4","status":"publish","type":"page","link":"https:\/\/maliwojownicy.org\/index.php\/przedszkoledzielnezuchy\/przedszkole-niepubliczne-dzielne-zuchy-podmenu-4\/","title":{"rendered":"Wczesne Wspomaganie Rozwoju Dziecka"},"content":{"rendered":"\n<h2 class=\"wp-block-heading has-text-color has-link-color wp-elements-e498806e9b4c4c261fa0d4085f79c1d0\" style=\"color:#9918fb\"><strong>Wczesne Wspomaganie Rozwoju Dziecka<\/strong><\/h2>\n\n\n\n<figure class=\"wp-block-image alignright size-large is-resized\"><img loading=\"lazy\" decoding=\"async\" width=\"724\" height=\"1024\" src=\"https:\/\/maliwojownicy.org\/wp-content\/uploads\/2021\/04\/20210401_141413_0000-2-724x1024.png\" alt=\"\" class=\"wp-image-1111\" style=\"aspect-ratio:0.7070501053776599;width:319px;height:auto\" srcset=\"https:\/\/maliwojownicy.org\/wp-content\/uploads\/2021\/04\/20210401_141413_0000-2-724x1024.png 724w, https:\/\/maliwojownicy.org\/wp-content\/uploads\/2021\/04\/20210401_141413_0000-2-212x300.png 212w, https:\/\/maliwojownicy.org\/wp-content\/uploads\/2021\/04\/20210401_141413_0000-2-768x1086.png 768w, https:\/\/maliwojownicy.org\/wp-content\/uploads\/2021\/04\/20210401_141413_0000-2-1086x1536.png 1086w, https:\/\/maliwojownicy.org\/wp-content\/uploads\/2021\/04\/20210401_141413_0000-2-1448x2048.png 1448w, https:\/\/maliwojownicy.org\/wp-content\/uploads\/2021\/04\/20210401_141413_0000-2-600x849.png 600w, https:\/\/maliwojownicy.org\/wp-content\/uploads\/2021\/04\/20210401_141413_0000-2.png 1587w\" sizes=\"auto, (max-width: 724px) 100vw, 724px\" \/><\/figure>\n\n\n\n<p class=\"has-custom-css wp-custom-css-921ae06f wp-block-paragraph\" style=\"font-size:clamp(15.747px, 0.984rem + ((1vw - 3.2px) * 0.514), 24px);px\">W naszym <strong>Przedszkolu Wczesne Wspomaganie Rozwoju Dziecka<\/strong> realizuj\u0105 zar\u00f3wno nasi wychowankowie jak i inne dzieci posiadaj\u0105 opini\u0119 o potrzebie WWRD, kt\u00f3re zg\u0142osz\u0105 si\u0119 do naszej plac\u00f3wki.<\/p>\n\n\n\n<p class=\"has-custom-css wp-custom-css-5b0aa812 wp-block-paragraph\" style=\"font-size:clamp(15.747px, 0.984rem + ((1vw - 3.2px) * 0.514), 24px);px\">WWRD to <strong>od 4 do 8 godzin<\/strong> zaj\u0119\u0107 terapeutycznych, wskazanych na podstawie dokumentacji i wywiadu z rodzicem.<\/p>\n\n\n\n<p class=\"wp-block-paragraph\"><\/p>\n\n\n\n<p class=\"wp-block-paragraph\"><\/p>\n\n\n\n<p class=\"wp-block-paragraph\" style=\"margin-top:var(--wp--preset--spacing--40);margin-right:0;margin-bottom:var(--wp--preset--spacing--40);margin-left:0;font-size:clamp(15.747px, 0.984rem + ((1vw - 3.2px) * 0.514), 24px);px\"><strong>W naszej ofercie znajduj\u0105 si\u0119 m.in.:<\/strong><\/p>\n\n\n\n<p class=\"has-custom-css wp-custom-css-b90deaa0 wp-block-paragraph\" style=\"font-size:clamp(15.747px, 0.984rem + ((1vw - 3.2px) * 0.514), 24px);px\">* <em>zaj\u0119cia indywidualne<\/em> &#8211; terapia integracji sensorycznej, terapia logopedyczna, terapia neurologopedyczna, terapia karmienia, komunikacja alternatywna i wspomagaj\u0105ca, zaj\u0119cia z psychologiem, zaj\u0119cia z pedagogiem, rehabilitacja, terapia r\u0119ki, terapia <br>wg pedagogiki Montessori, terapia taktylna, terapia w wodzie <br>wg koncepcji Hallwick oraz Watsu, masa\u017c terapeutyczny<\/p>\n\n\n\n<p class=\"has-custom-css wp-custom-css-cec6c485 wp-block-paragraph\" style=\"font-size:clamp(15.747px, 0.984rem + ((1vw - 3.2px) * 0.514), 24px);px\">* <em>zaj\u0119cia grupowe<\/em> &#8211; Trening Umiej\u0119tno\u015bci Spo\u0142ecznych, Metoda Ruchu Rozwijaj\u0105cego W. Sherborn, logorytmika, zaj\u0119cia polisensoryczne, terapia w wodzie wg koncepcji Hallwick (zaj\u0119cia z rodzicami).<\/p>\n\n\n\n<p class=\"wp-block-paragraph\"><\/p>\n\n\n\n<p class=\"wp-block-paragraph\"><\/p>\n\n\n\n<p class=\"wp-block-paragraph\" style=\"margin-top:var(--wp--preset--spacing--40);margin-bottom:var(--wp--preset--spacing--40);font-size:clamp(15.747px, 0.984rem + ((1vw - 3.2px) * 0.514), 24px);px\"><strong>Osoby zainteresowane<\/strong> realizacj\u0105 WWRD w naszej plac\u00f3wce zach\u0119camy do kontaktu tel. 729 916 232. <br>A nast\u0119pnie przes\u0142anie potrzebnej dokumentacji (zg\u0142oszenie oraz kopia opinii i potrzebie WWRD) <br>na adres: <strong> <a href=\"mailto:fundacjamaliwojownicy@gmail.com\" target=\"_blank\" rel=\"noreferrer noopener\">fundacjamaliwojownicy@gmail.com<\/a><\/strong><\/p>\n\n\n\n<p class=\"wp-block-paragraph\" style=\"font-size:clamp(15.747px, 0.984rem + ((1vw - 3.2px) * 0.514), 24px);px;font-style:normal;font-weight:500\"><\/p>\n\n\n","protected":false},"excerpt":{"rendered":"<p>Wczesne Wspomaganie Rozwoju Dziecka W naszym Przedszkolu Wczesne Wspomaganie Rozwoju Dziecka realizuj\u0105 zar\u00f3wno nasi wychowankowie jak i inne dzieci posiadaj\u0105 opini\u0119 o potrzebie WWRD, kt\u00f3re zg\u0142osz\u0105 si\u0119 do naszej plac\u00f3wki. WWRD to od 4 do 8 godzin zaj\u0119\u0107 terapeutycznych, wskazanych na podstawie dokumentacji i wywiadu z rodzicem. W naszej ofercie znajduj\u0105 si\u0119 m.in.: * zaj\u0119cia [&hellip;]<\/p>\n","protected":false},"author":3,"featured_media":1111,"parent":75,"menu_order":3,"comment_status":"closed","ping_status":"closed","template":"","meta":{"_crdt_document":"","_kadence_starter_templates_imported_post":false,"footnotes":""},"class_list":["post-684","page","type-page","status-publish","has-post-thumbnail","hentry"],"_links":{"self":[{"href":"https:\/\/maliwojownicy.org\/index.php\/wp-json\/wp\/v2\/pages\/684","targetHints":{"allow":["GET"]}}],"collection":[{"href":"https:\/\/maliwojownicy.org\/index.php\/wp-json\/wp\/v2\/pages"}],"about":[{"href":"https:\/\/maliwojownicy.org\/index.php\/wp-json\/wp\/v2\/types\/page"}],"author":[{"embeddable":true,"href":"https:\/\/maliwojownicy.org\/index.php\/wp-json\/wp\/v2\/users\/3"}],"replies":[{"embeddable":true,"href":"https:\/\/maliwojownicy.org\/index.php\/wp-json\/wp\/v2\/comments?post=684"}],"version-history":[{"count":4,"href":"https:\/\/maliwojownicy.org\/index.php\/wp-json\/wp\/v2\/pages\/684\/revisions"}],"predecessor-version":[{"id":2282,"href":"https:\/\/maliwojownicy.org\/index.php\/wp-json\/wp\/v2\/pages\/684\/revisions\/2282"}],"up":[{"embeddable":true,"href":"https:\/\/maliwojownicy.org\/index.php\/wp-json\/wp\/v2\/pages\/75"}],"wp:featuredmedia":[{"embeddable":true,"href":"https:\/\/maliwojownicy.org\/index.php\/wp-json\/wp\/v2\/media\/1111"}],"wp:attachment":[{"href":"https:\/\/maliwojownicy.org\/index.php\/wp-json\/wp\/v2\/media?parent=684"}],"curies":[{"name":"wp","href":"https:\/\/api.w.org\/{rel}","templated":true}]}}