{"id":682,"date":"2020-05-09T10:49:34","date_gmt":"2020-05-09T10:49:34","guid":{"rendered":"http:\/\/maliwojownicy.org\/?page_id=682"},"modified":"2026-03-31T08:21:05","modified_gmt":"2026-03-31T06:21:05","slug":"przedszkole-niepubliczne-dzielne-zuchy-podmenu-3","status":"publish","type":"page","link":"https:\/\/maliwojownicy.org\/index.php\/przedszkoledzielnezuchy\/przedszkole-niepubliczne-dzielne-zuchy-podmenu-3\/","title":{"rendered":"Formy wsparcia naszych wychowank\u00f3w"},"content":{"rendered":"\n<h2 class=\"wp-block-heading has-text-color has-link-color wp-elements-4d311ff8e97418ebc1c716e2cf53a15d\" style=\"color:#a057ff\"><strong>Formy wsparcia naszych wychowank\u00f3w<\/strong><\/h2>\n\n\n\n<p class=\"wp-block-paragraph\"><span style=\"font-size: 14pt;\">Dzieci, kt\u00f3re tego wymagaj\u0105 realizuj\u0105 w naszym przedszkolu kszta\u0142cenie specjalne oraz wczesne wspomaganie rozwoju dziecka. <\/span><br><span style=\"font-size: 14pt;\">Realizujemy r\u00f3wnie\u017c pomoc psychologiczno-pedagogiczn\u0105 dla dzieci z trudno\u015bciami oraz uzdolnieniami.<\/span><\/p>\n\n\n\n<p class=\"wp-block-paragraph\" style=\"font-style:normal;font-weight:400\"><span style=\"font-size: 14pt;\"><strong>W ramach powy\u017cszych dzieci korzystaj\u0105 z zaj\u0119\u0107 (wskazanych wg potrzeb):<\/strong><\/span><\/p>\n\n\n\n<ul class=\"wp-block-list\">\n<li><span style=\"font-size: 14pt;\">terapii integracji sensorycznej<\/span><\/li>\n\n\n\n<li><span style=\"font-size: 14pt;\">terapii logopedycznej\/ neurologopedycznej<\/span><\/li>\n\n\n\n<li><span style=\"font-size: 14pt;\">terapii w wodzie wg koncepcji Halliwck (indywidualne i grupowe)<\/span><\/li>\n\n\n\n<li><span style=\"font-size: 14pt;\">terapii psychologicznej<\/span><\/li>\n\n\n\n<li><span style=\"font-size: 14pt;\">zaj\u0119\u0107 z pedagogiem, terapii pedagogicznej<\/span><\/li>\n\n\n\n<li><span style=\"font-size: 14pt;\">terapii r\u0119ki<\/span><\/li>\n\n\n\n<li><span style=\"font-size: 14pt;\">rehabilitacji ruchowej<\/span><\/li>\n\n\n\n<li><span style=\"font-size: 14pt;\">masa\u017cu terapeutycznego<\/span><\/li>\n\n\n\n<li><span style=\"font-size: 14pt;\">zaj\u0119\u0107 Ruchu Rozwijaj\u0105cego Weroniki Sherborn<\/span><\/li>\n\n\n\n<li><span style=\"font-size: 14pt;\">treningu umiej\u0119tno\u015bci spo\u0142ecznych<\/span><\/li>\n\n\n\n<li><span style=\"font-size: 14pt;\">logorytmiki<\/span><\/li>\n\n\n\n<li><span style=\"font-size: 14pt;\">dogoterapii<\/span><\/li>\n\n\n\n<li>terapi\u0119 neurotaktylna z odruchami<\/li>\n\n\n\n<li>terapi\u0119 empathy dolls<\/li>\n<\/ul>\n\n\n\n<p class=\"wp-block-paragraph\">&nbsp;<\/p>\n\n\n\n<p class=\"wp-block-paragraph\" style=\"font-style:normal;font-weight:400\"><span style=\"font-size: 14pt;\"><strong>Prowadzimy r\u00f3wnie\u017c zaj\u0119cia wdra\u017caj\u0105ce do samodzielno\u015bci i rozwijaj\u0105ce ciekawo\u015b\u0107 dzieci:<\/strong><\/span><\/p>\n\n\n\n<ul class=\"wp-block-list\">\n<li><span style=\"font-size: 14pt;\">zaj\u0119cia badawcze<\/span><\/li>\n\n\n\n<li><span style=\"font-size: 14pt;\">zaj\u0119cia kulinarne<\/span><\/li>\n\n\n\n<li><span style=\"font-size: 14pt;\">kodowanie<\/span><\/li>\n<\/ul>\n","protected":false},"excerpt":{"rendered":"<p>Formy wsparcia naszych wychowank\u00f3w Dzieci, kt\u00f3re tego wymagaj\u0105 realizuj\u0105 w naszym przedszkolu kszta\u0142cenie specjalne oraz wczesne wspomaganie rozwoju dziecka. Realizujemy r\u00f3wnie\u017c pomoc psychologiczno-pedagogiczn\u0105 dla dzieci z trudno\u015bciami oraz uzdolnieniami. W ramach powy\u017cszych dzieci korzystaj\u0105 z zaj\u0119\u0107 (wskazanych wg potrzeb): &nbsp; Prowadzimy r\u00f3wnie\u017c zaj\u0119cia wdra\u017caj\u0105ce do samodzielno\u015bci i rozwijaj\u0105ce ciekawo\u015b\u0107 dzieci:<\/p>\n","protected":false},"author":3,"featured_media":0,"parent":75,"menu_order":2,"comment_status":"closed","ping_status":"closed","template":"","meta":{"_crdt_document":"","_kadence_starter_templates_imported_post":false,"footnotes":""},"class_list":["post-682","page","type-page","status-publish","hentry"],"_links":{"self":[{"href":"https:\/\/maliwojownicy.org\/index.php\/wp-json\/wp\/v2\/pages\/682","targetHints":{"allow":["GET"]}}],"collection":[{"href":"https:\/\/maliwojownicy.org\/index.php\/wp-json\/wp\/v2\/pages"}],"about":[{"href":"https:\/\/maliwojownicy.org\/index.php\/wp-json\/wp\/v2\/types\/page"}],"author":[{"embeddable":true,"href":"https:\/\/maliwojownicy.org\/index.php\/wp-json\/wp\/v2\/users\/3"}],"replies":[{"embeddable":true,"href":"https:\/\/maliwojownicy.org\/index.php\/wp-json\/wp\/v2\/comments?post=682"}],"version-history":[{"count":3,"href":"https:\/\/maliwojownicy.org\/index.php\/wp-json\/wp\/v2\/pages\/682\/revisions"}],"predecessor-version":[{"id":2348,"href":"https:\/\/maliwojownicy.org\/index.php\/wp-json\/wp\/v2\/pages\/682\/revisions\/2348"}],"up":[{"embeddable":true,"href":"https:\/\/maliwojownicy.org\/index.php\/wp-json\/wp\/v2\/pages\/75"}],"wp:attachment":[{"href":"https:\/\/maliwojownicy.org\/index.php\/wp-json\/wp\/v2\/media?parent=682"}],"curies":[{"name":"wp","href":"https:\/\/api.w.org\/{rel}","templated":true}]}}