{"id":68,"date":"2017-11-27T11:01:28","date_gmt":"2017-11-27T11:01:28","guid":{"rendered":"http:\/\/maliwojownicy.org\/?page_id=68"},"modified":"2026-04-09T10:05:35","modified_gmt":"2026-04-09T08:05:35","slug":"specjalisci-w-polsce","status":"publish","type":"page","link":"https:\/\/maliwojownicy.org\/index.php\/wazne-dla-rodzicow\/specjalisci-w-polsce\/","title":{"rendered":"\u015awiadczenia i wsparcie"},"content":{"rendered":"\n<h2 class=\"wp-block-heading has-text-color has-link-color wp-elements-ad140fe4bfb51e57dcd0f5d4c717c4cf\" style=\"color:#701dc3\"><strong>\u015awiadczenia i wsparcie<\/strong><\/h2>\n\n\n\n<p class=\"wp-block-paragraph\"><span style=\"font-size: 14pt;\">Bycie rodzicem wcze\u015bniaka nie jest \u0142atwe, zar\u00f3wno pod wzgl\u0119dem emocjonalnym jak i finansowym. Tu znajdziecie informacje w jaki spos\u00f3b mo\u017cna to u\u0142atwi\u0107 i co nale\u017cy zrobi\u0107, aby uzyska\u0107 fundusze na wsparcie naszych dzieci lub jak korzysta\u0107 z udogodnie\u0144, kt\u00f3re zapewnia nam pa\u0144stwo. Je\u017celi wiecie o jakim\u015b \u015bwiadczeniu lub mo\u017cliwo\u015bci wsparcia rodzic\u00f3w, a my o tym nie napisali\u015bmy &#8211; dajcie zna\u0107, dodamy.<\/span><\/p>\n\n\n\n<p class=\"wp-block-paragraph\"><span style=\"font-size: 14pt;\"><strong>Podstaw\u0105 do \u015bwiadcze\u0144 oraz innych udogodnie\u0144 s\u0105:<\/strong><\/span><\/p>\n\n\n\n<ul class=\"wp-block-list\">\n<li><span style=\"font-size: 14pt;\"><a href=\"https:\/\/maliwojownicy.org\/index.php\/wazne-dla-rodzicow\/specjalisci-w-polsce\/swiadczenia-wsparcie-podmenu-1\/\" data-type=\"page\" data-id=\"659\">orzeczenie o niepe\u0142nosprawno\u015bci<\/a><\/span><\/li>\n\n\n\n<li><span style=\"font-size: 14pt;\"><a href=\"https:\/\/maliwojownicy.org\/index.php\/wazne-dla-rodzicow\/specjalisci-w-polsce\/swiadczenia-wsparcie-podmenu-2\/\" data-type=\"page\" data-id=\"661\">orzeczenie o potrzebie wczesnego wspomagania rozwoju<\/a><\/span><\/li>\n\n\n\n<li><span style=\"font-size: 14pt;\"><a href=\"https:\/\/maliwojownicy.org\/index.php\/wazne-dla-rodzicow\/specjalisci-w-polsce\/swiadczenia-wsparcie-podmenu-4\/\" data-type=\"page\" data-id=\"665\">orzeczenie o potrzebie kszta\u0142cenia specjalnego<\/a><\/span><\/li>\n\n\n\n<li><span style=\"font-size: 14pt;\"><a href=\"https:\/\/maliwojownicy.org\/index.php\/wazne-dla-rodzicow\/specjalisci-w-polsce\/swiadczenia-wsparcie-podmenu-3\/\" data-type=\"page\" data-id=\"663\">ustawa &#8222;Za \u017cyciem&#8221;<\/a><\/span><\/li>\n<\/ul>\n\n\n\n<p class=\"wp-block-paragraph\"><span style=\"font-size: 14pt;\">M.in. w\u0142a\u015bnie o nich ale te\u017c innych formach wsparcia ca\u0142y cykl wpis\u00f3w przygotowa\u0142a nasza Prezes Sylwia Weso\u0142owska. <\/span><br><span style=\"font-size: 14pt;\">W razie pyta\u0144 lub w\u0105tpliwo\u015bci zapraszamy do kontaktu<\/span>.<\/p>\n\n\n\n<div class=\"wp-block-buttons is-layout-flex wp-block-buttons-is-layout-flex\">\n<div class=\"wp-block-button\"><a class=\"wp-block-button__link has-background wp-element-button\" href=\"https:\/\/maliwojownicy.org\/index.php\/wazne-dla-rodzicow\/specjalisci-w-polsce\/swiadczenia-wsparcie-podmenu-5\/\" style=\"background:linear-gradient(135deg,rgb(246,143,255) 0%,rgb(155,81,224) 100%)\">Inne miejsca wsparcia<\/a><\/div>\n\n\n\n<div class=\"wp-block-button\"><a class=\"wp-block-button__link has-background wp-element-button\" href=\"https:\/\/maliwojownicy.org\/index.php\/wazne-dla-rodzicow\/specjalisci-w-polsce\/swiadczenia-wsparcie-podmenu-6\/\" style=\"background:linear-gradient(135deg,rgb(246,143,255) 0%,rgb(155,81,224) 100%)\">Zbi\u00f3rki publiczne, 1,5 % i inne fundusze<\/a><\/div>\n<\/div>\n","protected":false},"excerpt":{"rendered":"<p>\u015awiadczenia i wsparcie Bycie rodzicem wcze\u015bniaka nie jest \u0142atwe, zar\u00f3wno pod wzgl\u0119dem emocjonalnym jak i finansowym. Tu znajdziecie informacje w jaki spos\u00f3b mo\u017cna to u\u0142atwi\u0107 i co nale\u017cy zrobi\u0107, aby uzyska\u0107 fundusze na wsparcie naszych dzieci lub jak korzysta\u0107 z udogodnie\u0144, kt\u00f3re zapewnia nam pa\u0144stwo. Je\u017celi wiecie o jakim\u015b \u015bwiadczeniu lub mo\u017cliwo\u015bci wsparcia rodzic\u00f3w, a [&hellip;]<\/p>\n","protected":false},"author":3,"featured_media":0,"parent":61,"menu_order":0,"comment_status":"closed","ping_status":"closed","template":"","meta":{"_crdt_document":"{\"document\":\"AAAG4fmP5hh6awgunGsABgIBAgoCQgBKAKIBAQIKAkJKALgNAQIKAkJKAKADAQIKAEoQAgECCgJMAIwHAQIKAkwAtgcBAgoCTACqBwECCgJM\/hawHQECCgJCSgCCCAEDDAIBAgoBAQhISgCCAQECCgEBCEhKAJsBKAMnAAQAJwAEACcAKAQnACgBJwAHACgDJwEEACgBJwCHACgDJwEEACgAJwCHACgDJwEEACgAJwCHACgDJwAoAScABwAoAycBBAAnAIcAKAMnAQQAJwCHACgDJwEEACcAhwAoAycBBAAnAIcAKAMnAQQAKAAnAIcAKAMnAQcAKAMnACgCJwAEACgAJwCHACgDJwAoAicABAAoACeaM4Yyc3RhdGV2ZXJzaW9uZG9jdW1lbnRkYXRlZG9jdW1lbnRzbHVnZG9jdW1lbnRzdGF0dXNkb2N1bWVudHRpdGxlxZp3aWFkY3plbmlhIGkgd3NwYXJjaWVkb2N1bWVudGNvbnRlbnQ8IS0tIHdwOmhlYWRpbmcgeyJzdHlsZSI6eyJlbGVtZW50cyI6eyJsaW5rIjp7ImNvbG9yIjp7InRleHQiOiIjNzAxZGMzIn19fSwiY29sb3IiOnsidGV4dCI6IiM3MDFkYzMifX19IC0tPgo8aDIgY2xhc3M9IndwLWJsb2NrLWhlYWRpbmcgaGFzLXRleHQtY29sb3IgaGFzLWxpbmstY29sb3IiIHN0eWxlPSJjb2xvcjojNzAxZGMzIj48c3Ryb25nPsWad2lhZGN6ZW5pYSBpIHdzcGFyY2llPC9zdHJvbmc+PC9oMj4KPCEtLSAvd3A6aGVhZGluZyAtLT4KCjwhLS0gd3A6cGFyYWdyYXBoIC0tPgo8cD48c3BhbiBzdHlsZT0iZm9udC1zaXplOiAxNHB0OyI+QnljaWUgcm9kemljZW0gd2N6ZcWbbmlha2EgbmllIGplc3QgxYJhdHdlLCB6YXLDs3dubyBwb2Qgd3pnbMSZZGVtIGVtb2Nqb25hbG55bSBqYWsgaSBmaW5hbnNvd3ltLiBUdSB6bmFqZHppZWNpZSBpbmZvcm1hY2plIHcgamFraSBzcG9zw7NiIG1vxbxuYSB0byB1xYJhdHdpxIcgaSBjbyBuYWxlxbx5IHpyb2JpxIcsIGFieSB1enlza2HEhyBmdW5kdXN6ZSBuYSB3c3BhcmNpZSBuYXN6eWNoIGR6aWVjaSBsdWIgamFrIGtvcnp5c3RhxIcgeiB1ZG9nb2RuaWXFhCwga3TDs3JlIHphcGV3bmlhIG5hbSBwYcWEc3R3by4gSmXFvGVsaSB3aWVjaWUgbyBqYWtpbcWbIMWbd2lhZGN6ZW5pdSBsdWIgbW\/FvGxpd2\/Fm2NpIHdzcGFyY2lhIHJvZHppY8OzdywgYSBteSBvIHR5bSBuaWUgbmFwaXNhbGnFm215IC0gZGFqY2llIHpuYcSHLCBkb2RhbXkuPC9zcGFuPjwvcD4KPCEtLSAvd3A6cGFyYWdyYXBoIC0tPgoKPCEtLSB3cDpwYXJhZ3JhcGggLS0+CjxwPjxzcGFuIHN0eWxlPSJmb250LXNpemU6IDE0cHQ7Ij48c3Ryb25nPlBvZHN0YXfEhSBkbyDFm3dpYWRjemXFhCBvcmF6IGlubnljaCB1ZG9nb2RuaWXFhCBzxIU6PC9zdHJvbmc+PC9zcGFuPjwvcD4KPCEtLSAvd3A6cGFyYWdyYXBoIC0tPgoKPCEtLSB3cDpsaXN0IC0tPgo8dWwgY2xhc3M9IndwLWJsb2NrLWxpc3QiPjwhLS0gd3A6bGlzdC1pdGVtIC0tPgo8bGk+PHNwYW4gc3R5bGU9ImZvbnQtc2l6ZTogMTRwdDsiPjxhIGhyZWY9Imh0dHBzOi8vbWFsaXdvam93bmljeS5vcmcvaW5kZXgucGhwL3dhem5lLWRsYS1yb2R6aWNvdy9zcGVjamFsaXNjaS13LXBvbHNjZS9zd2lhZGN6ZW5pYS13c3BhcmNpZS1wb2RtZW51LTEvIiBkYXRhLXR5cGU9InBhZ2UiIGRhdGEtaWQ9IjY1OSI+b3J6ZWN6ZW5pZSBvIG5pZXBlxYJub3NwcmF3bm\/Fm2NpPC9hPjwvc3Bhbj48L2xpPgo8IS0tIC93cDpsaXN0LWl0ZW0gLS0+Cgo8IS0tIHdwOmxpc3QtaXRlbSAtLT4KPGxpPjxzcGFuIHN0eWxlPSJmb250LXNpemU6IDE0cHQ7Ij48YSBocmVmPSJodHRwczovL21hbGl3b2pvd25pY3kub3JnL2luZGV4LnBocC93YXpuZS1kbGEtcm9kemljb3cvc3BlY2phbGlzY2ktdy1wb2xzY2Uvc3dpYWRjemVuaWEtd3NwYXJjaWUtcG9kbWVudS0yLyIgZGF0YS10eXBlPSJwYWdlIiBkYXRhLWlkPSI2NjEiPm9yemVjemVuaWUgbyBwb3RyemViaWUgd2N6ZXNuZWdvIHdzcG9tYWdhbmlhIHJvendvanU8L2E+PC9zcGFuPjwvbGk+CjwhLS0gL3dwOmxpc3QtaXRlbSAtLT4KCjwhLS0gd3A6bGlzdC1pdGVtIC0tPgo8bGk+PHNwYW4gc3R5bGU9ImZvbnQtc2l6ZTogMTRwdDsiPjxhIGhyZWY9Imh0dHBzOi8vbWFsaXdvam93bmljeS5vcmcvaW5kZXgucGhwL3dhem5lLWRsYS1yb2R6aWNvdy9zcGVjamFsaXNjaS13LXBvbHNjZS9zd2lhZGN6ZW5pYS13c3BhcmNpZS1wb2RtZW51LTQvIiBkYXRhLXR5cGU9InBhZ2UiIGRhdGEtaWQ9IjY2NSI+b3J6ZWN6ZW5pZSBvIHBvdHJ6ZWJpZSBrc3p0YcWCY2VuaWEgc3BlY2phbG5lZ288L2E+PC9zcGFuPjwvbGk+CjwhLS0gL3dwOmxpc3QtaXRlbSAtLT4KCjwhLS0gd3A6bGlzdC1pdGVtIC0tPgo8bGk+PHNwYW4gc3R5bGU9ImZvbnQtc2l6ZTogMTRwdDsiPjxhIGhyZWY9Imh0dHBzOi8vbWFsaXdvam93bmljeS5vcmcvaW5kZXgucGhwL3dhem5lLWRsYS1yb2R6aWNvdy9zcGVjamFsaXNjaS13LXBvbHNjZS9zd2lhZGN6ZW5pYS13c3BhcmNpZS1wb2RtZW51LTMvIiBkYXRhLXR5cGU9InBhZ2UiIGRhdGEtaWQ9IjY2MyI+dXN0YXdhICJaYSDFvHljaWVtIjwvYT48L3NwYW4+PC9saT4KPCEtLSAvd3A6bGlzdC1pdGVtIC0tPjwvdWw+CjwhLS0gL3dwOmxpc3QgLS0+Cgo8IS0tIHdwOnBhcmFncmFwaCAtLT4KPHA+PHNwYW4gc3R5bGU9ImZvbnQtc2l6ZTogMTRwdDsiPk0uaW4uIHfFgmHFm25pZSBvIG5pY2ggYWxlIHRlxbwgaW5ueWNoIGZvcm1hY2ggd3NwYXJjaWEgY2HFgnkgY3lrbCB3cGlzw7N3IHByenlnb3Rvd2HFgmEgbmFzemEgUHJlemVzIFN5bHdpYSBXZXNvxYJvd3NrYS4gPC9zcGFuPjxicj48c3BhbiBzdHlsZT0iZm9udC1zaXplOiAxNHB0OyI+VyByYXppZSBweXRhxYQgbHViIHfEhXRwbGl3b8WbY2kgemFwcmFzemFteSBkbyBrb250YWt0dTwvc3Bhbj4uPC9wPgo8IS0tIC93cDpwYXJhZ3JhcGggLS0+Cgo8IS0tIHdwOmJ1dHRvbnMgLS0+CjxkaXYgY2xhc3M9IndwLWJsb2NrLWJ1dHRvbnMiPjwhLS0gd3A6YnV0dG9uIHsic3R5bGUiOnsiY29sb3IiOnsiZ3JhZGllbnQiOiJsaW5lYXItZ3JhZGllbnQoMTM1ZGVnLHJnYigyNDYsMTQzLDI1NSkgMCUscmdiKDE1NSw4MSwyMjQpIDEwMCUpIn19fSAtLT4KPGRpdiBjbGFzcz0id3AtYmxvY2stYnV0dG9uIj48YSBjbGFzcz0id3AtYmxvY2stYnV0dG9uX19saW5rIGhhcy1iYWNrZ3JvdW5kIHdwLWVsZW1lbnQtYnV0dG9uIiBocmVmPSJodHRwczovL21hbGl3b2pvd25pY3kub3JnL2luZGV4LnBocC93YXpuZS1kbGEtcm9kemljb3cvc3BlY2phbGlzY2ktdy1wb2xzY2Uvc3dpYWRjemVuaWEtd3NwYXJjaWUtcG9kbWVudS01LyIgc3R5bGU9ImJhY2tncm91bmQ6bGluZWFyLWdyYWRpZW50KDEzNWRlZyxyZ2IoMjQ2LDE0MywyNTUpIDAlLHJnYigxNTUsODEsMjI0KSAxMDAlKSI+SW5uZSBtaWVqc2NhIHdzcGFyY2lhPC9hPjwvZGl2Pgo8IS0tIC93cDpidXR0b24gLS0+Cgo8IS0tIHdwOmJ1dHRvbiB7InN0eWxlIjp7ImNvbG9yIjp7ImdyYWRpZW50IjoibGluZWFyLWdyYWRpZW50KDEzNWRlZyxyZ2IoMjQ2LDE0MywyNTUpIDAlLHJnYigxNTUsODEsMjI0KSAxMDAlKSJ9fX0gLS0+CjxkaXYgY2xhc3M9IndwLWJsb2NrLWJ1dHRvbiI+PGEgY2xhc3M9IndwLWJsb2NrLWJ1dHRvbl9fbGluayBoYXMtYmFja2dyb3VuZCB3cC1lbGVtZW50LWJ1dHRvbiIgaHJlZj0iaHR0cHM6Ly9tYWxpd29qb3duaWN5Lm9yZy9pbmRleC5waHAvd2F6bmUtZGxhLXJvZHppY293L3NwZWNqYWxpc2NpLXctcG9sc2NlL3N3aWFkY3plbmlhLXdzcGFyY2llLXBvZG1lbnUtNi8iIHN0eWxlPSJiYWNrZ3JvdW5kOmxpbmVhci1ncmFkaWVudCgxMzVkZWcscmdiKDI0NiwxNDMsMjU1KSAwJSxyZ2IoMTU1LDgxLDIyNCkgMTAwJSkiPlpiacOzcmtpIHB1YmxpY3puZSwgMSw1ICUgaSBpbm5lIGZ1bmR1c3plPC9hPjwvZGl2Pgo8IS0tIC93cDpidXR0b24gLS0+PC9kaXY+CjwhLS0gL3dwOmJ1dHRvbnMgLS0+ZG9jdW1lbnRleGNlcnB0ZG9jdW1lbnRhdXRob3Jkb2N1bWVudGZlYXR1cmVkX21lZGlhZG9jdW1lbnRjb21tZW50X3N0YXR1c2RvY3VtZW50cGluZ19zdGF0dXNkb2N1bWVudHRlbXBsYXRlZG9jdW1lbnRtZXRhX2thZGVuY2Vfc3RhcnRlcl90ZW1wbGF0ZXNfaW1wb3J0ZWRfcG9zdGZvb3Rub3Rlc2RvY3VtZW50YmxvY2tzY2xpZW50SWRpc1ZhbGlkb3JpZ2luYWxDb250ZW50bmFtZWF0dHJpYnV0ZXNjb250ZW50PHN0cm9uZz7FmndpYWRjemVuaWEgaSB3c3BhcmNpZTwvc3Ryb25nPmxldmVsc3R5bGVpbm5lckJsb2Nrc2NsaWVudElkaXNWYWxpZG9yaWdpbmFsQ29udGVudG5hbWVhdHRyaWJ1dGVzY29udGVudDxzcGFuIHN0eWxlPSJmb250LXNpemU6IDE0cHQ7Ij5CeWNpZSByb2R6aWNlbSB3Y3plxZtuaWFrYSBuaWUgamVzdCDFgmF0d2UsIHphcsOzd25vIHBvZCB3emdsxJlkZW0gZW1vY2pvbmFsbnltIGphayBpIGZpbmFuc293eW0uIFR1IHpuYWpkemllY2llIGluZm9ybWFjamUgdyBqYWtpIHNwb3PDs2IgbW\/FvG5hIHRvIHXFgmF0d2nEhyBpIGNvIG5hbGXFvHkgenJvYmnEhywgYWJ5IHV6eXNrYcSHIGZ1bmR1c3plIG5hIHdzcGFyY2llIG5hc3p5Y2ggZHppZWNpIGx1YiBqYWsga29yenlzdGHEhyB6IHVkb2dvZG5pZcWELCBrdMOzcmUgemFwZXduaWEgbmFtIHBhxYRzdHdvLiBKZcW8ZWxpIHdpZWNpZSBvIGpha2ltxZsgxZt3aWFkY3plbml1IGx1YiBtb8W8bGl3b8WbY2kgd3NwYXJjaWEgcm9kemljw7N3LCBhIG15IG8gdHltIG5pZSBuYXBpc2FsacWbbXkgLSBkYWpjaWUgem5hxIcsIGRvZGFteS48L3NwYW4+ZHJvcENhcGlubmVyQmxvY2tzY2xpZW50SWRpc1ZhbGlkb3JpZ2luYWxDb250ZW50bmFtZWF0dHJpYnV0ZXNjb250ZW50PHNwYW4gc3R5bGU9ImZvbnQtc2l6ZTogMTRwdDsiPjxzdHJvbmc+UG9kc3Rhd8SFIGRvIMWbd2lhZGN6ZcWEIG9yYXogaW5ueWNoIHVkb2dvZG5pZcWEIHPEhTo8L3N0cm9uZz48L3NwYW4+ZHJvcENhcGlubmVyQmxvY2tzY2xpZW50SWRpc1ZhbGlkb3JpZ2luYWxDb250ZW50bmFtZWF0dHJpYnV0ZXNvcmRlcmVkdmFsdWVzaW5uZXJCbG9ja3NjbGllbnRJZGlzVmFsaWRvcmlnaW5hbENvbnRlbnRuYW1lYXR0cmlidXRlc2NvbnRlbnQ8c3BhbiBzdHlsZT0iZm9udC1zaXplOiAxNHB0OyI+PGEgaHJlZj0iaHR0cHM6Ly9tYWxpd29qb3duaWN5Lm9yZy9pbmRleC5waHAvd2F6bmUtZGxhLXJvZHppY293L3NwZWNqYWxpc2NpLXctcG9sc2NlL3N3aWFkY3plbmlhLXdzcGFyY2llLXBvZG1lbnUtMS8iIGRhdGEtdHlwZT0icGFnZSIgZGF0YS1pZD0iNjU5Ij5vcnplY3plbmllIG8gbmllcGXFgm5vc3ByYXdub8WbY2k8L2E+PC9zcGFuPmlubmVyQmxvY2tzY2xpZW50SWRpc1ZhbGlkb3JpZ2luYWxDb250ZW50bmFtZWF0dHJpYnV0ZXNjb250ZW50PHNwYW4gc3R5bGU9ImZvbnQtc2l6ZTogMTRwdDsiPjxhIGhyZWY9Imh0dHBzOi8vbWFsaXdvam93bmljeS5vcmcvaW5kZXgucGhwL3dhem5lLWRsYS1yb2R6aWNvdy9zcGVjamFsaXNjaS13LXBvbHNjZS9zd2lhZGN6ZW5pYS13c3BhcmNpZS1wb2RtZW51LTIvIiBkYXRhLXR5cGU9InBhZ2UiIGRhdGEtaWQ9IjY2MSI+b3J6ZWN6ZW5pZSBvIHBvdHJ6ZWJpZSB3Y3plc25lZ28gd3Nwb21hZ2FuaWEgcm96d29qdTwvYT48L3NwYW4+aW5uZXJCbG9ja3NjbGllbnRJZGlzVmFsaWRvcmlnaW5hbENvbnRlbnRuYW1lYXR0cmlidXRlc2NvbnRlbnQ8c3BhbiBzdHlsZT0iZm9udC1zaXplOiAxNHB0OyI+PGEgaHJlZj0iaHR0cHM6Ly9tYWxpd29qb3duaWN5Lm9yZy9pbmRleC5waHAvd2F6bmUtZGxhLXJvZHppY293L3NwZWNqYWxpc2NpLXctcG9sc2NlL3N3aWFkY3plbmlhLXdzcGFyY2llLXBvZG1lbnUtNC8iIGRhdGEtdHlwZT0icGFnZSIgZGF0YS1pZD0iNjY1Ij5vcnplY3plbmllIG8gcG90cnplYmllIGtzenRhxYJjZW5pYSBzcGVjamFsbmVnbzwvYT48L3NwYW4+aW5uZXJCbG9ja3NjbGllbnRJZGlzVmFsaWRvcmlnaW5hbENvbnRlbnRuYW1lYXR0cmlidXRlc2NvbnRlbnQ8c3BhbiBzdHlsZT0iZm9udC1zaXplOiAxNHB0OyI+PGEgaHJlZj0iaHR0cHM6Ly9tYWxpd29qb3duaWN5Lm9yZy9pbmRleC5waHAvd2F6bmUtZGxhLXJvZHppY293L3NwZWNqYWxpc2NpLXctcG9sc2NlL3N3aWFkY3plbmlhLXdzcGFyY2llLXBvZG1lbnUtMy8iIGRhdGEtdHlwZT0icGFnZSIgZGF0YS1pZD0iNjYzIj51c3Rhd2EgIlphIMW8eWNpZW0iPC9hPjwvc3Bhbj5pbm5lckJsb2Nrc2NsaWVudElkaXNWYWxpZG9yaWdpbmFsQ29udGVudG5hbWVhdHRyaWJ1dGVzY29udGVudDxzcGFuIHN0eWxlPSJmb250LXNpemU6IDE0cHQ7Ij5NLmluLiB3xYJhxZtuaWUgbyBuaWNoIGFsZSB0ZcW8IGlubnljaCBmb3JtYWNoIHdzcGFyY2lhIGNhxYJ5IGN5a2wgd3Bpc8OzdyBwcnp5Z290b3dhxYJhIG5hc3phIFByZXplcyBTeWx3aWEgV2Vzb8WCb3dza2EuIDwvc3Bhbj48YnI+PHNwYW4gc3R5bGU9ImZvbnQtc2l6ZTogMTRwdDsiPlcgcmF6aWUgcHl0YcWEIGx1YiB3xIV0cGxpd2\/Fm2NpIHphcHJhc3phbXkgZG8ga29udGFrdHU8L3NwYW4+LmRyb3BDYXBpbm5lckJsb2Nrc2NsaWVudElkaXNWYWxpZG9yaWdpbmFsQ29udGVudG5hbWVhdHRyaWJ1dGVzaW5uZXJCbG9ja3NjbGllbnRJZGlzVmFsaWRvcmlnaW5hbENvbnRlbnRuYW1lYXR0cmlidXRlc3RhZ05hbWV0eXBldXJsdGV4dElubmUgbWllanNjYSB3c3BhcmNpYXN0eWxlaW5uZXJCbG9ja3NjbGllbnRJZGlzVmFsaWRvcmlnaW5hbENvbnRlbnRuYW1lYXR0cmlidXRlc3RhZ05hbWV0eXBldXJsdGV4dFpiacOzcmtpIHB1YmxpY3puZSwgMSw1ICUgaSBpbm5lIGZ1bmR1c3plc3R5bGVpbm5lckJsb2NrcwUHCAQIBAgGCAUWCAenNQgHCAYIDggOCAtIAQQoCQgGCAcPBAoHJ0UACwgHDwQKB7MGBwsIBw8ECgenAQcLCAcPBAoHBgsIBw8ECgeeAwsIBw8ECgezAwsIBw8ECgetAwsIBw8ECgeRAwsIBw8ECge4AwcLCAcPBAoLCAcPBAoHBAMEFQULCAcPBAoHBAMEKAULDwEEAAABAAAAAQYAAQEAADJCAQEAQQACAEEAAgBBAAIAQQAAQQACAEEAAgBBAAIAQQACAEEAAgBBAABBAAIAQQACAAJBSAGJAQB9AXcTMjAxNy0xMS0yN1QxMTowMToyOHcUc3BlY2phbGlzY2ktdy1wb2xzY2V3B3B1Ymxpc2h9A30AdwZjbG9zZWR3BmNsb3NlZHcAeXcAdyRhMTE4ZGYzZi1lNThiLTRkZjMtOWU0MS0zNWE1MGJlOWYyMGR4d348aDIgY2xhc3M9IndwLWJsb2NrLWhlYWRpbmcgaGFzLXRleHQtY29sb3IgaGFzLWxpbmstY29sb3IiIHN0eWxlPSJjb2xvcjojNzAxZGMzIj48c3Ryb25nPsWad2lhZGN6ZW5pYSBpIHdzcGFyY2llPC9zdHJvbmc+PC9oMj53DGNvcmUvaGVhZGluZ30CdgIIZWxlbWVudHN2AQRsaW5rdgEFY29sb3J2AQR0ZXh0dwcjNzAxZGMzBWNvbG9ydgEEdGV4dHcHIzcwMWRjM3ckNDRjMTQ5ZjQtZTFlYy00MDhjLTk1MzktYjc3ZThjZDQ5ODg1eHfRAzxwPjxzcGFuIHN0eWxlPSJmb250LXNpemU6IDE0cHQ7Ij5CeWNpZSByb2R6aWNlbSB3Y3plxZtuaWFrYSBuaWUgamVzdCDFgmF0d2UsIHphcsOzd25vIHBvZCB3emdsxJlkZW0gZW1vY2pvbmFsbnltIGphayBpIGZpbmFuc293eW0uIFR1IHpuYWpkemllY2llIGluZm9ybWFjamUgdyBqYWtpIHNwb3PDs2IgbW\/FvG5hIHRvIHXFgmF0d2nEhyBpIGNvIG5hbGXFvHkgenJvYmnEhywgYWJ5IHV6eXNrYcSHIGZ1bmR1c3plIG5hIHdzcGFyY2llIG5hc3p5Y2ggZHppZWNpIGx1YiBqYWsga29yenlzdGHEhyB6IHVkb2dvZG5pZcWELCBrdMOzcmUgemFwZXduaWEgbmFtIHBhxYRzdHdvLiBKZcW8ZWxpIHdpZWNpZSBvIGpha2ltxZsgxZt3aWFkY3plbml1IGx1YiBtb8W8bGl3b8WbY2kgd3NwYXJjaWEgcm9kemljw7N3LCBhIG15IG8gdHltIG5pZSBuYXBpc2FsacWbbXkgLSBkYWpjaWUgem5hxIcsIGRvZGFteS48L3NwYW4+PC9wPncOY29yZS9wYXJhZ3JhcGh5dyRkMzA5MTJiNy01OGRjLTRiMDEtOTBlMC1mMWQ0ZWVhN2Q5NmV4d3M8cD48c3BhbiBzdHlsZT0iZm9udC1zaXplOiAxNHB0OyI+PHN0cm9uZz5Qb2RzdGF3xIUgZG8gxZt3aWFkY3plxYQgb3JheiBpbm55Y2ggdWRvZ29kbmllxYQgc8SFOjwvc3Ryb25nPjwvc3Bhbj48L3A+dw5jb3JlL3BhcmFncmFwaHl3JDY3MjkyZDNjLWYzZTYtNGZkYi1iZDRjLTc4YjVhZjEyOTZmNnh3JTx1bCBjbGFzcz0id3AtYmxvY2stbGlzdCI+CgoKCgoKPC91bD53CWNvcmUvbGlzdHl3AHckMGQwNTdiN2MtODY4My00ODhmLWI2ODctNThiNzcyZTUzOTgzeHfpATxsaT48c3BhbiBzdHlsZT0iZm9udC1zaXplOiAxNHB0OyI+PGEgaHJlZj0iaHR0cHM6Ly9tYWxpd29qb3duaWN5Lm9yZy9pbmRleC5waHAvd2F6bmUtZGxhLXJvZHppY293L3NwZWNqYWxpc2NpLXctcG9sc2NlL3N3aWFkY3plbmlhLXdzcGFyY2llLXBvZG1lbnUtMS8iIGRhdGEtdHlwZT0icGFnZSIgZGF0YS1pZD0iNjU5Ij5vcnplY3plbmllIG8gbmllcGXFgm5vc3ByYXdub8WbY2k8L2E+PC9zcGFuPjwvbGk+dw5jb3JlL2xpc3QtaXRlbXckYTYyM2NmMTktNWFkOC00MTk3LWI4M2YtNmZiMzkxZmI4NGMzeHf8ATxsaT48c3BhbiBzdHlsZT0iZm9udC1zaXplOiAxNHB0OyI+PGEgaHJlZj0iaHR0cHM6Ly9tYWxpd29qb3duaWN5Lm9yZy9pbmRleC5waHAvd2F6bmUtZGxhLXJvZHppY293L3NwZWNqYWxpc2NpLXctcG9sc2NlL3N3aWFkY3plbmlhLXdzcGFyY2llLXBvZG1lbnUtMi8iIGRhdGEtdHlwZT0icGFnZSIgZGF0YS1pZD0iNjYxIj5vcnplY3plbmllIG8gcG90cnplYmllIHdjemVzbmVnbyB3c3BvbWFnYW5pYSByb3p3b2p1PC9hPjwvc3Bhbj48L2xpPncOY29yZS9saXN0LWl0ZW13JGQ2OWRlMDg3LTE1YjctNGVmZC04Y2U4LTQ0M2MzYWE3MmQzZXh39wE8bGk+PHNwYW4gc3R5bGU9ImZvbnQtc2l6ZTogMTRwdDsiPjxhIGhyZWY9Imh0dHBzOi8vbWFsaXdvam93bmljeS5vcmcvaW5kZXgucGhwL3dhem5lLWRsYS1yb2R6aWNvdy9zcGVjamFsaXNjaS13LXBvbHNjZS9zd2lhZGN6ZW5pYS13c3BhcmNpZS1wb2RtZW51LTQvIiBkYXRhLXR5cGU9InBhZ2UiIGRhdGEtaWQ9IjY2NSI+b3J6ZWN6ZW5pZSBvIHBvdHJ6ZWJpZSBrc3p0YcWCY2VuaWEgc3BlY2phbG5lZ288L2E+PC9zcGFuPjwvbGk+dw5jb3JlL2xpc3QtaXRlbXckMjkwYTBiNDctOTIxMC00YzkxLTk3ZDUtZWQ3ZjM1ZWE0YjJjeHfbATxsaT48c3BhbiBzdHlsZT0iZm9udC1zaXplOiAxNHB0OyI+PGEgaHJlZj0iaHR0cHM6Ly9tYWxpd29qb3duaWN5Lm9yZy9pbmRleC5waHAvd2F6bmUtZGxhLXJvZHppY293L3NwZWNqYWxpc2NpLXctcG9sc2NlL3N3aWFkY3plbmlhLXdzcGFyY2llLXBvZG1lbnUtMy8iIGRhdGEtdHlwZT0icGFnZSIgZGF0YS1pZD0iNjYzIj51c3Rhd2EgIlphIMW8eWNpZW0iPC9hPjwvc3Bhbj48L2xpPncOY29yZS9saXN0LWl0ZW13JGU0NzE1OTI3LTFhNGMtNGNmMi1iYmI2LWYyYWU2YWE2M2ZiZnh3iQI8cD48c3BhbiBzdHlsZT0iZm9udC1zaXplOiAxNHB0OyI+TS5pbi4gd8WCYcWbbmllIG8gbmljaCBhbGUgdGXFvCBpbm55Y2ggZm9ybWFjaCB3c3BhcmNpYSBjYcWCeSBjeWtsIHdwaXPDs3cgcHJ6eWdvdG93YcWCYSBuYXN6YSBQcmV6ZXMgU3lsd2lhIFdlc2\/Fgm93c2thLiA8L3NwYW4+PGJyPjxzcGFuIHN0eWxlPSJmb250LXNpemU6IDE0cHQ7Ij5XIHJhemllIHB5dGHFhCBsdWIgd8SFdHBsaXdvxZtjaSB6YXByYXN6YW15IGRvIGtvbnRha3R1PC9zcGFuPi48L3A+dw5jb3JlL3BhcmFncmFwaHl3JGFlMTc2YmNmLWE2ZmMtNDUyMi04MzM1LWNmZTQ4ZGZiM2U2Ynh3JjxkaXYgY2xhc3M9IndwLWJsb2NrLWJ1dHRvbnMiPgoKPC9kaXY+dwxjb3JlL2J1dHRvbnN3JDU5OGUzMjA4LWZhYmUtNGE0Mi1hN2QyLTIzNjBlY2FiYzI5N3h3xQI8ZGl2IGNsYXNzPSJ3cC1ibG9jay1idXR0b24iPjxhIGNsYXNzPSJ3cC1ibG9jay1idXR0b25fX2xpbmsgaGFzLWJhY2tncm91bmQgd3AtZWxlbWVudC1idXR0b24iIGhyZWY9Imh0dHBzOi8vbWFsaXdvam93bmljeS5vcmcvaW5kZXgucGhwL3dhem5lLWRsYS1yb2R6aWNvdy9zcGVjamFsaXNjaS13LXBvbHNjZS9zd2lhZGN6ZW5pYS13c3BhcmNpZS1wb2RtZW51LTUvIiBzdHlsZT0iYmFja2dyb3VuZDpsaW5lYXItZ3JhZGllbnQoMTM1ZGVnLHJnYigyNDYsMTQzLDI1NSkgMCUscmdiKDE1NSw4MSwyMjQpIDEwMCUpIj5Jbm5lIG1pZWpzY2Egd3NwYXJjaWE8L2E+PC9kaXY+dwtjb3JlL2J1dHRvbncBYXcGYnV0dG9ud2todHRwczovL21hbGl3b2pvd25pY3kub3JnL2luZGV4LnBocC93YXpuZS1kbGEtcm9kemljb3cvc3BlY2phbGlzY2ktdy1wb2xzY2Uvc3dpYWRjemVuaWEtd3NwYXJjaWUtcG9kbWVudS01L3YBBWNvbG9ydgEIZ3JhZGllbnR3QGxpbmVhci1ncmFkaWVudCgxMzVkZWcscmdiKDI0NiwxNDMsMjU1KSAwJSxyZ2IoMTU1LDgxLDIyNCkgMTAwJSl3JDAwNDJjMTZkLWZiNDEtNDAzNS1hYmMxLTc3YmViOGQxNTQwZXh32QI8ZGl2IGNsYXNzPSJ3cC1ibG9jay1idXR0b24iPjxhIGNsYXNzPSJ3cC1ibG9jay1idXR0b25fX2xpbmsgaGFzLWJhY2tncm91bmQgd3AtZWxlbWVudC1idXR0b24iIGhyZWY9Imh0dHBzOi8vbWFsaXdvam93bmljeS5vcmcvaW5kZXgucGhwL3dhem5lLWRsYS1yb2R6aWNvdy9zcGVjamFsaXNjaS13LXBvbHNjZS9zd2lhZGN6ZW5pYS13c3BhcmNpZS1wb2RtZW51LTYvIiBzdHlsZT0iYmFja2dyb3VuZDpsaW5lYXItZ3JhZGllbnQoMTM1ZGVnLHJnYigyNDYsMTQzLDI1NSkgMCUscmdiKDE1NSw4MSwyMjQpIDEwMCUpIj5aYmnDs3JraSBwdWJsaWN6bmUsIDEsNSAlIGkgaW5uZSBmdW5kdXN6ZTwvYT48L2Rpdj53C2NvcmUvYnV0dG9udwFhdwZidXR0b253a2h0dHBzOi8vbWFsaXdvam93bmljeS5vcmcvaW5kZXgucGhwL3dhem5lLWRsYS1yb2R6aWNvdy9zcGVjamFsaXNjaS13LXBvbHNjZS9zd2lhZGN6ZW5pYS13c3BhcmNpZS1wb2RtZW51LTYvdgEFY29sb3J2AQhncmFkaWVudHdAbGluZWFyLWdyYWRpZW50KDEzNWRlZyxyZ2IoMjQ2LDE0MywyNTUpIDAlLHJnYigxNTUsODEsMjI0KSAxMDAlKQA=\",\"updateId\":153564640}","_kadence_starter_templates_imported_post":false,"footnotes":""},"class_list":["post-68","page","type-page","status-publish","hentry"],"_links":{"self":[{"href":"https:\/\/maliwojownicy.org\/index.php\/wp-json\/wp\/v2\/pages\/68","targetHints":{"allow":["GET"]}}],"collection":[{"href":"https:\/\/maliwojownicy.org\/index.php\/wp-json\/wp\/v2\/pages"}],"about":[{"href":"https:\/\/maliwojownicy.org\/index.php\/wp-json\/wp\/v2\/types\/page"}],"author":[{"embeddable":true,"href":"https:\/\/maliwojownicy.org\/index.php\/wp-json\/wp\/v2\/users\/3"}],"replies":[{"embeddable":true,"href":"https:\/\/maliwojownicy.org\/index.php\/wp-json\/wp\/v2\/comments?post=68"}],"version-history":[{"count":3,"href":"https:\/\/maliwojownicy.org\/index.php\/wp-json\/wp\/v2\/pages\/68\/revisions"}],"predecessor-version":[{"id":2427,"href":"https:\/\/maliwojownicy.org\/index.php\/wp-json\/wp\/v2\/pages\/68\/revisions\/2427"}],"up":[{"embeddable":true,"href":"https:\/\/maliwojownicy.org\/index.php\/wp-json\/wp\/v2\/pages\/61"}],"wp:attachment":[{"href":"https:\/\/maliwojownicy.org\/index.php\/wp-json\/wp\/v2\/media?parent=68"}],"curies":[{"name":"wp","href":"https:\/\/api.w.org\/{rel}","templated":true}]}}