{"id":678,"date":"2020-05-09T10:49:02","date_gmt":"2020-05-09T10:49:02","guid":{"rendered":"http:\/\/maliwojownicy.org\/?page_id=678"},"modified":"2026-03-31T08:26:56","modified_gmt":"2026-03-31T06:26:56","slug":"przedszkole-niepubliczne-dzielne-zuchy-podmenu-1","status":"publish","type":"page","link":"https:\/\/maliwojownicy.org\/index.php\/przedszkoledzielnezuchy\/przedszkole-niepubliczne-dzielne-zuchy-podmenu-1\/","title":{"rendered":"O nas"},"content":{"rendered":"\n<h2 class=\"wp-block-heading has-text-color has-link-color wp-elements-f06ba257ac3d367b9e17487fb028eece\" style=\"color:#944dff;font-size:clamp(28.836px, 1.802rem + ((1vw - 3.2px) * 1.319), 50px);\"><strong>O nas<\/strong><\/h2>\n\n\n\n<p class=\"wp-block-paragraph\">Przedszkole Niepubliczne Dzielne Zuchy rozpocz\u0119\u0142o swoj\u0105 dzia\u0142alno\u015b\u0107 1 wrze\u015bnia 2019 roku.<\/p>\n\n\n\n<p class=\"has-custom-css wp-custom-css-9e83efd9 wp-block-paragraph\">W\u015br\u00f3d naszych wychowank\u00f3w s\u0105 zar\u00f3wno dzieci w normie rozwojowej jak i z trudno\u015bciami, niepe\u0142nosprawno\u015bciami i zaburzeniami. Wszystkie s\u0105 r\u00f3wnoprawnymi cz\u0142onkami przedszkolnej spo\u0142eczno\u015bci, tak samo wyj\u0105tkowe i chciane.<\/p>\n\n\n\n<p class=\"has-custom-css wp-custom-css-39f89f36 wp-block-paragraph\">Dzieci, kt\u00f3re realizuj\u0105 kszta\u0142cenie specjalne lub wczesne wspomagania rozwoju dziecka maj\u0105 zapewnione r\u00f3\u017cnorodne terapie <br>i rehabilitacje. Wa\u017cne jest dla nas aby ka\u017cdy z rodzic\u00f3w otrzymywa\u0142 te\u017c wsparcie i mo\u017cliwo\u015b\u0107 konsultacji w momencie, w kt\u00f3rym tego potrzebuje.<\/p>\n\n\n\n<p class=\"wp-block-paragraph\">Na miejscu mamy swoj\u0105 kuchnie, kt\u00f3ra uwzgl\u0119dnia r\u00f3\u017cnego rodzaju potrzeby \u017cywieniowe i alergie dzieci.<\/p>\n\n\n\n<p class=\"wp-block-paragraph\">W ogr\u00f3dku przedszkolnym mieszcz\u0105cym si\u0119 przy naszym budynku dzieci mog\u0105 bawi\u0107 si\u0119 w bezpieczny spos\u00f3b oraz piel\u0119gnowa\u0107 ro\u015bliny, warzywa i owoce.<\/p>\n\n\n\n<p class=\"wp-block-paragraph\">Nurtami pedagogicznymi, kt\u00f3re inspiruj\u0105 nasze dzia\u0142ania s\u0105 pedagogika Montessori i metoda harcerska.<\/p>\n\n\n\n<details class=\"wp-block-details is-layout-flow wp-block-details-is-layout-flow\"><summary><strong><em>Pedagogika Montessori<\/em><\/strong><\/summary>\n<p class=\"wp-block-paragraph\">Na czym polega pedagogika Montessori? Pedagogika opracowana przez Mari\u0119 Montessori to metoda wychowania i nauczania, kt\u00f3ra skupia si\u0119 na naturalnym rozwoju dziecka, jego samodzielno\u015bci i indywidualnym tempie uczenia si\u0119.<\/p>\n\n\n\n<p class=\"wp-block-paragraph\"><strong>Najwa\u017cniejsze za\u0142o\u017cenia <\/strong><\/p>\n\n\n\n<p class=\"wp-block-paragraph\"><strong>1. <\/strong>Dziecko w centrum uwagi Ka\u017cde dziecko jest inne \u2013 ma swoje tempo, zainteresowania i potrzeby. W Montessori nie por\u00f3wnuje si\u0119 dzieci, tylko wspiera ich indywidualny rozw\u00f3j. <\/p>\n\n\n\n<p class=\"wp-block-paragraph\"><strong>2.<\/strong> Nauka przez dzia\u0142anie Dzieci ucz\u0105 si\u0119 poprzez praktyczne do\u015bwiadczenia \u2013 dotykaj\u0105, eksperymentuj\u0105, manipuluj\u0105 przedmiotami. To sprawia, \u017ce wiedza jest dla nich bardziej zrozumia\u0142a i trwa\u0142a. <\/p>\n\n\n\n<p class=\"wp-block-paragraph\"><strong>3.<\/strong> Samodzielno\u015b\u0107 i odpowiedzialno\u015b\u0107 Dzieci zach\u0119cane s\u0105 do wykonywania r\u00f3\u017cnych czynno\u015bci samodzielnie \u2013 od prostych dzia\u0142a\u0144 (np. ubieranie si\u0119), po bardziej z\u0142o\u017cone zadania. Buduje to ich pewno\u015b\u0107 siebie i poczucie sprawczo\u015bci.<\/p>\n\n\n\n<p class=\"wp-block-paragraph\"><strong>4.<\/strong> Przygotowane otoczenie Sala jest uporz\u0105dkowana, estetyczna i dostosowana do dzieci \u2013 wszystkie materia\u0142y s\u0105 dost\u0119pne na ich poziomie, aby mog\u0142y swobodnie z nich korzysta\u0107. <\/p>\n\n\n\n<p class=\"wp-block-paragraph\"><strong>5.<\/strong> Rola nauczyciela jako przewodnika Nauczyciel nie narzuca wiedzy, lecz obserwuje dziecko i wspiera je wtedy, gdy tego potrzebuje. Pomaga odkrywa\u0107 \u015bwiat, zamiast go \u201epodawa\u0107\u201d.<\/p>\n<\/details>\n\n\n\n<p class=\"wp-block-paragraph\"><\/p>\n\n\n\n<p class=\"wp-block-paragraph\" style=\"font-size:clamp(1.198rem, 1.198rem + ((1vw - 0.2rem) * 0.7), 1.9rem);font-style:normal;font-weight:400\"><strong>Koszty<\/strong>:<\/p>\n\n\n\n<p class=\"wp-block-paragraph\"><\/p>\n\n\n\n<ul class=\"wp-block-list\">\n<li>jednorazowe wpisowe w wysoko\u015bci 500 z\u0142 (przed przyj\u0119ciem dziecka do przedszkola)<\/li>\n\n\n\n<li>comiesi\u0119czne czesne ustalane wg nast\u0119puj\u0105cych zasad (na podstawie dokument\u00f3w):<\/li>\n\n\n\n<li>pe\u0142ne czesne \u2013 400 z\u0142 oraz wy\u017cywienie 20 z\u0142 stawka dzienna<\/li>\n\n\n\n<li>czesne z wy\u017cywieniem dla rodze\u0144stw pozostaj\u0105cych pod opiek\u0105 Przedszkola \u2013 350 z\u0142 oraz wy\u017cywienie 20 z\u0142 stawka dzienna za jedno dziecko<\/li>\n\n\n\n<li>op\u0142ata za wy\u017cywienie dla dzieci realizuj\u0105cych w Przedszkolu kszta\u0142cenie specjalne \u2013 20 z\u0142 zadzie\u0144 (\u201ewsad do kot\u0142a\u201d i koszty sta\u0142e)<\/li>\n\n\n\n<li>op\u0142ata za wy\u017cywienie dla podopiecznych Fundacji Mali Wojownicy &#8211; 20 z\u0142 za dzie\u0144 (\u201ewsad do kot\u0142a\u201d i koszty sta\u0142e)<\/li>\n<\/ul>\n\n\n\n<p class=\"wp-block-paragraph\"><\/p>\n\n\n\n<p class=\"wp-block-paragraph\" style=\"font-size:clamp(1.198rem, 1.198rem + ((1vw - 0.2rem) * 0.7), 1.9rem);font-style:normal;font-weight:400\"><strong>Kontakt:<\/strong><\/p>\n\n\n\n<p class=\"wp-block-paragraph\"><strong>tel. <a href=\"https:\/\/www.google.com\/search?q=przedszkole+dzielne&amp;oq=przedszkole+dzielne+&amp;gs_lcrp=EgZjaHJvbWUyBggAEEUYOTIQCAEQLhivARjHARiABBiOBTIHCAIQABiABDIICAMQABgWGB4yCAgEEAAYFhgeMgYIBRBFGDwyBggGEEUYPDIGCAcQRRg80gEIMzQwN2owajeoAgCwAgA&amp;sourceid=chrome&amp;ie=UTF-8#\">729 916 232<\/a> <\/strong><\/p>\n\n\n\n<p class=\"wp-block-paragraph\"><strong>mail: biuro.maliwojownicy@gmail.com<\/strong><\/p>\n","protected":false},"excerpt":{"rendered":"<p>O nas Przedszkole Niepubliczne Dzielne Zuchy rozpocz\u0119\u0142o swoj\u0105 dzia\u0142alno\u015b\u0107 1 wrze\u015bnia 2019 roku. W\u015br\u00f3d naszych wychowank\u00f3w s\u0105 zar\u00f3wno dzieci w normie rozwojowej jak i z trudno\u015bciami, niepe\u0142nosprawno\u015bciami i zaburzeniami. Wszystkie s\u0105 r\u00f3wnoprawnymi cz\u0142onkami przedszkolnej spo\u0142eczno\u015bci, tak samo wyj\u0105tkowe i chciane. Dzieci, kt\u00f3re realizuj\u0105 kszta\u0142cenie specjalne lub wczesne wspomagania rozwoju dziecka maj\u0105 zapewnione r\u00f3\u017cnorodne terapie i [&hellip;]<\/p>\n","protected":false},"author":3,"featured_media":0,"parent":75,"menu_order":0,"comment_status":"closed","ping_status":"closed","template":"","meta":{"_crdt_document":"","_kadence_starter_templates_imported_post":false,"footnotes":""},"class_list":["post-678","page","type-page","status-publish","hentry"],"_links":{"self":[{"href":"https:\/\/maliwojownicy.org\/index.php\/wp-json\/wp\/v2\/pages\/678","targetHints":{"allow":["GET"]}}],"collection":[{"href":"https:\/\/maliwojownicy.org\/index.php\/wp-json\/wp\/v2\/pages"}],"about":[{"href":"https:\/\/maliwojownicy.org\/index.php\/wp-json\/wp\/v2\/types\/page"}],"author":[{"embeddable":true,"href":"https:\/\/maliwojownicy.org\/index.php\/wp-json\/wp\/v2\/users\/3"}],"replies":[{"embeddable":true,"href":"https:\/\/maliwojownicy.org\/index.php\/wp-json\/wp\/v2\/comments?post=678"}],"version-history":[{"count":6,"href":"https:\/\/maliwojownicy.org\/index.php\/wp-json\/wp\/v2\/pages\/678\/revisions"}],"predecessor-version":[{"id":2351,"href":"https:\/\/maliwojownicy.org\/index.php\/wp-json\/wp\/v2\/pages\/678\/revisions\/2351"}],"up":[{"embeddable":true,"href":"https:\/\/maliwojownicy.org\/index.php\/wp-json\/wp\/v2\/pages\/75"}],"wp:attachment":[{"href":"https:\/\/maliwojownicy.org\/index.php\/wp-json\/wp\/v2\/media?parent=678"}],"curies":[{"name":"wp","href":"https:\/\/api.w.org\/{rel}","templated":true}]}}