{"id":661,"date":"2020-05-09T10:45:08","date_gmt":"2020-05-09T10:45:08","guid":{"rendered":"http:\/\/maliwojownicy.org\/?page_id=661"},"modified":"2026-04-07T14:06:25","modified_gmt":"2026-04-07T12:06:25","slug":"swiadczenia-wsparcie-podmenu-2","status":"publish","type":"page","link":"https:\/\/maliwojownicy.org\/index.php\/wazne-dla-rodzicow\/specjalisci-w-polsce\/swiadczenia-wsparcie-podmenu-2\/","title":{"rendered":"Wczesne wspomagania rozwoju dziecka"},"content":{"rendered":"\n<h2 class=\"wp-block-heading has-text-color has-link-color wp-elements-1c748781b897ce80b172383b07084b71\" style=\"color:#7600a8\"><strong>Wczesne Wspomaganie Rozwoju Dziecka<\/strong><\/h2>\n\n\n\n<figure class=\"wp-block-image alignleft is-resized\"><img loading=\"lazy\" decoding=\"async\" width=\"300\" height=\"300\" src=\"https:\/\/maliwojownicy.org\/wp-content\/uploads\/2020\/05\/WWRD-2-300x300.png\" alt=\"\" class=\"wp-image-760\" style=\"width:438px;height:auto\" srcset=\"https:\/\/maliwojownicy.org\/wp-content\/uploads\/2020\/05\/WWRD-2-300x300.png 300w, https:\/\/maliwojownicy.org\/wp-content\/uploads\/2020\/05\/WWRD-2-1024x1024.png 1024w, https:\/\/maliwojownicy.org\/wp-content\/uploads\/2020\/05\/WWRD-2-150x150.png 150w, https:\/\/maliwojownicy.org\/wp-content\/uploads\/2020\/05\/WWRD-2-768x768.png 768w, https:\/\/maliwojownicy.org\/wp-content\/uploads\/2020\/05\/WWRD-2-1536x1536.png 1536w, https:\/\/maliwojownicy.org\/wp-content\/uploads\/2020\/05\/WWRD-2-2048x2048.png 2048w, https:\/\/maliwojownicy.org\/wp-content\/uploads\/2020\/05\/WWRD-2-600x600.png 600w, https:\/\/maliwojownicy.org\/wp-content\/uploads\/2020\/05\/WWRD-2-100x100.png 100w\" sizes=\"auto, (max-width: 300px) 100vw, 300px\" \/><\/figure>\n\n\n\n<p class=\"wp-block-paragraph\" style=\"font-style:normal;font-weight:400\"><span style=\"font-size: 14pt;\">Jednym z cz\u0119\u015bciej zadawanych pyta\u0144 jest &#8222;Jak zapewni\u0107 dziecku wszechstronne wsparcie terapeutyczne?&#8221;. Jest kilka mo\u017cliwo\u015bci, o kt\u00f3rych ju\u017c pisa\u0142am w tym cyklu.<\/span><\/p>\n\n\n\n<p class=\"wp-block-paragraph\" style=\"font-style:normal;font-weight:400\"><span style=\"font-size: 14pt;\">Jednym z pierwszych i podstawowych sposob\u00f3w na realizacj\u0119 darmowych zaj\u0119\u0107 rehabilitacyjnych i terapeutycznych jest realizacja Wczesnego Wspomagania Rozwoju Dzieci (WWRD). Realizowane jest ono na podstawie &#8222;Opinii o potrzebie wczesnego wspomagania rozwoju dziecka&#8221; w plac\u00f3wkach edukacyjnych typu poradnie pedagogiczno &#8211; psychologiczne, przedszkola, szko\u0142y. Oczywi\u015bcie jest plac\u00f3wk\u0105 ma do tego specjalist\u00f3w.<\/span><\/p>\n\n\n\n<p class=\"has-large-font-size wp-block-paragraph\" style=\"font-style:normal;font-weight:400\"><em><strong><span style=\"font-size: 14pt;\">Komu przys\u0142uguje WWRD<\/span>?<br><\/strong><\/em> <span style=\"font-size: 14pt;\">Ka\u017cdemu dziecku, kt\u00f3rego rozw\u00f3j wymaga wsparcia i jest nieadekwatny do rozwoju r\u00f3wie\u015bnik\u00f3w&#8230; do podj\u0119cia nauki w szkole. Cz\u0119sto rodzice ma\u0142ych dzieci s\u0142ysz\u0105, \u017ce ich dzieci s\u0105 za ma\u0142e i odsy\u0142ani s\u0105 z &#8222;kwitkiem&#8221; do czasu a\u017c dziecko b\u0119dzie sz\u0142o do przedszkola. Jest to b\u0142\u0105d poniewa\u017c rozporz\u0105dzenie nie okre\u015bla dolnej granicy wieku. <\/span><br><br><span style=\"font-size: 14pt;\">Co wa\u017cne dziecko nie musi mie\u0107 orzeczenia o niepe\u0142nosprawno\u015bci aby otrzyma\u0107 opini\u0119 o WWRD, cho\u0107 cz\u0119sto rodzice s\u0105 mylnie o tym informowani.<\/span><\/p>\n\n\n\n<p class=\"has-large-font-size wp-block-paragraph\" style=\"font-style:normal;font-weight:400\"><em><strong><span style=\"font-size: 14pt;\">Jak i gdzie stara\u0107 si\u0119 o opinie o WWRD<\/span><br><\/strong><\/em> <span style=\"font-size: 14pt;\">Pierwszym krokiem powinno by\u0107 sprawdzenie pod kt\u00f3r\u0105 Pa\u0144stwa Poradnie Pedagogiczno &#8211; Psychologiczna podlegacie. Je\u015bli dziecko nie ucz\u0119szcza do przedszkola to liczy si\u0119 adres zamieszkania. Je\u015bli chodzi do plac\u00f3wki to jest ona przyporz\u0105dkowana do konkretnej poradni. W mniejszych miejscowo\u015bciach przewa\u017cnie jest jedn\u0105, w wi\u0119kszych kilka.<\/span><br> <span style=\"font-size: 14pt;\">Nale\u017cy sprawdzi\u0107 na jakim wzorze dokumentu dana poradnia przyjmuje wnioski o opinie w sprawie WWRD. Wi\u0119kszo\u015b\u0107 powinna mie\u0107 je na swojej stronie internetowej lub do pobrania na miejscu. Wa\u017cny jest za\u0142\u0105cznik, kt\u00f3ry wype\u0142nia lekarz.<\/span><\/p>\n\n\n\n<p class=\"wp-block-paragraph\" style=\"font-style:normal;font-weight:400\"><span style=\"font-size: 14pt;\">No w\u0142a\u015bnie, aby sprawdzi\u0107 czy jest naszemu dziecku potrzebne WWRD mo\u017cemy przyj\u015b\u0107 &#8222;z ulicy&#8221; i wnioskowa\u0107 o konsultacj\u0119. Ale ju\u017c sk\u0142adaj\u0105c wniosek o opinie potrzeba do\u0142\u0105czy\u0107 za\u0142\u0105cznik od lekarza. Najlepiej od specjalisty, kt\u00f3ry stwierdzi\u0142 w jakim obszarze wsparcia wymaga dziecko, ale r\u00f3wnie dobrze mo\u017ce by\u0107 to pediatra.<\/span><\/p>\n\n\n\n<p class=\"wp-block-paragraph\" style=\"font-style:normal;font-weight:400\"><span style=\"font-size: 14pt;\">Je\u015bli chodzicie na jakie\u015b zaj\u0119cia lub do \u017c\u0142obka\/ przedszkola to opinie pracuj\u0105cych z dzieckiem os\u00f3b te\u017c si\u0119 przydadz\u0105.<\/span><\/p>\n\n\n\n<p class=\"has-large-font-size wp-block-paragraph\" style=\"font-style:normal;font-weight:400\"><strong><em><span style=\"font-size: 14pt;\">Dostali\u015bmy i co dalej<\/span><br><\/em><\/strong> <span style=\"font-size: 14pt;\">Je\u015bli otrzymacie opinie o potrzebie WWRD przys\u0142uguje Wam do 8 godzin miesi\u0119cznie darmowych zaj\u0119\u0107 rehabilitacyjnych lub\/ i terapeutycznych.<\/span><br> <span style=\"font-size: 14pt;\">Mo\u017cecie wybra\u0107 dowoln\u0105 plac\u00f3wk\u0119 realizuj\u0105ca na waszym terenie WWRD. Co wa\u017cne, nie mo\u017cna dzieli\u0107 tych godzin na dwie lub wi\u0119cej plac\u00f3wek.<\/span><\/p>\n\n\n\n<p class=\"wp-block-paragraph\" style=\"font-style:normal;font-weight:400\"><span style=\"font-size: 14pt;\">W plac\u00f3wce, kt\u00f3ra wybierzecie powinni Wam przygotowa\u0107 plan terapeutyczny (w r\u00f3\u017cnych miejscach b\u0119dzie wygl\u0105da\u0142o to troch\u0119 inaczej), kt\u00f3ry zaakceptuje ci\u0119. Powinien on powsta\u0107 nie tylko na podstawie samej opinii o potrzebie WWRD ale r\u00f3wnie\u017c na podstawie wywiadu. Je\u015bli plac\u00f3wka proponuje wam rehalibitacj\u0119 ale chodzicie ju\u017c na ni\u0105 prywatnie i woleliby\u015bcie zaj\u0119cia z integracji sensorycznej to mo\u017cecie o to wnioskowa\u0107&#8230; pami\u0119taj\u0105c, \u017ce musz\u0105 one by\u0107 w zaleceniach opinii WWRD. W dobrych i nastawionych na relacje plac\u00f3wkach sugestie rodzic\u00f3w brane s\u0105 pod uwag\u0119.<\/span><\/p>\n\n\n\n<p class=\"wp-block-paragraph\" style=\"font-style:normal;font-weight:400\"><span style=\"font-size: 14pt;\">Nie mo\u017cecie jednak \u017c\u0105da\u0107 od plac\u00f3wki aby zorganizowa\u0142a Wam zaj\u0119cia &#8211; terapi\u0119, kt\u00f3rej nie ma w ofercie. Mo\u017cna o tym rozmawia\u0107, bo by\u0107 mo\u017ce kt\u00f3ry\u015b terapeuta pracuj\u0105cy w plac\u00f3wce ma dodatkowe kompetencje ale to tylko dobra wola.<\/span><\/p>\n\n\n\n<p class=\"wp-block-paragraph\" style=\"font-style:normal;font-weight:400\"><span style=\"font-size: 14pt;\">S\u0105 miejsca &#8211; zw\u0142aszcza wi\u0119ksze miejscowo\u015bci, gdzie miejsc realizacji jest sporo i mo\u017cna wybra\u0107 plac\u00f3wk\u0119 gdzie oferta jest szeroka. W wielu miejscach niestety musimy si\u0119 ograniczy\u0107 do jednej plac\u00f3wki, kt\u00f3ra w dodatku nie bardzo ma specjalist\u00f3w dla maluszk\u00f3w. Kiedy dziecko idzie do przedszkola sytuacja tylko wydaje si\u0119 lepsza. Je\u015bli rodzic przedstawi w przedszkolu (niezale\u017cnie prywatnym czy pa\u0144stwowym) opinie o WWRD dziecko musi dosta\u0107 wsparcie. Tylko trzeba mie\u0107 \u015bwiadomo\u015b\u0107, \u017ce dyrektor nie zorganizuje np. sali integracji sensorycznej dla jednego czy dw\u00f3jki dzieci. Po mimo to nie nale\u017cy rezygnowa\u0107 z realizacji WWRD.<\/span><\/p>\n\n\n\n<p class=\"wp-block-paragraph\" style=\"font-style:normal;font-weight:400\"><span style=\"font-size: 14pt;\">Fundusze przeznaczone przez gminy na realizacj\u0119 WWRD nie s\u0105 du\u017ce i dlatego tych godzin nie jest du\u017co. S\u0142ysza\u0142am ju\u017c opini\u0119, \u017ce s\u0105 poradnie kt\u00f3re b\u0119d\u0105 si\u0119 wycofywa\u0107 z realizacji WWRD w\u0142a\u015bnie z powod\u00f3w finansowych. Jednak nie nale\u017cy si\u0119 poddawa\u0107 i szuka\u0107 plac\u00f3wki, kt\u00f3ra jak najlepiej wesprze nasze dziecko.<span style=\"color: #888888;\"><br>\n<\/span><\/span><\/p>\n","protected":false},"excerpt":{"rendered":"<p>Wczesne Wspomaganie Rozwoju Dziecka Jednym z cz\u0119\u015bciej zadawanych pyta\u0144 jest &#8222;Jak zapewni\u0107 dziecku wszechstronne wsparcie terapeutyczne?&#8221;. Jest kilka mo\u017cliwo\u015bci, o kt\u00f3rych ju\u017c pisa\u0142am w tym cyklu. Jednym z pierwszych i podstawowych sposob\u00f3w na realizacj\u0119 darmowych zaj\u0119\u0107 rehabilitacyjnych i terapeutycznych jest realizacja Wczesnego Wspomagania Rozwoju Dzieci (WWRD). Realizowane jest ono na podstawie &#8222;Opinii o potrzebie wczesnego [&hellip;]<\/p>\n","protected":false},"author":3,"featured_media":0,"parent":68,"menu_order":1,"comment_status":"closed","ping_status":"closed","template":"","meta":{"_crdt_document":"","_kadence_starter_templates_imported_post":false,"footnotes":""},"class_list":["post-661","page","type-page","status-publish","hentry"],"_links":{"self":[{"href":"https:\/\/maliwojownicy.org\/index.php\/wp-json\/wp\/v2\/pages\/661","targetHints":{"allow":["GET"]}}],"collection":[{"href":"https:\/\/maliwojownicy.org\/index.php\/wp-json\/wp\/v2\/pages"}],"about":[{"href":"https:\/\/maliwojownicy.org\/index.php\/wp-json\/wp\/v2\/types\/page"}],"author":[{"embeddable":true,"href":"https:\/\/maliwojownicy.org\/index.php\/wp-json\/wp\/v2\/users\/3"}],"replies":[{"embeddable":true,"href":"https:\/\/maliwojownicy.org\/index.php\/wp-json\/wp\/v2\/comments?post=661"}],"version-history":[{"count":1,"href":"https:\/\/maliwojownicy.org\/index.php\/wp-json\/wp\/v2\/pages\/661\/revisions"}],"predecessor-version":[{"id":2386,"href":"https:\/\/maliwojownicy.org\/index.php\/wp-json\/wp\/v2\/pages\/661\/revisions\/2386"}],"up":[{"embeddable":true,"href":"https:\/\/maliwojownicy.org\/index.php\/wp-json\/wp\/v2\/pages\/68"}],"wp:attachment":[{"href":"https:\/\/maliwojownicy.org\/index.php\/wp-json\/wp\/v2\/media?parent=661"}],"curies":[{"name":"wp","href":"https:\/\/api.w.org\/{rel}","templated":true}]}}