{"id":643,"date":"2020-05-09T10:39:43","date_gmt":"2020-05-09T10:39:43","guid":{"rendered":"http:\/\/maliwojownicy.org\/?page_id=643"},"modified":"2026-04-07T12:41:56","modified_gmt":"2026-04-07T10:41:56","slug":"powiklania","status":"publish","type":"page","link":"https:\/\/maliwojownicy.org\/index.php\/wyzwania-i-codziennosc\/wczesniaki\/powiklania\/","title":{"rendered":"Powik\u0142ania i choroby"},"content":{"rendered":"\n<div class=\"wp-block-group is-nowrap is-layout-flex wp-container-core-group-is-layout-3a88641f wp-block-group-is-layout-flex\">\n<h2 class=\"wp-block-heading has-text-color has-link-color wp-elements-f647cea4af9653a9f791ce06c5feb89a\" style=\"color:#974bc3\"><strong>Powik\u0142ania i choroby<\/strong><\/h2>\n<\/div>\n\n\n\n<p class=\"wp-block-paragraph\">Wcze\u015bniactwo mo\u017ce wi\u0105za\u0107 si\u0119 z r\u00f3\u017cnymi wyzwaniami zdrowotnymi, kt\u00f3re wymagaj\u0105 uwa\u017cnej obserwacji i odpowiedniej opieki. W tej cz\u0119\u015bci znajdziesz podstawowe informacje o najcz\u0119stszych powik\u0142aniach i chorobach wyst\u0119puj\u0105cych u wcze\u015bniak\u00f3w. Naszym celem jest pom\u00f3c Ci lepiej zrozumie\u0107 mo\u017cliwe trudno\u015bci oraz przygotowa\u0107 Ci\u0119 do rozm\u00f3w z lekarzami i \u015bwiadomego wspierania Twojego dziecka<\/p>\n\n\n\n<details class=\"wp-block-details is-layout-flow wp-block-details-is-layout-flow\" style=\"font-style:normal;font-weight:400\"><summary><strong>Wirus RS<\/strong><\/summary>\n<figure class=\"wp-block-image alignleft size-large is-resized\"><img loading=\"lazy\" decoding=\"async\" width=\"1024\" height=\"1024\" fetchpriority=\"low\" src=\"https:\/\/maliwojownicy.org\/wp-content\/uploads\/2021\/02\/wirus-RS-2-1024x1024.png\" alt=\"\" class=\"wp-image-963\" style=\"width:273px;height:auto\" srcset=\"https:\/\/maliwojownicy.org\/wp-content\/uploads\/2021\/02\/wirus-RS-2-1024x1024.png 1024w, https:\/\/maliwojownicy.org\/wp-content\/uploads\/2021\/02\/wirus-RS-2-300x300.png 300w, https:\/\/maliwojownicy.org\/wp-content\/uploads\/2021\/02\/wirus-RS-2-150x150.png 150w, https:\/\/maliwojownicy.org\/wp-content\/uploads\/2021\/02\/wirus-RS-2-768x768.png 768w, https:\/\/maliwojownicy.org\/wp-content\/uploads\/2021\/02\/wirus-RS-2-1536x1536.png 1536w, https:\/\/maliwojownicy.org\/wp-content\/uploads\/2021\/02\/wirus-RS-2-2048x2048.png 2048w, https:\/\/maliwojownicy.org\/wp-content\/uploads\/2021\/02\/wirus-RS-2-600x600.png 600w, https:\/\/maliwojownicy.org\/wp-content\/uploads\/2021\/02\/wirus-RS-2-100x100.png 100w\" sizes=\"auto, (max-width: 1024px) 100vw, 1024px\" \/><\/figure>\n\n\n\n<p class=\"wp-block-paragraph\">Zanim zosta\u0142am mam\u0105 wcze\u015bniaka, nigdy nie s\u0142ysza\u0142am o wirusie RS (RSV &#8211; ang. respiratory syncytial virus) i o tym jak mo\u017ce by\u0107 gro\u017any dla dzieci z obni\u017con\u0105 odporno\u015bci\u0105, a zw\u0142aszcza dla dzieci przedwcze\u015bnie urodzonych.<\/p>\n\n\n\n<p class=\"wp-block-paragraph\"><strong>Czy jest w\u0142a\u015bciwie ten wirus i jak si\u0119 rozprzestrzenia?<\/strong><\/p>\n\n\n\n<p class=\"wp-block-paragraph\">RSV jest przyczyn\u0105 infekcji g\u00f3rnych dr\u00f3g oddechowych, kt\u00f3re dla wcze\u015bniak\u00f3w s\u0105 bardzo niebezpieczne, mog\u0105 prowadzi\u0107 do niedotlenienia (powoduj\u0105cego np. m\u00f3zgowe pora\u017cenie dzieci\u0119ce) lub nawet do \u015bmierci. Doro\u015bli, dzieci donoszone lub zdrowe przewa\u017cnie znacznie \u0142agodniej przechodz\u0105 infekcje spowodowane tym wirusem, czasami nawet nie wiedz\u0105c, \u017ce to w\u0142a\u015bnie RSV. Czasami mo\u017cna nawet my\u015ble\u0107, \u017ce to zwykle przezi\u0119bienie, bo objawami s\u0105: katar, kaszel i og\u00f3lne os\u0142abienie.<\/p>\n\n\n\n<p class=\"wp-block-paragraph\">U wcze\u015bniak\u00f3w, kt\u00f3rych organizm nie jest przecie\u017c przygotowany na funkcjonowanie poza \u0142onem mamy, infekcje dr\u00f3g oddechowych wyst\u0119puj\u0105 dziesi\u0119\u0107 razy cz\u0119\u015bciej ni\u017c u dzieci donoszonych. Konsekwencje ich te\u017c cz\u0119sto bywaj\u0105 gro\u017aniejsze i prowadz\u0105 do: zapalenia oskrzelik\u00f3w, zapalenia p\u0142uc z niewydolno\u015bci\u0105 oddechow\u0105. Konieczna wtedy jest hospitalizacja.<\/p>\n\n\n\n<p class=\"wp-block-paragraph\">My prze\u017cyli\u015bmy to, kiedy c\u00f3rka (25tc) mia\u0142a dwa lata urodzeniowe. Zwykle przezi\u0119bienie w ci\u0105gu kilku dni zmieni\u0142o si\u0119 w zapalenie p\u0142uc. Poniewa\u017c wymiotowa\u0142a jedzeniem i lekami trafili\u015bmy do szpitala, gdzie wynik na wirusa RS by\u0142 dodatni. Mia\u0142a spadki saturacji, potrzebowa\u0142a wsparcia tlenowego. Wcze\u015bniej nie mia\u0142a objaw\u00f3w MPD, a po tej chorobie niestety po p\u00f3\u0142 roku dostali\u015bmy tak\u0105 diagnoz\u0119. Nie zapomn\u0119 strachu&#8230; przypomnia\u0142y mi si\u0119 nasze 4 pierwsze miesi\u0105ce \u017cycia, kt\u00f3re c\u00f3reczka sp\u0119dzi\u0142a w szpitalu. Przesz\u0142a dysplazj\u0119 oskrzelowo &#8211; p\u0142ucn\u0105 i chocia\u017c wiedzia\u0142am, \u017ce potrzebuje tlenu to bardzo si\u0119 go ba\u0142am. Na szcz\u0119\u015bcie oby\u0142o si\u0119 bez intubacji. Ale dochodzi\u0142a do siebie prawie 1,5 miesi\u0105ca.<\/p>\n\n\n\n<p class=\"wp-block-paragraph\">Moja c\u00f3rka by\u0142a ju\u017c do\u015b\u0107 du\u017ca, ale wirus potrafi zaatakowa\u0107 r\u00f3wnie\u017c noworodki i niemowl\u0119ta. Dlatego tak wa\u017cna jest profilaktyka. Wirus RS przenoszony jest droga kropelkow\u0105. Wa\u017cne jest aby cz\u0119sto my\u0107 r\u0119ce (to dobre te\u017c \u017ce wzgl\u0119du na inne wirusy chocia\u017cby koronawirusa), zas\u0142ania\u0107 buzi\u0119, gdy kichamy, nie chodzi\u0107 w zat\u0142oczone miejsca np. do supermarketu.<\/p>\n\n\n\n<p class=\"wp-block-paragraph\">Wiedz\u0105c, \u017ce ten wirus jest tak gro\u017any dla wcze\u015bniak\u00f3w i innych dzieci o obni\u017conej odporno\u015bci (np. z wadami serca) wprowadzony zosta\u0142 program profilaktyki wirusa RS, kt\u00f3ry zapewnia podanie leku. Dziecko zakwalifikowane do programu otrzymuje w sezonie mi\u0119dzy pa\u017adziernikiem a marcem od 3 do 5 dawek leku, w odst\u0119pach 30 dni (tyle lek chroni dziecko).<\/p>\n\n\n\n<p class=\"wp-block-paragraph\"><strong>Jakie kryteria musi spe\u0142nia\u0107 dziecko aby mog\u0142o otrzyma\u0107 lek w Polsce (ka\u017cdy kraj ma inne kryteria)?<\/strong><\/p>\n\n\n\n<ol class=\"wp-block-list\">\n<li>Wcze\u015bniaki z 28 tc i m\u0142odsze lub z dysplazj\u0105 oskrzelowo &#8211; p\u0142ucn\u0105\u00a0w momencie rozpocz\u0119cia immunizacji nie uko\u0144czony 1 rok \u017cycia.<\/li>\n\n\n\n<li>Wcze\u015bniaki urodzone w 29 do 32 tcw momencie rozpocz\u0119cia immunizacji nie uko\u0144czony 6 miesi\u0105c \u017cycia.<\/li>\n<\/ol>\n\n\n\n<p class=\"wp-block-paragraph\">Obecnie lek mo\u017ce by\u0107 ju\u017c podawany dzieciom, kt\u00f3re nie zosta\u0142y wypisane jeszcze ze szpitala, o ile spe\u0142niaj\u0105 warunki i jest sezon podawania leku. Niestety nie wszystkie szpitale, gdzie przebywaj\u0105 wcze\u015bniaki bior\u0105 udzia\u0142 w tym programie. Je\u015bli tak si\u0119 stanie to dziecko po wypisaniu ze szpitala powinno dosta\u0107 w wypisie kwalifikacje do udzia\u0142u w programie. Musi oczywi\u015bcie spe\u0142nia\u0107 kryterium. Je\u017celi dziecko urodzi\u0142o si\u0119 w 30tc w lutym w szpitalu, kt\u00f3ry nie prowadzi programu i wyjdzie do domu w kwietniu, to nie otrzyma leku w lutym i marcu (bo przebywa w szpitalu, kt\u00f3ry nie ma wdro\u017conego programu, ani te\u017c w pa\u017adzierniku bo b\u0119dzie mia\u0142o wi\u0119cej ni\u017c p\u00f3\u0142 roku.<\/p>\n\n\n\n<p class=\"wp-block-paragraph\">Warto pami\u0119ta\u0107, \u017ce ostatecznie podawany jest lek, a nie szczepionka, cho\u0107 w formie &#8222;zastrzyku&#8221; oraz \u017ce chroni on jedynie przez ok. 30 dni.<\/p>\n\n\n\n<p class=\"wp-block-paragraph\">Lek chroni\u0105cy przed wirusem RS mo\u017cna kupi\u0107 komercyjnie. Potrzebna ilo\u015b\u0107 jest przeliczana na wag\u0119 dziecka. Lek sprzedawany jest w ampu\u0142kach. Koszt jednej to cz\u0119sto ponad 5 ty\u015b. z\u0142otych.<\/p>\n\n\n\n<p class=\"wp-block-paragraph\">Rodzice dzieci, kt\u00f3re rodz\u0105 si\u0119 w szpitalach nieprowadz\u0105cych program profilaktyki wirusa RS czasami nie wiedz\u0105, \u017ce mog\u0105 z niego skorzysta\u0107. Dlatego tak wa\u017cne jest promowanie wiedzy na ten temat. Ogromny wk\u0142ad w rozszerzenie programu m.in. o wcze\u015bniaki powy\u017cej 28tc oraz w kampani\u0119 informacyjn\u0105 ma &#8222;Koalicja dla wcze\u015bniaka&#8221;. Co roku przed sezonem przygotowuje wiele materia\u0142\u00f3w na temat profilaktyki oraz samego wirus, kt\u00f3re znajduj\u0105 si\u0119 r\u00f3wnie\u017c na ich stronie internetowej oraz FB.<\/p>\n\n\n\n<p class=\"wp-block-paragraph\">Wirus RS jest powa\u017cnym zagro\u017ceniem,&nbsp;trzeba stosowa\u0107 si\u0119 do podstawowych zasad profilaktyki i czu\u0107 do niego respekt. Nie mo\u017cna tylko przesadza\u0107 w \u017cadn\u0105 ze stron i np. trzyma\u0107 naszego wcze\u015bniaka w ca\u0142kowitej izolacji przez ca\u0142y sezon jesienno &#8211; zimowy. Do wszystkiego trzeba podchodzi\u0107 \u017ce zdrowym rozs\u0105dkiem. Je\u015bli babcia ma katar, to niech wtedy zostanie w domu, ale kiedy si\u0119 go pozb\u0119dzie, niech przyjdzie w odwiedziny do wnuka, pami\u0119taj\u0105c o umyciu r\u0105k&nbsp;.<\/p>\n<\/details>\n","protected":false},"excerpt":{"rendered":"<p>Powik\u0142ania i choroby Wcze\u015bniactwo mo\u017ce wi\u0105za\u0107 si\u0119 z r\u00f3\u017cnymi wyzwaniami zdrowotnymi, kt\u00f3re wymagaj\u0105 uwa\u017cnej obserwacji i odpowiedniej opieki. W tej cz\u0119\u015bci znajdziesz podstawowe informacje o najcz\u0119stszych powik\u0142aniach i chorobach wyst\u0119puj\u0105cych u wcze\u015bniak\u00f3w. Naszym celem jest pom\u00f3c Ci lepiej zrozumie\u0107 mo\u017cliwe trudno\u015bci oraz przygotowa\u0107 Ci\u0119 do rozm\u00f3w z lekarzami i \u015bwiadomego wspierania Twojego dziecka<\/p>\n","protected":false},"author":3,"featured_media":0,"parent":244,"menu_order":7,"comment_status":"closed","ping_status":"closed","template":"","meta":{"_crdt_document":"","_kadence_starter_templates_imported_post":false,"footnotes":""},"class_list":["post-643","page","type-page","status-publish","hentry"],"_links":{"self":[{"href":"https:\/\/maliwojownicy.org\/index.php\/wp-json\/wp\/v2\/pages\/643","targetHints":{"allow":["GET"]}}],"collection":[{"href":"https:\/\/maliwojownicy.org\/index.php\/wp-json\/wp\/v2\/pages"}],"about":[{"href":"https:\/\/maliwojownicy.org\/index.php\/wp-json\/wp\/v2\/types\/page"}],"author":[{"embeddable":true,"href":"https:\/\/maliwojownicy.org\/index.php\/wp-json\/wp\/v2\/users\/3"}],"replies":[{"embeddable":true,"href":"https:\/\/maliwojownicy.org\/index.php\/wp-json\/wp\/v2\/comments?post=643"}],"version-history":[{"count":1,"href":"https:\/\/maliwojownicy.org\/index.php\/wp-json\/wp\/v2\/pages\/643\/revisions"}],"predecessor-version":[{"id":2379,"href":"https:\/\/maliwojownicy.org\/index.php\/wp-json\/wp\/v2\/pages\/643\/revisions\/2379"}],"up":[{"embeddable":true,"href":"https:\/\/maliwojownicy.org\/index.php\/wp-json\/wp\/v2\/pages\/244"}],"wp:attachment":[{"href":"https:\/\/maliwojownicy.org\/index.php\/wp-json\/wp\/v2\/media?parent=643"}],"curies":[{"name":"wp","href":"https:\/\/api.w.org\/{rel}","templated":true}]}}