{"id":631,"date":"2020-05-09T10:37:50","date_gmt":"2020-05-09T10:37:50","guid":{"rendered":"http:\/\/maliwojownicy.org\/?page_id=631"},"modified":"2026-04-03T10:39:00","modified_gmt":"2026-04-03T08:39:00","slug":"rodzina","status":"publish","type":"page","link":"https:\/\/maliwojownicy.org\/index.php\/wyzwania-i-codziennosc\/wczesniaki\/rodzina\/","title":{"rendered":"Rodzina"},"content":{"rendered":"\n<h2 class=\"wp-block-heading has-text-color has-link-color wp-elements-ecd68e0b930bda62bcbc0cb682388929\" style=\"color:#8824e0\"><strong><em>Rodzina<\/em><\/strong><\/h2>\n\n\n\n<p class=\"wp-block-paragraph\" style=\"font-style:normal;font-weight:400\">Pojawienie si\u0119 wcze\u015bniaka w rodzinie to wyj\u0105tkowe wydarzenie, kt\u00f3re wp\u0142ywa na wszystkich jej cz\u0142onk\u00f3w. W tej cz\u0119\u015bci znajdziesz wsparcie i wskaz\u00f3wki, jak odnale\u017a\u0107 si\u0119 w nowej sytuacji, oraz jak wspiera\u0107 starsze rodze\u0144stwo, aby czu\u0142o si\u0119 bezpieczne i wa\u017cne w tym szczeg\u00f3lnym czasie.<\/p>\n\n\n\n<details class=\"wp-block-details is-layout-flow wp-block-details-is-layout-flow\" style=\"font-style:normal;font-weight:400\"><summary><strong>W rodzinie urodzi\u0142 si\u0119 wcze\u015bniak<\/strong><\/summary>\n<figure class=\"wp-block-image alignleft size-large is-resized\"><img loading=\"lazy\" decoding=\"async\" width=\"1024\" height=\"1024\" fetchpriority=\"low\" src=\"https:\/\/maliwojownicy.org\/wp-content\/uploads\/2020\/05\/wczesniaki-5-2-1024x1024.png\" alt=\"\" class=\"wp-image-831\" style=\"width:324px;height:auto\" srcset=\"https:\/\/maliwojownicy.org\/wp-content\/uploads\/2020\/05\/wczesniaki-5-2-1024x1024.png 1024w, https:\/\/maliwojownicy.org\/wp-content\/uploads\/2020\/05\/wczesniaki-5-2-300x300.png 300w, https:\/\/maliwojownicy.org\/wp-content\/uploads\/2020\/05\/wczesniaki-5-2-150x150.png 150w, https:\/\/maliwojownicy.org\/wp-content\/uploads\/2020\/05\/wczesniaki-5-2-768x768.png 768w, https:\/\/maliwojownicy.org\/wp-content\/uploads\/2020\/05\/wczesniaki-5-2-1536x1536.png 1536w, https:\/\/maliwojownicy.org\/wp-content\/uploads\/2020\/05\/wczesniaki-5-2-2048x2048.png 2048w, https:\/\/maliwojownicy.org\/wp-content\/uploads\/2020\/05\/wczesniaki-5-2-600x600.png 600w, https:\/\/maliwojownicy.org\/wp-content\/uploads\/2020\/05\/wczesniaki-5-2-100x100.png 100w\" sizes=\"auto, (max-width: 1024px) 100vw, 1024px\" \/><\/figure>\n\n\n\n<p class=\"wp-block-paragraph\"><span style=\"font-size: 14pt;\">Kiedy w rodzinie pojawia si\u0119 wcze\u015bniak jest to bardzo trudna sytuacja dla rodzic\u00f3w ale te\u017c ca\u0142ej rodziny. Zmienia si\u0119 wszystko i ci\u0119\u017cko si\u0119 w tym odnale\u017a\u0107 zar\u00f3wno rodzicom, rodze\u0144stwu, dziadkom ale te\u017c dalszej rodzinie. I w\u0142a\u015bnie g\u0142\u00f3wnie nad tymi aspektami narodzin wcze\u015bniaka dzi\u015b si\u0119 pochyl\u0119.<\/span><\/p>\n\n\n\n<p class=\"wp-block-paragraph\"><span style=\"font-size: 14pt;\">W zwi\u0105zku z tym, \u017ce wiedz\u0105 na temat dzieci przedwcze\u015bnie urodzonych nadal w spo\u0142ecze\u0144stwie jest bardzo ma\u0142a i cz\u0119sto b\u0142\u0119dna rodzina i znajomi, kt\u00f3rzy chc\u0105 wesprze\u0107 rodzic\u00f3w dodaj\u0105 im b\u00f3lu i frustracji zamiast ciep\u0142a i otuchy. Znane jest przez wierzenie, \u017ce nie zrozumiesz mnie p\u00f3ki nie wejdziesz w moje buty ale w przypadku wcze\u015bniak\u00f3w jest to cz\u0119sto niemo\u017cliwe. Rodzice Wojownik\u00f3w czuj\u0105 si\u0119 nie zrozumienia i cz\u0119sto z g\u00f3ry zak\u0142adaj\u0105, \u017ce kto\u015b kto tego nie prze\u017cy\u0142 nie mo\u017ce ich zrozumie\u0107. Cz\u0119sto czuj\u0119 to samo cho\u0107 moja c\u00f3rka (25tc) ma ju\u017c 4 lata. Jednak dzi\u015b, z perspektywy czasu i do\u015bwiadczenia wiem, \u017ce wiele os\u00f3b chce nas zrozumie\u0107 ale brak im wiedzy jak to zrobi\u0107<\/span><\/p>\n\n\n\n<p class=\"wp-block-paragraph\"><span style=\"font-size: 14pt;\">Rodzice s\u0105 poruszeni, zrozpaczeni, zagubieni&#8230; masa emocji i ka\u017cdy radzi sobie stosuj\u0105c inna strategi\u0119 (b\u0119dzie o tym w jednym z kolejnych wpis\u00f3w). Cz\u0119sto nie potrafi\u0105 nawet powiedzie\u0107 rodzinie i znajomym, \u017ce maj\u0105 ju\u017c dziecko&#8230; bo przecie\u017c to mia\u0142o by\u0107 dopiero za miesi\u0105c, dwa lub trzy. Nikt raczej nie wysy\u0142a masowo SMS-\u00f3w ze zdj\u0119ciem malucha walcz\u0105cego o \u017cycie z informacj\u0105, \u017ce jest ju\u017c na \u015bwiecie. Nie wiedz\u0105 jak i komu powiedzie\u0107&#8230;<\/span><\/p>\n\n\n\n<p class=\"wp-block-paragraph\"><span style=\"font-size: 14pt;\">Z drugiej strony, je\u015bli komu\u015b \u017ce znajomych czy rodziny urodzi si\u0119 wcze\u015bniak nikt nie dzwoni z gratulacjami, nie wysy\u0142a kwiat\u00f3w czy balon\u00f3w. Nie wiadomo jak si\u0119 zachowa\u0107 wi\u0119c wyg\u0142asza si\u0119 pocieszenia typu &#8222;pole\u017cy w inkubatorze i zabierzecie Go do domu&#8221;, &#8222;to tylko takie mniejsze dziecko&#8221; i milion innych g\u0142upot, kt\u00f3re \u015blina na j\u0119zyk przyniesie. Nie chc\u0119 tu przytacza\u0107 ich wszystkich bo pewnie ka\u017cdy z rodzic\u00f3w wcze\u015bniak\u00f3w s\u0142ysza\u0142 je nie raz i nie raz go zrani\u0142y.<\/span><\/p>\n\n\n\n<p class=\"wp-block-paragraph\"><span style=\"font-size: 14pt;\"><strong>Jak sobie z tym poradzi\u0107?<\/strong> <\/span><br><span style=\"font-size: 14pt;\">Dla rodzic\u00f3w mam proste rady &#8211; je\u015bli kto\u015b m\u00f3wi, rzeczy kt\u00f3re sprawiaj\u0105 Ci b\u00f3l to z pewno\u015bci\u0105 o tym nie wie. Mo\u017cesz albo wyja\u015bni\u0107 jaki jest stan Twojego dziecka albo po prostu nie s\u0142ucha\u0107 g\u0142upot. I to niezale\u017cnie od tego czy dziecko ma 2 dni i le\u017cy pod respiratorem, 3 miesi\u0105ce i w\u0142a\u015bnie wysz\u0142o do domu czy 10 miesi\u0119cy i zmaga si\u0119 z grudkami w jedzeniu. Czasami po prostu trzeba powiedzie\u0107, \u017ce Ty wiesz lepiej i czujesz inaczej&#8230; nawet je\u015bli masz to powiedzie\u0107 mamie, cioci czy te\u015bciowi. Ja tak kiedy\u015b zrobi\u0142am i w tej chwili moja rodzina ju\u017c nie komentuje moich metod opieki nad c\u00f3rk\u0105.<\/span><\/p>\n\n\n\n<p class=\"wp-block-paragraph\"><span style=\"font-size: 14pt;\"><strong>Jakie rady mam dla rodziny i przyjaci\u00f3\u0142?<\/strong> <\/span><br><span style=\"font-size: 14pt;\">Przed wszystkim pami\u0119taj, \u017ce wcze\u015bniak to nie jest mniejsze dziecko, kt\u00f3re pole\u017cy w inkubatorze jak w brzuchu mamy i dojrzeje. Jego \u017cycie jest zagro\u017cone i mo\u017ce zdarzy\u0107 si\u0119 wszystko, zar\u00f3wno tu\u017c po urodzeniu jak i podczas Jego dalszego rozwoju. To, \u017ce komu\u015b urodzi\u0142 si\u0119 wcze\u015bniak to nie znaczy, \u017ce jest gorszym rodzicem. Przede wszystkim jest <strong>RODZICEM<\/strong> i to takim, kt\u00f3ry nie mo\u017ce zaj\u0105\u0107 si\u0119 swoim dzieckiem. Dzieckiem, kt\u00f3re cz\u0119sto walczy o \u017cycie. Pocieszenia typu &#8222;mojej kuzynce urodzi\u0142 si\u0119 wcze\u015bniak, a teraz ch\u0142opak jak d\u0105b&#8221; nic nie dadz\u0105. Bo wcze\u015bniak wcze\u015bniakowi nie r\u00f3wny, a powik\u0142ania to swoista rosyjska ruletka.<\/span><\/p>\n\n\n\n<p class=\"wp-block-paragraph\"><span style=\"font-size: 14pt;\"><strong>Je\u015bli chcesz wesprze\u0107 osoby, kt\u00f3re zosta\u0142y rodzicami wcze\u015bniaka to po prostu b\u0105d\u017a blisko i zapytaj jak mo\u017cesz pom\u00f3c.<\/strong> Czasami wyr\u0119czanie w kwestiach organizacyjnych, pomoc w znalezieniu lokum blisko szpitala, zaopiekowanie si\u0119 czasami starszym dzieckiem czy ugotowanie obiadu na kilka dni jest ogromnym wsparciem. Pami\u0119tam jak przez pierwsze dni po moim wyj\u015bciu ze szpitala by\u0142am tak roztrz\u0119siona a jednocze\u015bnie zafiksowana na \u015bci\u0105ganiu mleka i je\u017cd\u017ceniem dwa razy dziennie do szpitala, \u017ce nie w g\u0142owie mi by\u0142o gotowanie. Przez ten pierwszy okres ratowa\u0142y nas obiady, kt\u00f3re mama gotowa\u0142a nam na kilka dni.<\/span><\/p>\n\n\n\n<p class=\"wp-block-paragraph\"><span style=\"font-size: 14pt;\">Cz\u0119sto bycie po prostu na wyci\u0105gni\u0119cie r\u0119ki jest tym czego potrzebuj\u0105 rodzice. Czasem potrzebuj\u0105 pop\u0142aka\u0107, innym razem pomilcze\u0107 a kiedy indziej obejrze\u0107 g\u0142upia komedi\u0119. Je\u015bli chcesz pom\u00f3c nie oceniaj\u0105, nie udzielaj\u0105 instrukcji &#8211; chyba, \u017ce w\u0142a\u015bnie o to poprosz\u0105. Niech to Oni nadaj\u0105 ton temu okresowi.<\/span><\/p>\n\n\n\n<p class=\"wp-block-paragraph\"><span style=\"font-size: 14pt;\">Wiem, \u017ce to trudna sytuacja r\u00f3wnie\u017c dla dziadk\u00f3w wcze\u015bniaka. Cz\u0119sto to wyczekiwany wnuczek czy wnuczka, kt\u00f3rego nie mog\u0105 zobaczy\u0107 miesi\u0105cami cho\u0107 jest w tym samym mie\u015bcie. Ich te\u017c nale\u017cy wspiera\u0107 w tych trudnych chwilach ale&#8230; dziadkowie nie powinni oczekiwa\u0107, \u017ce rodzice wcze\u015bniaka b\u0119d\u0105 wspieraj\u0105cymi. Pami\u0119tam, jak moja mama cz\u0119sto m\u00f3wi\u0142a, \u017ce bardzo chcia\u0142aby ju\u017c zobaczy\u0107 moj\u0105 c\u00f3reczk\u0119, ale ja nie mia\u0142am si\u0142y ani ch\u0119ci Jej w tym pociesza\u0107. Jest moj\u0105 mam\u0105 i to ja oczekiwa\u0142am od niej si\u0142y i wsparcia. W tych trudnych chwilach rodzice wcze\u015bniaka naprawd\u0119 mog\u0105 t\u0119 sytuacj\u0119 prze\u017cywa\u0107 r\u00f3\u017cnie, ale nie mo\u017cna od Nich oczekiwa\u0107 \u017ceby dawali jeszcze si\u0142\u0119 i wsparcie innym. Cho\u0107 s\u0105 od tego wyj\u0105tki&#8230;<\/span><\/p>\n\n\n\n<p class=\"wp-block-paragraph\"><span style=\"font-size: 14pt;\"><strong>Takim wyj\u0105tkiem jest rodze\u0144stwo wcze\u015bniaka, o kt\u00f3rym przeczytacie poni\u017cej.<\/strong><br><\/span><\/p>\n<\/details>\n\n\n\n<details class=\"wp-block-details is-layout-flow wp-block-details-is-layout-flow\" style=\"font-style:normal;font-weight:400\"><summary><strong>Starsze rodze\u0144stwo wcze\u015bniaka<\/strong><\/summary>\n<figure class=\"wp-block-image alignleft size-large is-resized\"><img loading=\"lazy\" decoding=\"async\" width=\"1024\" height=\"1024\" fetchpriority=\"low\" src=\"https:\/\/maliwojownicy.org\/wp-content\/uploads\/2020\/05\/wczesniaki-6-2-1024x1024.png\" alt=\"\" class=\"wp-image-832\" style=\"width:316px;height:auto\" srcset=\"https:\/\/maliwojownicy.org\/wp-content\/uploads\/2020\/05\/wczesniaki-6-2-1024x1024.png 1024w, https:\/\/maliwojownicy.org\/wp-content\/uploads\/2020\/05\/wczesniaki-6-2-300x300.png 300w, https:\/\/maliwojownicy.org\/wp-content\/uploads\/2020\/05\/wczesniaki-6-2-150x150.png 150w, https:\/\/maliwojownicy.org\/wp-content\/uploads\/2020\/05\/wczesniaki-6-2-768x768.png 768w, https:\/\/maliwojownicy.org\/wp-content\/uploads\/2020\/05\/wczesniaki-6-2-1536x1536.png 1536w, https:\/\/maliwojownicy.org\/wp-content\/uploads\/2020\/05\/wczesniaki-6-2-2048x2048.png 2048w, https:\/\/maliwojownicy.org\/wp-content\/uploads\/2020\/05\/wczesniaki-6-2-600x600.png 600w, https:\/\/maliwojownicy.org\/wp-content\/uploads\/2020\/05\/wczesniaki-6-2-100x100.png 100w\" sizes=\"auto, (max-width: 1024px) 100vw, 1024px\" \/><\/figure>\n\n\n\n<p class=\"wp-block-paragraph\"><span style=\"font-size: 14pt;\">Narodziny wcze\u015bniaka to trudny moment dla ca\u0142ej rodziny. <\/span><br><span style=\"font-size: 14pt;\">W specyficznej sytuacji zostaje postawione starsze rodze\u0144stwo. <\/span><br><span style=\"font-size: 14pt;\">Wiele zale\u017cy od wielu, dojrza\u0142o\u015bci dziecka i sytuacji rodzinnej, ale mo\u017cemy wskaza\u0107 kilka kluczowych problem\u00f3w, kt\u00f3re najcz\u0119\u015bciej si\u0119 powtarzaj\u0105.<\/span><\/p>\n\n\n\n<ol class=\"wp-block-list\">\n<li><strong>Ma\u0142e dziecko<\/strong><br><span style=\"font-size: 14pt;\">Kiedy starsze rodze\u0144stwo jest jeszcze ma\u0142e, ma rok czy dwa tak naprawd\u0119 ma\u0142o rozumie z ca\u0142ej sytuacji. Mo\u017ce nawet wiedzia\u0142o, \u017ce dzidziu\u015b by\u0142 w brzuchu ale powiedzenie, \u017ce ju\u017c jest na \u015bwiecie w jakim\u015b szpitalu jest surrealistyczne i ci\u0119\u017ckie do ogarni\u0119cia. Pokazanie zdj\u0119\u0107 czy filmik\u00f3w mo\u017ce niby pomoc ale dop\u00f3ki nie &#8222;dotknie&#8221; malucha to tak naprawd\u0119 ci\u0119\u017cko mu b\u0119dzie poj\u0105\u0107 co i jak.<\/span> <br><br><span style=\"font-size: 14pt;\">Martwienie si\u0119 stanem zdrowia malucha raczej nie wchodzi tu w gr\u0119, ale z pewno\u015bci\u0105 odczuj\u0105 nastr\u00f3j rodziny i mog\u0105 si\u0119 mu podda\u0107. Tak naprawd\u0119 w tym wieku inne problemy wysun\u0105\u0142 si\u0119 z pewno\u015bci\u0105 na pierwszy plan. Dla dziecka trudno mo\u017ce by\u0107 zrozumie\u0107 dlaczego jedno z rodzic\u00f3w lub oboje du\u017co czasu sp\u0119dzaj\u0105 poza domem i s\u0105 smutni. Czasami mo\u017ce pojawi\u0107 si\u0119 te\u017c z\u0142o\u015b\u0107 na siostr\u0119 lub brata, kt\u00f3ry jest jaka\u015b abstrakcja, \u017ce zabiera rodzic\u00f3w. <\/span><br><br><span style=\"font-size: 14pt;\">Niekt\u00f3rym rodzicom udaje si\u0119 zamiana w opiece nad dzie\u0107mi, ale kiedy maluch jest w oddalonym szpitalu to zaczyna by\u0107 trudne. Dobrze jest m\u00f3c liczy\u0107 na wsparcie rodziny lub przyjaci\u00f3\u0142 w opiece nad starszym dzieckiem. Jednak zawsze trzeba wygospodarowa\u0107 dla Niego czas w ci\u0105gu dnia. Wtedy warto od\u0142o\u017cy\u0107 troski na bok i stara\u0107 si\u0119 cieszy\u0107 z bycia razem. Starsze dziecko nie jest niczemu winne i powinno m\u00f3c si\u0119 \u015bmia\u0107 i cieszy\u0107 \u017cyciem.<\/span><br><\/li>\n\n\n\n<li><strong>Przedszkolak<\/strong><br><span style=\"font-size: 14pt;\">Dziecko w tym wieku opr\u00f3cz wspomnianych wcze\u015bniej problem\u00f3w mo\u017ce te\u017c by\u0107 ju\u017c bardziej \u015bwiadome i np. zadawa\u0107 trudne pytania. O co mo\u017ce pyta\u0107? R\u00f3\u017cnie np. kiedy maluch b\u0119dzie w domu, dlaczego jest w szpitalu, dlaczego urodzi\u0142 si\u0119 za wcze\u015bnie lub czy b\u0119dzie zdrowy.<\/span> <br><br><span style=\"font-size: 14pt;\">To trudne pytania zw\u0142aszcza, \u017ce cz\u0119sto nie znamy na nie odpowiedzi ani my ani lekarze. Warto by\u0107 szczerym z dzieckiem&#8230; czasami powiedzie\u0107, \u017ce si\u0119 nie wie. Je\u015bli si\u0119 czasami zakr\u0119ci si\u0119 \u0142za to te\u017c powiedzie\u0107 dlaczego. Nie straszy\u0107 ale w prostych s\u0142owach wyja\u015bni\u0107 co si\u0119 dzieje. Je\u015bli s\u0105 dobre wie\u015bci to te\u017c m\u00f3wi\u0107. Trzeba jednak obserwowa\u0107 dziecko czy chce o tym s\u0142ucha\u0107, a czasami po prostu zapyta\u0107.<\/span> <br><br><span style=\"font-size: 14pt;\">Kiedy moja bli\u017aniacza ci\u0105\u017ca by\u0142a zagro\u017cona, powiedzieli\u015bmy naszej w\u00f3wczas 3 &#8211; letniej c\u00f3rce, \u017ce maluszki s\u0105 chore i mama musia\u0142a kilka dni sp\u0119dzi\u0107 w szpitalu, a potem \u017ce nie mog\u0142am w domu si\u0119 z Ni\u0105 bawi\u0107 tylko le\u017ce\u0107. Kiedy dziewczynki niestety urodzi\u0142y si\u0119 w 19tc te\u017c t\u0142umaczyli\u015bmy co si\u0119 wydarzy\u0142o. Na tyle ile by\u0142a gotowa s\u0142ucha\u0107 i pyta\u0142a. Po roku pyta cz\u0119\u015bciej i o wi\u0119cej i zawsze odpowiedzi dostosowujemy do Jej gotowo\u015bci.<\/span> <br><br><span style=\"font-size: 14pt;\"><strong>W niekt\u00f3rych rodzinach dzieciom pomaga modlenie si\u0119 o zdrowie wcze\u015bniaka i Jego szybki powr\u00f3t do domu.<\/strong><\/span><br><\/li>\n\n\n\n<li><strong>Uczniowie i starsze dzieci<\/strong> <br><span style=\"font-size: 14pt;\">Im dziecko starsze tym samo lepiej b\u0119dzie komunikowa\u0142o swoje potrzeby, zmartwienia i trudno\u015bci. Warto na bie\u017c\u0105co z Nim o tym rozmawia\u0107 i cz\u0119sto upewnia\u0107 si\u0119 jak du\u017co chce wiedzie\u0107. Cz\u0119\u015b\u0107 dzieci b\u0119dzie przejawia\u0142o trudno\u015bci jak m\u0142odsze, inne mog\u0105 to prze\u017cywa\u0107 na sw\u00f3j spos\u00f3b. Jednak zawsze kluczem do zniwelowania problem\u00f3w b\u0119dzie rozmowa.<\/span><br><br><span style=\"font-size: 14pt;\">Wiem, \u017ce wielu rodzic\u00f3w zataja przed rodze\u0144stwem zar\u00f3wno stan dziecka jak i inne i formacje. Wed\u0142ug mnie nie jest to dobra droga bo s\u0105 cz\u0119\u015bci\u0105 rodziny a wykluczenie zawsze ma swoje negatywne konsekwencje. Oczywi\u015bcie wszystko trzeba robi\u0107 w zgodzie z sob\u0105 i dostosowane do dziecka. Bycie razem w zar\u00f3wno w dobrych jak i w trudnych sytuacjach tworzy wi\u0119\u017a i spaja rodzin\u0119.<\/span><br><\/li>\n\n\n\n<li><strong>Kiedy starsze rodze\u0144stwo to te\u017c wcze\u015bniak lub dziecko z trudno\u015bciami.<\/strong><br><span style=\"font-size: 14pt;\">S\u0105 i takie sytuacje. Wtedy bywa jeszcze trudniej bo rodzice musz\u0105 \u0142\u0105czy\u0107 opiek\u0119 nad starszym dzieckiem (rehabilitacj\u0119, terapi\u0119 i zaj\u0119cia) z wizytami w szpitalu u malucha. Nie jest to \u0142atwe ale dzi\u0119ki wsparciu bliskich jest mo\u017cliwe do organizacji. Wa\u017cne jest aby wyznaczy\u0107 sobie zadania i przede wszystkim nie wini\u0107 si\u0119 za to, \u017ce nie mo\u017ce by\u0107 si\u0119 z ka\u017cdym dzieckiem na 100%. A to ju\u017c bardzo trudne. Zreszt\u0105 o poczuciu winy b\u0119dzie jeden z kolejnych wpis\u00f3w.<\/span> <br><br><span style=\"font-size: 14pt;\">Nie wa\u017cne w jakim wieku starsze jest rodze\u0144stwo wa\u017cne aby o nim nie zapomnie\u0107 ale te\u017c z drugiej strony nie mo\u017cna wini\u0107 si\u0119 za to, \u017ce czasami musi si\u0119 nim zaj\u0105\u0107 kto\u015b inny. Jeszcze b\u0119dzie czas kiedy wsp\u00f3lnie b\u0119dziecie bawi\u0107 si\u0119 i leniuchowa\u0107. Trzeba tylko sobie da\u0107 troch\u0119 czasu.<\/span><\/li>\n<\/ol>\n\n\n\n<p class=\"wp-block-paragraph\"><\/p>\n\n\n\n<p class=\"wp-block-paragraph\"><\/p>\n\n\n\n<p class=\"wp-block-paragraph\"><\/p>\n\n\n\n<p class=\"wp-block-paragraph\"><\/p>\n\n\n\n<p class=\"wp-block-paragraph\"><\/p>\n\n\n\n<p class=\"wp-block-paragraph\"><\/p>\n\n\n\n<p class=\"wp-block-paragraph\"> <\/p>\n<\/details>\n","protected":false},"excerpt":{"rendered":"<p>Rodzina Pojawienie si\u0119 wcze\u015bniaka w rodzinie to wyj\u0105tkowe wydarzenie, kt\u00f3re wp\u0142ywa na wszystkich jej cz\u0142onk\u00f3w. W tej cz\u0119\u015bci znajdziesz wsparcie i wskaz\u00f3wki, jak odnale\u017a\u0107 si\u0119 w nowej sytuacji, oraz jak wspiera\u0107 starsze rodze\u0144stwo, aby czu\u0142o si\u0119 bezpieczne i wa\u017cne w tym szczeg\u00f3lnym czasie.<\/p>\n","protected":false},"author":3,"featured_media":0,"parent":244,"menu_order":1,"comment_status":"closed","ping_status":"closed","template":"","meta":{"_crdt_document":"","_kadence_starter_templates_imported_post":false,"footnotes":""},"class_list":["post-631","page","type-page","status-publish","hentry"],"_links":{"self":[{"href":"https:\/\/maliwojownicy.org\/index.php\/wp-json\/wp\/v2\/pages\/631","targetHints":{"allow":["GET"]}}],"collection":[{"href":"https:\/\/maliwojownicy.org\/index.php\/wp-json\/wp\/v2\/pages"}],"about":[{"href":"https:\/\/maliwojownicy.org\/index.php\/wp-json\/wp\/v2\/types\/page"}],"author":[{"embeddable":true,"href":"https:\/\/maliwojownicy.org\/index.php\/wp-json\/wp\/v2\/users\/3"}],"replies":[{"embeddable":true,"href":"https:\/\/maliwojownicy.org\/index.php\/wp-json\/wp\/v2\/comments?post=631"}],"version-history":[{"count":1,"href":"https:\/\/maliwojownicy.org\/index.php\/wp-json\/wp\/v2\/pages\/631\/revisions"}],"predecessor-version":[{"id":2370,"href":"https:\/\/maliwojownicy.org\/index.php\/wp-json\/wp\/v2\/pages\/631\/revisions\/2370"}],"up":[{"embeddable":true,"href":"https:\/\/maliwojownicy.org\/index.php\/wp-json\/wp\/v2\/pages\/244"}],"wp:attachment":[{"href":"https:\/\/maliwojownicy.org\/index.php\/wp-json\/wp\/v2\/media?parent=631"}],"curies":[{"name":"wp","href":"https:\/\/api.w.org\/{rel}","templated":true}]}}