{"id":55,"date":"2017-11-27T10:58:23","date_gmt":"2017-11-27T10:58:23","guid":{"rendered":"http:\/\/maliwojownicy.org\/?page_id=55"},"modified":"2026-04-07T13:01:22","modified_gmt":"2026-04-07T11:01:22","slug":"nasi-podopieczni","status":"publish","type":"page","link":"https:\/\/maliwojownicy.org\/index.php\/wyzwania-i-codziennosc\/nasi-podopieczni\/","title":{"rendered":"Nasi podopieczni"},"content":{"rendered":"\n<h2 class=\"wp-block-heading has-text-color has-link-color wp-elements-a5e14c9c7ef007676d697734d0a62530\" style=\"color:#8639a7\"><strong>Nasi podopieczni<\/strong><\/h2>\n\n\n\n<hr class=\"wp-block-separator has-alpha-channel-opacity\" style=\"margin-top:var(--wp--preset--spacing--70);margin-bottom:var(--wp--preset--spacing--70)\"\/>\n\n\n\n<div class=\"wp-block-media-text is-stacked-on-mobile\" style=\"font-style:normal;font-weight:400;grid-template-columns:30% auto\"><figure class=\"wp-block-media-text__media\"><img decoding=\"async\" src=\"http:\/\/maliwojownicy.org\/wp-content\/uploads\/2019\/09\/IMG_6506-214x300.jpg\" alt=\"\" class=\"wp-image-542 size-full\"\/><\/figure><div class=\"wp-block-media-text__content\">\n<div class=\"wp-block-group is-nowrap is-layout-flex wp-container-core-group-is-layout-40af6500 wp-block-group-is-layout-flex\" style=\"font-style:normal;font-weight:400\">\n<p class=\"wp-block-paragraph\"><span style=\"font-size: 14pt;\"><strong>Natalka<\/strong><\/span><\/p>\n<\/div>\n\n\n\n<div class=\"wp-block-group is-nowrap is-layout-flex wp-container-core-group-is-layout-3a88641f wp-block-group-is-layout-flex\">\n<p class=\"wp-block-paragraph\"><span style=\"font-size: 14pt;\">Natalka urodzi\u0142a si\u0119 w lutym 2016 r., w 34 tc &#8211; wa\u017cy\u0142a zaledwie 780 g<\/span><\/p>\n<\/div>\n\n\n\n<p class=\"wp-block-paragraph\"><span style=\"font-size: 14pt;\">Na pocz\u0105tku nie\u017ale radzi\u0142a sobie oddechowo i szybko z Intensywnej Terapii Noworodka trafi\u0142a na oddzia\u0142 wcze\u015bniak\u00f3w. Jednak Jej choroba z czasem zacz\u0119\u0142a coraz bardziej komplikowa\u0107 stan Natalki. Tlenozale\u017cno\u015b\u0107, s\u0142abe przybieranie na wadze i przede wszystkim problemy z nauka jedzenia ze smoczka&#8230; To wszystko sprawi\u0142o, \u017ce Natalka opu\u015bci\u0142a szpital po ponad 4 miesi\u0105cach pod opieka bia\u0142ostockiego domowego hospicjum dla dzieci. I nadal zostaje ich podopieczn\u0105.<\/span><\/p>\n\n\n\n<p class=\"wp-block-paragraph\"><span style=\"font-size: 14pt;\">Dziewczynka jako jedyna na \u015bwiecie cierpi na chorob\u0119 genetyczn\u0105 &#8211; erracj\u0119 chromosomu X. Pomimo, \u017ce ma prawie dwa latka funkcjonuje jak 4 miesi\u0119czne niemowl\u0119. Trudno powiedzie\u0107 jaki b\u0119dzie Jej los. Z pewno\u015bci\u0105 rehabilitacje, inhalacje i karmienie zewn\u0119trzne u\u0142atwiaj\u0105 Natalce funkcjonowanie.<\/span><\/p>\n\n\n\n<p class=\"wp-block-paragraph\"><span style=\"font-size: 14pt;\">Natalka jest pod czu\u0142\u0105 opiek\u0105 rodzic\u00f3w i starszej siostry, kt\u00f3ra jest do niej niezwykle przywi\u0105zana. A my pr\u00f3bujemy pomoc tej kochaj\u0105cej si\u0119 rodzinie w zmaganiach z codzienno\u015bci\u0105 i opiek\u0105 nad Natalk\u0105.<\/span><\/p>\n\n\n\n<p class=\"wp-block-paragraph\"><span style=\"font-size: 14pt;\">Je\u017celi chcesz bezpo\u015brednio pom\u00f3c finansowo Natalce i Jej rodzinie mo\u017cesz wp\u0142aci\u0107 fundusze na wydzielone konto:<br><strong>9816 0014 6210 8588 4240 000002 z dopiskiem &#8222;Leczenie i ochrona zdrowia Natalka&#8221;<\/strong><\/span><\/p>\n<\/div><\/div>\n\n\n\n<hr class=\"wp-block-separator has-alpha-channel-opacity\" style=\"margin-top:var(--wp--preset--spacing--50);margin-bottom:var(--wp--preset--spacing--50)\"\/>\n\n\n\n<div class=\"wp-block-media-text is-stacked-on-mobile\" style=\"font-style:normal;font-weight:400;grid-template-columns:30% auto\"><figure class=\"wp-block-media-text__media\"><img decoding=\"async\" src=\"http:\/\/maliwojownicy.org\/wp-content\/uploads\/2019\/09\/IMG_6589-214x300.jpg\" alt=\"\" class=\"wp-image-544 size-full\"\/><\/figure><div class=\"wp-block-media-text__content\">\n<div class=\"wp-block-group is-nowrap is-layout-flex wp-container-core-group-is-layout-40af6500 wp-block-group-is-layout-flex\">\n<p class=\"wp-block-paragraph\"><span style=\"font-size: 14pt;\"><strong>Franek<\/strong><\/span><\/p>\n<\/div>\n\n\n\n<p class=\"wp-block-paragraph\"><span style=\"font-size: 14pt;\">Franek urodzi\u0142 si\u0119 w maju 2015 r, w 30 tc.<\/span><\/p>\n\n\n\n<p class=\"wp-block-paragraph\"><span style=\"font-size: 14pt;\">Ch\u0142opiec urodzi\u0142 si\u0119 w ci\u0119\u017ckiej zamartwicy, cierpi na m\u00f3zgowe pora\u017cenie dzieci\u0119ce i wodog\u0142owie. Du\u017cym problem s\u0105 op\u00f3\u017anienie w rozwoju psychoruchowym i hipoplazja nerwu wzrokowego. Wiele z problem\u00f3w rozwojowych Franka wynika z wylew\u00f3w IV stopnia do o\u015brodkowego uk\u0142adu nerwowego.<\/span><\/p>\n\n\n\n<p class=\"wp-block-paragraph\"><span style=\"font-size: 14pt;\">Franek jest dzielnym ch\u0142opcem, kt\u00f3ry jak m\u00f3wi\u0105 rehabilitanci &#8222;dobrze rokuje&#8221;. Dzi\u0119ki intensywnym rehabilitacjom i udzia\u0142om w r\u00f3\u017cnych terapii sprawno\u015b\u0107 ch\u0142opca mo\u017ce by\u0107 coraz wi\u0119ksza. Obecnie do poruszania si\u0119 u\u017cywa specjalnego w\u00f3zka, nie m\u00f3wi &#8211; ale komunikuje si\u0119 gestami, d\u017awi\u0119kami i mimik\u0105.<\/span><\/p>\n\n\n\n<div class=\"wp-block-group is-nowrap is-layout-flex wp-container-core-group-is-layout-40af6500 wp-block-group-is-layout-flex\">\n<p class=\"wp-block-paragraph\"><span style=\"font-size: 14pt;\">Frankiem opiekuj\u0105 si\u0119 bardzo oddani rodzice, kt\u00f3rzy codziennie tocz\u0105 walk\u0119 o Jego sprawno\u015b\u0107 i usamodzielnianie. Je\u017celi chcesz im w tym pom\u00f3c wystarczy aby na przelewie na konto Fundacji dopisa\u0107 &#8222;leczenie i ochrona zdrowia Franka&#8221;<\/span><\/p>\n<\/div>\n\n\n\n<p class=\"wp-block-paragraph\"><span style=\"font-size: 14pt;\">Poznaj lepiej Franka na jego <a href=\"https:\/\/www.facebook.com\/Nasz-Mesel-Franek-i-jego-walka-o-lepsze-jutro-1336706739723828\/\">profilu<\/a><\/span><\/p>\n\n\n\n<p class=\"wp-block-paragraph\"><span style=\"font-size: 14pt;\">Je\u017celi chcesz pom\u00f3c Frankowi i Jego rodzinie mo\u017cesz to zrobi\u0107 poprzez wp\u0142at\u0119 na wydzielone konto:<\/span><\/p>\n\n\n\n<p class=\"wp-block-paragraph\"><span style=\"font-size: 14pt;\"><strong>7116 0014 6210 8588 4240 000003 z dopiskiem &#8222;leczenie i ochrona zdrowia Franek&#8221;<\/strong><\/span><\/p>\n<\/div><\/div>\n\n\n\n<hr class=\"wp-block-separator has-alpha-channel-opacity\" style=\"margin-top:var(--wp--preset--spacing--50);margin-bottom:var(--wp--preset--spacing--50)\"\/>\n\n\n\n<div class=\"wp-block-media-text is-stacked-on-mobile\" style=\"font-style:normal;font-weight:400;grid-template-columns:30% auto\"><figure class=\"wp-block-media-text__media\"><img loading=\"lazy\" decoding=\"async\" width=\"300\" height=\"217\" src=\"https:\/\/maliwojownicy.org\/wp-content\/uploads\/2019\/09\/44-2-300x217.jpg\" alt=\"\" class=\"wp-image-543 size-full\" srcset=\"https:\/\/maliwojownicy.org\/wp-content\/uploads\/2019\/09\/44-2-300x217.jpg 300w, https:\/\/maliwojownicy.org\/wp-content\/uploads\/2019\/09\/44-2-1024x741.jpg 1024w, https:\/\/maliwojownicy.org\/wp-content\/uploads\/2019\/09\/44-2-768x556.jpg 768w, https:\/\/maliwojownicy.org\/wp-content\/uploads\/2019\/09\/44-2-1536x1112.jpg 1536w, https:\/\/maliwojownicy.org\/wp-content\/uploads\/2019\/09\/44-2-2048x1482.jpg 2048w, https:\/\/maliwojownicy.org\/wp-content\/uploads\/2019\/09\/44-2-600x434.jpg 600w\" sizes=\"auto, (max-width: 300px) 100vw, 300px\" \/><\/figure><div class=\"wp-block-media-text__content\">\n<div class=\"wp-block-group is-nowrap is-layout-flex wp-container-core-group-is-layout-3a88641f wp-block-group-is-layout-flex\">\n<p class=\"wp-block-paragraph\"><span style=\"font-size: 14pt;\"><strong>Piotrek<\/strong><\/span><\/p>\n<\/div>\n\n\n\n<p class=\"wp-block-paragraph\"><span style=\"font-size: 14pt;\">Piotru\u015b ma 7 lat<\/span><\/p>\n\n\n\n<p class=\"wp-block-paragraph\"><span style=\"font-size: 14pt;\">To wiecznie u\u015bmiechni\u0119ty przedszkolak, kt\u00f3rego urodziny obwie\u015bci\u0142y fajerwerki Nowego Roku w 2014 r. Rado\u015b\u0107 rodzic\u00f3w z nowego cz\u0142onka rodziny do\u015b\u0107 szybko przy\u0107mi\u0142o zaniepokojenie Jego rozwojem. Obawy potwierdzi\u0142 najpierw rehabilitant, a w dalszej kolejno\u015bci lekarze r\u00f3\u017cnych specjalizacji.<\/span><\/p>\n\n\n\n<p class=\"wp-block-paragraph\"><span style=\"font-size: 14pt;\">Piotrek w 7 tygodniu \u017cycia rozpocz\u0105\u0142 rehabilitacj\u0119 ruchow\u0105, a jako 3 miesi\u0119czny niemowlak ucz\u0119szcza\u0142 ju\u017c na terapi\u0119 widzenia. Obecnie ch\u0142opiec korzysta z wielu terapii: ruchowej, logopedycznej, neurologopedycznej, integracji sensorycznej, hipoterapii, terapii widzenia i komunikacji alternatywnej. Jako 3 latek poszed\u0142 do przedszkola dla dzieci ze specjalnymi potrzebami i tam rozwija swoje spo\u0142eczne kontakty.<\/span><\/p>\n\n\n\n<p class=\"wp-block-paragraph\"><span style=\"font-size: 14pt;\">U Piotrusia zdiagnozowano dzieci\u0119ce pora\u017cenie m\u00f3zgowe pod postaci\u0105 obustronnego niedow\u0142adu po\u0142owiczego, w Jego g\u0142\u00f3wce dysproporcja p\u00f3\u0142kul okaza\u0142a si\u0119 wielom\u00f3zgowiem ogniskowym, a nieprawid\u0142owy spos\u00f3b patrzenia spowodowany jest hipoplazj\u0105 nerw\u00f3w wzrokowych i astygmatyzmem. Ch\u0142opiec ma wiele alergii i silny refluks co wymaga skomplikowanej i precyzyjnej diety.<\/span><\/p>\n\n\n\n<p class=\"wp-block-paragraph\"><span style=\"font-size: 14pt;\">Tylko ci\u0119\u017cka, systematyczna i wieloprofilowa rehabilitacja daje szans\u0119 i nadziej\u0119 na sprawno\u015b\u0107 Piotrka.<\/span><\/p>\n\n\n\n<p class=\"wp-block-paragraph\"><span style=\"font-size: 14pt;\">Sukcesy i troski ch\u0142opca mo\u017cecie \u015bledzi\u0107 na Jego <a href=\"https:\/\/www.facebook.com\/PromyczkiNadzieiPiotrusia\/\">profilu&nbsp;<\/a><\/span><\/p>\n\n\n\n<p class=\"wp-block-paragraph\"><span style=\"font-size: 14pt;\">Je\u017celi chcesz pom\u00f3c Piotrowi i Jego rodzinie mo\u017cesz dokona\u0107 wp\u0142aty na indywidualne konto:<\/span><\/p>\n\n\n\n<p class=\"wp-block-paragraph\"><span style=\"font-size: 14pt;\"><strong>4416 0014 6210 8588 4240 000004z dopiskiem &#8222;leczenie i ochrona zdrowia Piotrek&#8221;<\/strong><\/span><\/p>\n<\/div><\/div>\n\n\n\n<hr class=\"wp-block-separator has-alpha-channel-opacity\" style=\"margin-top:var(--wp--preset--spacing--50);margin-bottom:var(--wp--preset--spacing--50)\"\/>\n\n\n\n<div class=\"wp-block-media-text is-stacked-on-mobile\" style=\"font-style:normal;font-weight:400;grid-template-columns:30% auto\"><figure class=\"wp-block-media-text__media\"><img decoding=\"async\" src=\"http:\/\/maliwojownicy.org\/wp-content\/uploads\/2019\/09\/4-300x200.jpeg\" alt=\"\" class=\"wp-image-545 size-full\"\/><\/figure><div class=\"wp-block-media-text__content\">\n<div class=\"wp-block-group is-nowrap is-layout-flex wp-container-core-group-is-layout-3a88641f wp-block-group-is-layout-flex\">\n<p class=\"wp-block-paragraph\"><span style=\"font-size: 14pt;\"><strong>Anastazja<\/strong><\/span><\/p>\n<\/div>\n\n\n\n<p class=\"wp-block-paragraph\"><span style=\"font-size: 14pt;\">Ta dzielna wojowniczka ma zaledwie 4 latka, a z Neuroblastoma walczy ju\u017c po raz drugi. Anastazja mia\u0142a 10 miesi\u0119cy, gdy okaza\u0142o si\u0119, \u017ce ma neuroblastom\u0119 w IV stopniu zaawansowania.<\/span><\/p>\n\n\n\n<p class=\"wp-block-paragraph\"><span style=\"font-size: 14pt;\">Nasti mia\u0142a 11 blok\u00f3w chemii, dwie operacje, kilka przetocze\u0144 zar\u00f3wno krwi jak i p\u0142ytek, kilkana\u015bcie rezonans\u00f3w i scyntygrafii.<\/span><br>\n<span style=\"font-size: 14pt;\">Chemioterapia za ka\u017cdym razem, po ka\u017cdym bloku, przynosi\u0142a pozytywne efekty. Guz sukcesywnie si\u0119 zmniejsza\u0142.<\/span><br>\n<span style=\"font-size: 14pt;\">Kolejnym etapem, po ca\u0142ym protokole SIOPEN, by\u0142a operacja. Podczas pierwszej, wi\u0119ksza cz\u0119\u015b\u0107 guza zosta\u0142a usuni\u0119ta z klatki piersiowej, podczas drugiej chirurdzy wyci\u0119li reszt\u0119 tego, co zosta\u0142o w mi\u0119\u015bniach grzbietu.<\/span><\/p>\n\n\n\n<p class=\"wp-block-paragraph\"><span style=\"font-size: 14pt;\">Jednak okaza\u0142o si\u0119, \u017ce rezonans wykonany po ostatniej operacji pokaza\u0142, \u017ce co\u015b jeszcze zosta\u0142o przy kr\u0119gos\u0142upie i mo\u017ce to by\u0107 WZNOWA!<\/span><br><span style=\"font-size: 14pt;\">Zapad\u0142a decyzja o podaniu trzech blok\u00f3w chemii i przygotowaniu Anastazji do megachemii i autoprzeszczepu. Nast\u0119pnie w gr\u0119 wchodz\u0105 jeszcze na\u015bwietlania i terapia przeciwcia\u0142ami Anty GD2.<\/span><\/p>\n\n\n\n<p class=\"wp-block-paragraph\"><span style=\"font-size: 14pt;\">Nastka na t\u0119 chwil\u0119 dzi\u0119ki terapii przeciwcia\u0142ami Anty GD2 jest zdrowa &#8211; trzymamy kciuki aby ju\u017c zawsze tak by\u0142o. Teraz tylko musi odzyska\u0107 si\u0142y i odbudowa\u0107 odporno\u015b\u0107<\/span><\/p>\n\n\n\n<p class=\"wp-block-paragraph\"><span style=\"font-size: 14pt;\">Je\u017celi chcesz pomoc Nastce w dochodzeniu do pe\u0142ni zdrowia mo\u017cesz dokona\u0107 wp\u0142aty na wydzielone konto:<\/span> <\/p>\n\n\n\n<p class=\"wp-block-paragraph\"><span style=\"font-size: 14pt;\"><strong>1716 0014 6210 8588 4240 000005 z dopiskiem &#8222;leczenie i ochrona zdrowia Anastazja&#8221;<\/strong><\/span><\/p>\n<\/div><\/div>\n\n\n\n<hr class=\"wp-block-separator has-alpha-channel-opacity\" style=\"margin-top:var(--wp--preset--spacing--50);margin-bottom:var(--wp--preset--spacing--50)\"\/>\n\n\n\n<div class=\"wp-block-media-text is-stacked-on-mobile\" style=\"font-style:normal;font-weight:400;grid-template-columns:30% auto\"><figure class=\"wp-block-media-text__media\"><img loading=\"lazy\" decoding=\"async\" width=\"217\" height=\"300\" src=\"https:\/\/maliwojownicy.org\/wp-content\/uploads\/2019\/09\/IMG_6461-2-217x300.jpg\" alt=\"\" class=\"wp-image-546 size-full\" srcset=\"https:\/\/maliwojownicy.org\/wp-content\/uploads\/2019\/09\/IMG_6461-2-217x300.jpg 217w, https:\/\/maliwojownicy.org\/wp-content\/uploads\/2019\/09\/IMG_6461-2-741x1024.jpg 741w, https:\/\/maliwojownicy.org\/wp-content\/uploads\/2019\/09\/IMG_6461-2-768x1061.jpg 768w, https:\/\/maliwojownicy.org\/wp-content\/uploads\/2019\/09\/IMG_6461-2-1112x1536.jpg 1112w, https:\/\/maliwojownicy.org\/wp-content\/uploads\/2019\/09\/IMG_6461-2-1482x2048.jpg 1482w, https:\/\/maliwojownicy.org\/wp-content\/uploads\/2019\/09\/IMG_6461-2-600x829.jpg 600w, https:\/\/maliwojownicy.org\/wp-content\/uploads\/2019\/09\/IMG_6461-2.jpg 1795w\" sizes=\"auto, (max-width: 217px) 100vw, 217px\" \/><\/figure><div class=\"wp-block-media-text__content\">\n<div class=\"wp-block-group is-nowrap is-layout-flex wp-container-core-group-is-layout-3a88641f wp-block-group-is-layout-flex\">\n<p class=\"wp-block-paragraph\"><span style=\"font-size: 14pt;\"><strong>Aleksander<\/strong><\/span><\/p>\n<\/div>\n\n\n\n<p class=\"wp-block-paragraph\"><span style=\"font-size: 14pt;\">Olek ma dzisiaj 2,5 roku, nie siedzi, bardzo \u017ale widzi, nie mo\u017ce prosto utrzyma\u0107 g\u0142\u00f3wki. Rodzice zrobi\u0105 wszystko, aby Olek m\u00f3g\u0142 prawid\u0142owo funkcjonowa\u0107. Olek urodzi\u0142 si\u0119 w ci\u0119\u017ckiej zamartwicy, po porodzie by\u0142 reanimowany, nie oddycha\u0142 w wyniku czego dosz\u0142o do silnego niedotlenienia m\u00f3zgu. Olek ma dzieci\u0119ce pora\u017cenie m\u00f3zgowe, a tak\u017ce zdiagnozowan\u0105 padaczk\u0119 lekooporn\u0105, zesp\u00f3\u0142 West&#8217;a, korowe uszkodzenie wzroku, kt\u00f3re objawia\u0142o si\u0119 brakiem koncentracji wzroku na osobach czy przedmiotach, wykryto astygmatyzm oraz dalekowidztwo. Olu\u015b ma s\u0142ab\u0105 obr\u0119cz barkow\u0105, pora\u017cenie 4 ko\u0144czynowe i do\u015b\u0107 du\u017c\u0105 spastyk\u0119 w r\u0105czkach, jest rehabilitowany od pi\u0105tego miesi\u0105ca \u017cycia. Wi\u0119cej na Jego <a href=\"https:\/\/www.facebook.com\/Olu%C5%9B-Sacharko-2195813330649713\/?__xts__[0]=68.ARCz7CkFyZfQTwlbdK_hQ_omV3rro82-2dvhSJnjpKuiMYT9976ne3YqSwHyelEuF99Y6WKFbA9S1tnRGnSw1879ebtWIKRyVyHK3L-fSb3pglpKaopJIncqjM61azKTSexcenw&amp;__tn__=HH-R\">profilu&nbsp;<\/a><\/span><\/p>\n\n\n\n<p class=\"wp-block-paragraph\"><span style=\"font-size: 14pt;\">Je\u017celi chcesz pom\u00f3c Olkowi i Jego rodzinie to mo\u017cesz dokona\u0107 wp\u0142aty na wydzielone konto:<\/span> <\/p>\n\n\n\n<p class=\"wp-block-paragraph\"><span style=\"font-size: 14pt;\"><strong>1760 0014 6210 8588 4240 000005 z dopiskiem &#8222;leczenie i ochrona zdrowia Olek&#8221;<\/strong><\/span><\/p>\n<\/div><\/div>\n\n\n\n<hr class=\"wp-block-separator has-alpha-channel-opacity\" style=\"margin-top:var(--wp--preset--spacing--50);margin-bottom:var(--wp--preset--spacing--50)\"\/>\n\n\n\n<div class=\"wp-block-media-text is-stacked-on-mobile\" style=\"font-style:normal;font-weight:400;grid-template-columns:30% auto\"><figure class=\"wp-block-media-text__media\"><img decoding=\"async\" src=\"http:\/\/maliwojownicy.org\/wp-content\/uploads\/2019\/11\/IMG_3180A-300x214.jpg\" alt=\"\" class=\"wp-image-571 size-full\"\/><\/figure><div class=\"wp-block-media-text__content\">\n<p class=\"wp-block-paragraph\"><span style=\"font-size: 14pt;\"><strong>Zosia<\/strong><\/span><\/p>\n\n\n\n<p class=\"wp-block-paragraph\"><span style=\"font-size: 14pt;\">Zosia jest wcze\u015bniakiem z 32 tc, ma ponad roczek i jest bli\u017aniaczk\u0105. Ju\u017c w ci\u0105\u017cy zdiagnozowano u Niej wodog\u0142owie. Jej t\u0119tnica doprowadzaj\u0105ca krew w prawym ramieniu zaczyna si\u0119 w innym miejscu ni\u017c powinna, w zwi\u0105zku z tym jej umiejscowienie jest te\u017c inne &#8211; mi\u0119dzy kr\u0119gos\u0142upem a tchawic\u0105. Schodzenie to nazywa si\u0119 t\u0119tnica b\u0142\u0105dz\u0105ca. Ma r\u00f3wnie\u017c skr\u00f3cenie ko\u015bci zdiagnozowane jeszcze prenatalnie.<\/span><\/p>\n\n\n\n<p class=\"wp-block-paragraph\"><span style=\"font-size: 14pt;\">Zosia urodzi\u0142a si\u0119 z hipotrofi\u0105 i hipoglikemi\u0105. Miesi\u0105c po porodzie odby\u0142a si\u0119 operacja wstawienia zastawki komorowo &#8211; otrzewnowej, kt\u00f3ra pomaga odprowadza\u0107 p\u0142yn m\u00f3zgowo &#8211; rdzeniowy z czaszki aby m\u00f3zg m\u00f3g\u0142 si\u0119 poprawnie rozwija\u0107, gdy\u017c dziewczynka ma niedro\u017cny wodoci\u0105g. Kiedy Zosia mia\u0142a dwa miesi\u0105ce okaza\u0142o si\u0119 \u017ce choruje r\u00f3wnie\u017c na zesp\u00f3\u0142 beckwitha &#8211; wiedemanna (BWS). Symptomy u Zosi to: os\u0142abienie \u015bciany brzucha powoduj\u0105ce przepukliny pachwinowe i p\u0119pkowa, hipoglikemia noworodkowa, bruzdy w uszach, przerost j\u0119zyka, przerost po\u0142owiczny cia\u0142a &#8211; prawa n\u00f3\u017cka i po\u015bladek, naczyniak na czole, lewym oku i w innych cz\u0119\u015bciach g\u0142owy. Charakterystyczne dla tej choroby jest r\u00f3wnie\u017c zwi\u0119kszone ryzyko chor\u00f3b nerek i nowotwor\u00f3w<\/span><\/p>\n\n\n\n<p class=\"wp-block-paragraph\"><span style=\"font-size: 14pt;\">Je\u015bli chcesz pom\u00f3c Zosi i Jej rodzinie mo\u017cesz dokona\u0107 wp\u0142aty na indywidualne konto:<\/span><\/p>\n\n\n\n<p class=\"wp-block-paragraph\"><span style=\"font-size: 14pt;\"><strong>6016 0014 6210 8588 4240 000007 z dopiskiem &#8222;leczenie i ochrona zdrowia Zosia&#8221;<\/strong><\/span><\/p>\n<\/div><\/div>\n\n\n\n<p class=\"wp-block-paragraph\"><span style=\"font-size: 14pt;\"><\/span><\/p>\n\n\n\n<hr class=\"wp-block-separator has-alpha-channel-opacity\" style=\"margin-top:var(--wp--preset--spacing--50);margin-bottom:var(--wp--preset--spacing--50)\"\/>\n\n\n\n<div class=\"wp-block-media-text is-stacked-on-mobile\" style=\"font-style:normal;font-weight:400;grid-template-columns:30% auto\"><figure class=\"wp-block-media-text__media\"><img loading=\"lazy\" decoding=\"async\" width=\"227\" height=\"300\" src=\"https:\/\/maliwojownicy.org\/wp-content\/uploads\/2020\/05\/lukasz-1-227x300.jpg\" alt=\"\" class=\"wp-image-879 size-full\" srcset=\"https:\/\/maliwojownicy.org\/wp-content\/uploads\/2020\/05\/lukasz-1-227x300.jpg 227w, https:\/\/maliwojownicy.org\/wp-content\/uploads\/2020\/05\/lukasz-1-600x793.jpg 600w, https:\/\/maliwojownicy.org\/wp-content\/uploads\/2020\/05\/lukasz-1.jpg 612w\" sizes=\"auto, (max-width: 227px) 100vw, 227px\" \/><\/figure><div class=\"wp-block-media-text__content\">\n<p class=\"wp-block-paragraph\"><span style=\"font-size: 14pt;\"><strong>\u0141ukasz<\/strong><\/span><\/p>\n\n\n\n<div class=\"wp-block-group is-nowrap is-layout-flex wp-container-core-group-is-layout-3a88641f wp-block-group-is-layout-flex\">\n<p class=\"wp-block-paragraph\"><span style=\"font-size: 14pt;\"><strong>6016 0014 6210 8588 4240 000007 z dopiskiem &#8222;leczenie i ochrona zdrowia \u0141ukasz&#8221;<\/strong><\/span><\/p>\n<\/div>\n<\/div><\/div>\n","protected":false},"excerpt":{"rendered":"<p>Nasi podopieczni Zosia Zosia jest wcze\u015bniakiem z 32 tc, ma ponad roczek i jest bli\u017aniaczk\u0105. Ju\u017c w ci\u0105\u017cy zdiagnozowano u Niej wodog\u0142owie. Jej t\u0119tnica doprowadzaj\u0105ca krew w prawym ramieniu zaczyna si\u0119 w innym miejscu ni\u017c powinna, w zwi\u0105zku z tym jej umiejscowienie jest te\u017c inne &#8211; mi\u0119dzy kr\u0119gos\u0142upem a tchawic\u0105. Schodzenie to nazywa si\u0119 t\u0119tnica [&hellip;]<\/p>\n","protected":false},"author":3,"featured_media":0,"parent":50,"menu_order":0,"comment_status":"closed","ping_status":"closed","template":"","meta":{"_crdt_document":"","_kadence_starter_templates_imported_post":false,"footnotes":""},"class_list":["post-55","page","type-page","status-publish","hentry"],"_links":{"self":[{"href":"https:\/\/maliwojownicy.org\/index.php\/wp-json\/wp\/v2\/pages\/55","targetHints":{"allow":["GET"]}}],"collection":[{"href":"https:\/\/maliwojownicy.org\/index.php\/wp-json\/wp\/v2\/pages"}],"about":[{"href":"https:\/\/maliwojownicy.org\/index.php\/wp-json\/wp\/v2\/types\/page"}],"author":[{"embeddable":true,"href":"https:\/\/maliwojownicy.org\/index.php\/wp-json\/wp\/v2\/users\/3"}],"replies":[{"embeddable":true,"href":"https:\/\/maliwojownicy.org\/index.php\/wp-json\/wp\/v2\/comments?post=55"}],"version-history":[{"count":1,"href":"https:\/\/maliwojownicy.org\/index.php\/wp-json\/wp\/v2\/pages\/55\/revisions"}],"predecessor-version":[{"id":2381,"href":"https:\/\/maliwojownicy.org\/index.php\/wp-json\/wp\/v2\/pages\/55\/revisions\/2381"}],"up":[{"embeddable":true,"href":"https:\/\/maliwojownicy.org\/index.php\/wp-json\/wp\/v2\/pages\/50"}],"wp:attachment":[{"href":"https:\/\/maliwojownicy.org\/index.php\/wp-json\/wp\/v2\/media?parent=55"}],"curies":[{"name":"wp","href":"https:\/\/api.w.org\/{rel}","templated":true}]}}