{"id":50,"date":"2017-11-27T10:57:36","date_gmt":"2017-11-27T10:57:36","guid":{"rendered":"http:\/\/maliwojownicy.org\/?page_id=50"},"modified":"2026-04-03T09:54:33","modified_gmt":"2026-04-03T07:54:33","slug":"wyzwania-i-codziennosc","status":"publish","type":"page","link":"https:\/\/maliwojownicy.org\/index.php\/wyzwania-i-codziennosc\/","title":{"rendered":"Wyzwania i codzienno\u015b\u0107"},"content":{"rendered":"\n<h2 class=\"wp-block-heading has-text-color has-link-color wp-elements-1f15f7b84b37fda54bcb28f16c78fc39\" style=\"color:#7400ad\"><strong><em>Wyzwania i codzienno\u015b\u0107 <\/em><\/strong><\/h2>\n\n\n\n<p class=\"wp-block-paragraph\">Ka\u017cdego dnia rodzice wcze\u015bniak\u00f3w mierz\u0105 si\u0119 z l\u0119kiem, niepewno\u015bci\u0105 i pytaniami bez odpowiedzi. Ma\u0142e cia\u0142a to wielkie wyzwania \u2013 walka o ka\u017cdy oddech, ka\u017cdy gram, ka\u017cdy kolejny dzie\u0144.<\/p>\n\n\n\n<p class=\"wp-block-paragraph\">Wiemy, jak wygl\u0105da ta droga. Dlatego jeste\u015bmy tutaj, by pomaga\u0107.<\/p>\n\n\n\n<p class=\"wp-block-paragraph\">Towarzyszymy rodzinom wcze\u015bniak\u00f3w od pierwszych chwil \u2013 wspieramy, edukujemy i dajemy realn\u0105 pomoc wtedy, gdy jest najbardziej potrzebna. Pokazujemy, \u017ce nawet w najtrudniejszych momentach mo\u017cna znale\u017a\u0107 si\u0142\u0119 i nadziej\u0119.<\/p>\n\n\n\n<p class=\"wp-block-paragraph\"><\/p>\n\n\n<nav class=\"is-responsive wp-block-navigation is-layout-flex wp-block-navigation-is-layout-flex\" aria-label=\"Menu 6\" \n\t\t data-wp-interactive=\"core\/navigation\" data-wp-context='{\"overlayOpenedBy\":{\"click\":false,\"hover\":false,\"focus\":false},\"type\":\"overlay\",\"roleAttribute\":\"\",\"ariaLabel\":\"Menu\"}'><button aria-haspopup=\"dialog\" aria-label=\"Rozwi\u0144 menu\" class=\"wp-block-navigation__responsive-container-open\" \n\t\t\t\tdata-wp-on--click=\"actions.openMenuOnClick\"\n\t\t\t\tdata-wp-on--keydown=\"actions.handleMenuKeydown\"\n\t\t\t><svg width=\"24\" height=\"24\" xmlns=\"http:\/\/www.w3.org\/2000\/svg\" viewBox=\"0 0 24 24\" aria-hidden=\"true\" focusable=\"false\"><path d=\"M4 7.5h16v1.5H4z\"><\/path><path d=\"M4 15h16v1.5H4z\"><\/path><\/svg><\/button>\n\t\t\t\t<div class=\"wp-block-navigation__responsive-container\"  id=\"modal-1\" \n\t\t\t\tdata-wp-class--has-modal-open=\"state.isMenuOpen\"\n\t\t\t\tdata-wp-class--is-menu-open=\"state.isMenuOpen\"\n\t\t\t\tdata-wp-watch=\"callbacks.initMenu\"\n\t\t\t\tdata-wp-on--keydown=\"actions.handleMenuKeydown\"\n\t\t\t\tdata-wp-on--focusout=\"actions.handleMenuFocusout\"\n\t\t\t\ttabindex=\"-1\"\n\t\t\t>\n\t\t\t\t\t<div class=\"wp-block-navigation__responsive-close\" tabindex=\"-1\">\n\t\t\t\t\t\t<div class=\"wp-block-navigation__responsive-dialog\" \n\t\t\t\tdata-wp-bind--aria-modal=\"state.ariaModal\"\n\t\t\t\tdata-wp-bind--aria-label=\"state.ariaLabel\"\n\t\t\t\tdata-wp-bind--role=\"state.roleAttribute\"\n\t\t\t>\n\t\t\t\t\t\t\t<button aria-label=\"Zamknij menu\" class=\"wp-block-navigation__responsive-container-close\" \n\t\t\t\tdata-wp-on--click=\"actions.closeMenuOnClick\"\n\t\t\t><svg xmlns=\"http:\/\/www.w3.org\/2000\/svg\" viewBox=\"0 0 24 24\" width=\"24\" height=\"24\" aria-hidden=\"true\" focusable=\"false\"><path d=\"m13.06 12 6.47-6.47-1.06-1.06L12 10.94 5.53 4.47 4.47 5.53 10.94 12l-6.47 6.47 1.06 1.06L12 13.06l6.47 6.47 1.06-1.06L13.06 12Z\"><\/path><\/svg><\/button>\n\t\t\t\t\t\t\t<div class=\"wp-block-navigation__responsive-container-content\" \n\t\t\t\tdata-wp-watch=\"callbacks.focusFirstElement\"\n\t\t\t id=\"modal-1-content\">\n\t\t\t\t\t\t\t\t<ul class=\"wp-block-navigation__container is-responsive wp-block-navigation\"><li data-wp-context=\"{ &quot;submenuOpenedBy&quot;: { &quot;click&quot;: false, &quot;hover&quot;: false, &quot;focus&quot;: false }, &quot;type&quot;: &quot;submenu&quot;, &quot;modal&quot;: null, &quot;previousFocus&quot;: null }\" data-wp-interactive=\"core\/navigation\" data-wp-on--focusout=\"actions.handleMenuFocusout\" data-wp-on--keydown=\"actions.handleMenuKeydown\" data-wp-on--pointerenter=\"actions.openMenuOnHover\" data-wp-on--pointerleave=\"actions.closeMenuOnHover\" data-wp-watch=\"callbacks.initMenu\" tabindex=\"-1\" class=\"wp-block-navigation-item has-child open-on-hover-click wp-block-navigation-submenu has-x-large-font-size\"><a class=\"wp-block-navigation-item__content\" href=\"https:\/\/maliwojownicy.org\/index.php\/wyzwania-i-codziennosc\/wczesniaki\/\"><span class=\"wp-block-navigation-item__label\"><strong>Wcze\u015bniaki<\/strong><\/span><\/a><button data-wp-bind--aria-expanded=\"state.isMenuOpen\" data-wp-on--click=\"actions.toggleMenuOnClick\" aria-label=\"Wcze\u015bniaki podmenu\" class=\"wp-block-navigation__submenu-icon wp-block-navigation-submenu__toggle\" ><svg xmlns=\"http:\/\/www.w3.org\/2000\/svg\" width=\"12\" height=\"12\" viewBox=\"0 0 12 12\" fill=\"none\" aria-hidden=\"true\" focusable=\"false\"><path d=\"M1.50002 4L6.00002 8L10.5 4\" stroke-width=\"1.5\"><\/path><\/svg><\/button><ul data-wp-on--focus=\"actions.openMenuOnFocus\" class=\"wp-block-navigation__submenu-container wp-block-navigation-submenu has-x-large-font-size\"><li class=\" wp-block-navigation-item wp-block-navigation-link has-large-font-size\"><a class=\"wp-block-navigation-item__content\"  href=\"https:\/\/maliwojownicy.org\/index.php\/wyzwania-i-codziennosc\/wczesniaki\/pierwsze-chwile-w-szpitalu\/\"><span class=\"wp-block-navigation-item__label\">Pierwsze chwile w szpitalu<\/span><\/a><\/li><li class=\" wp-block-navigation-item wp-block-navigation-link has-large-font-size\"><a class=\"wp-block-navigation-item__content\"  href=\"https:\/\/maliwojownicy.org\/index.php\/wyzwania-i-codziennosc\/wczesniaki\/rodzina\/\"><span class=\"wp-block-navigation-item__label\">Rodzina<\/span><\/a><\/li><li class=\" wp-block-navigation-item wp-block-navigation-link has-large-font-size\"><a class=\"wp-block-navigation-item__content\"  href=\"https:\/\/maliwojownicy.org\/index.php\/wyzwania-i-codziennosc\/wczesniaki\/rodzice-wczesniaka\/\"><span class=\"wp-block-navigation-item__label\">Rodzice wcze\u015bniaka<\/span><\/a><\/li><li class=\" wp-block-navigation-item wp-block-navigation-link has-large-font-size\"><a class=\"wp-block-navigation-item__content\"  href=\"https:\/\/maliwojownicy.org\/index.php\/wyzwania-i-codziennosc\/wczesniaki\/szpitalna-codziennosc\/\"><span class=\"wp-block-navigation-item__label\">Szpitalna codzienno\u015b\u0107<\/span><\/a><\/li><li class=\" wp-block-navigation-item wp-block-navigation-link has-large-font-size\"><a class=\"wp-block-navigation-item__content\"  href=\"https:\/\/maliwojownicy.org\/index.php\/wyzwania-i-codziennosc\/wczesniaki\/organizm-wczesniaka\/\"><span class=\"wp-block-navigation-item__label\">Organizm wcze\u015bniaka<\/span><\/a><\/li><li class=\" wp-block-navigation-item wp-block-navigation-link has-large-font-size\"><a class=\"wp-block-navigation-item__content\"  href=\"https:\/\/maliwojownicy.org\/index.php\/wyzwania-i-codziennosc\/wczesniaki\/czas-do-domu\/\"><span class=\"wp-block-navigation-item__label\">Czas do domu<\/span><\/a><\/li><li class=\" wp-block-navigation-item wp-block-navigation-link has-large-font-size\"><a class=\"wp-block-navigation-item__content\"  href=\"https:\/\/maliwojownicy.org\/index.php\/wyzwania-i-codziennosc\/wczesniaki\/w-domu\/\"><span class=\"wp-block-navigation-item__label\">W domu<\/span><\/a><\/li><li class=\" wp-block-navigation-item wp-block-navigation-link has-large-font-size\"><a class=\"wp-block-navigation-item__content\"  href=\"https:\/\/maliwojownicy.org\/index.php\/wyzwania-i-codziennosc\/wczesniaki\/powiklania\/\"><span class=\"wp-block-navigation-item__label\">Powik\u0142ania i choroby<\/span><\/a><\/li><\/ul><\/li><li class=\" wp-block-navigation-item wp-block-navigation-link has-x-large-font-size\"><a class=\"wp-block-navigation-item__content\"  href=\"https:\/\/maliwojownicy.org\/index.php\/wyzwania-i-codziennosc\/nasi-podopieczni\/\"><span class=\"wp-block-navigation-item__label\"><strong>Nasi podopieczni<\/strong><\/span><\/a><\/li><\/ul>\n\t\t\t\t\t\t\t\t\n\t\t\t\t\t\t\t<\/div>\n\t\t\t\t\t\t<\/div>\n\t\t\t\t\t<\/div>\n\t\t\t\t<\/div><\/nav>","protected":false},"excerpt":{"rendered":"<p>Wyzwania i codzienno\u015b\u0107 Ka\u017cdego dnia rodzice wcze\u015bniak\u00f3w mierz\u0105 si\u0119 z l\u0119kiem, niepewno\u015bci\u0105 i pytaniami bez odpowiedzi. Ma\u0142e cia\u0142a to wielkie wyzwania \u2013 walka o ka\u017cdy oddech, ka\u017cdy gram, ka\u017cdy kolejny dzie\u0144. Wiemy, jak wygl\u0105da ta droga. Dlatego jeste\u015bmy tutaj, by pomaga\u0107. Towarzyszymy rodzinom wcze\u015bniak\u00f3w od pierwszych chwil \u2013 wspieramy, edukujemy i dajemy realn\u0105 pomoc wtedy, [&hellip;]<\/p>\n","protected":false},"author":3,"featured_media":0,"parent":0,"menu_order":0,"comment_status":"closed","ping_status":"closed","template":"","meta":{"_crdt_document":"","_kadence_starter_templates_imported_post":false,"footnotes":""},"class_list":["post-50","page","type-page","status-publish","hentry"],"_links":{"self":[{"href":"https:\/\/maliwojownicy.org\/index.php\/wp-json\/wp\/v2\/pages\/50","targetHints":{"allow":["GET"]}}],"collection":[{"href":"https:\/\/maliwojownicy.org\/index.php\/wp-json\/wp\/v2\/pages"}],"about":[{"href":"https:\/\/maliwojownicy.org\/index.php\/wp-json\/wp\/v2\/types\/page"}],"author":[{"embeddable":true,"href":"https:\/\/maliwojownicy.org\/index.php\/wp-json\/wp\/v2\/users\/3"}],"replies":[{"embeddable":true,"href":"https:\/\/maliwojownicy.org\/index.php\/wp-json\/wp\/v2\/comments?post=50"}],"version-history":[{"count":1,"href":"https:\/\/maliwojownicy.org\/index.php\/wp-json\/wp\/v2\/pages\/50\/revisions"}],"predecessor-version":[{"id":2367,"href":"https:\/\/maliwojownicy.org\/index.php\/wp-json\/wp\/v2\/pages\/50\/revisions\/2367"}],"wp:attachment":[{"href":"https:\/\/maliwojownicy.org\/index.php\/wp-json\/wp\/v2\/media?parent=50"}],"curies":[{"name":"wp","href":"https:\/\/api.w.org\/{rel}","templated":true}]}}