{"id":48,"date":"2017-11-27T10:57:04","date_gmt":"2017-11-27T10:57:04","guid":{"rendered":"http:\/\/maliwojownicy.org\/?page_id=48"},"modified":"2026-04-09T11:37:48","modified_gmt":"2026-04-09T09:37:48","slug":"kontakt","status":"publish","type":"page","link":"https:\/\/maliwojownicy.org\/index.php\/o-nas\/kontakt\/","title":{"rendered":"Kontakt"},"content":{"rendered":"\n<h2 class=\"wp-block-heading has-text-align-center has-text-color has-link-color wp-elements-f9d99ea1e67fa6fb9874645ab10ad691\" style=\"color:#5a0891\"><strong>Kontakt<\/strong><\/h2>\n\n\n\n<p class=\"has-text-align-center wp-block-paragraph\"><span style=\"font-size: 14pt;\"><strong>Fundacja Mali Wojownicy<\/strong><\/span><\/p>\n\n\n\n<p class=\"has-text-align-center wp-block-paragraph\"><a href=\"mailto:fundacjamaliwojownicy@gmail.com\"><span style=\"font-size: 14pt;\">fundacjamaliwojownicy@gmail.com<\/span><\/a><\/p>\n\n\n\n<p class=\"has-text-align-center wp-block-paragraph\"><span style=\"font-size: 14pt;\">tel. 729-916-232<\/span><\/p>\n\n\n\n<p class=\"has-text-align-center wp-block-paragraph\"><strong><span style=\"font-size: 14pt;\">Biuro Fundacji<\/span><\/strong><\/p>\n\n\n\n<p class=\"has-text-align-center wp-block-paragraph\"><a href=\"mailto:biuro.maliwojownicy@gmail.com\"><span style=\"font-size: 14pt;\">biuro.maliwojownicy@gmail.com<\/span><\/a><\/p>\n\n\n\n<p class=\"has-text-align-center wp-block-paragraph\"><\/p>\n\n\n\n<p class=\"has-text-align-center wp-block-paragraph\"><span style=\"font-size: 14pt;\"><strong>&nbsp;Numer konta na kt\u00f3re mo\u017cesz przekaza\u0107 \u015brodki na realizacj\u0119 naszych cel\u00f3w:<\/strong><\/span><\/p>\n\n\n\n<p class=\"has-text-align-center wp-block-paragraph\"><span style=\"font-size: 14pt;\"> 9517 5000 1200 000000 3840 5737<\/span><\/p>\n\n\n\n<p class=\"has-text-align-center wp-block-paragraph\"><span style=\"font-size: 14pt;\">wp\u0142aty w EURO<\/span><\/p>\n\n\n\n<p class=\"has-text-align-center wp-block-paragraph\"><span style=\"font-size: 14pt;\"><span data-offset-key=\"fslbv-0-0\">6917 5000 1200 0000 0041 156252<\/span><\/span><\/p>\n\n\n\n<p class=\"has-text-align-center wp-block-paragraph\"><span style=\"font-size: 14pt;\"><strong>Mo\u017cesz te\u017c wesprze\u0107 nas na poprzez zbi\u00f3rki internetowe<\/strong><\/span><\/p>\n\n\n\n<p class=\"has-text-align-center wp-block-paragraph\"><a href=\"https:\/\/pomagam.pl\/maliwojownicy\"><span style=\"font-size: 14pt;\">www.pomagam.pl\/maliwojownicy<\/span><\/a><\/p>\n\n\n\n<p class=\"has-text-align-center wp-block-paragraph\"><a href=\"https:\/\/www.siepomaga.pl\/maliwojownicy\"><span style=\"font-size: 14pt;\">www.siepomaga.pl\/maliwojownicy<\/span><\/a><\/p>\n","protected":false},"excerpt":{"rendered":"<p>Kontakt Fundacja Mali Wojownicy fundacjamaliwojownicy@gmail.com tel. 729-916-232 Biuro Fundacji biuro.maliwojownicy@gmail.com &nbsp;Numer konta na kt\u00f3re mo\u017cesz przekaza\u0107 \u015brodki na realizacj\u0119 naszych cel\u00f3w: 9517 5000 1200 000000 3840 5737 wp\u0142aty w EURO 6917 5000 1200 0000 0041 156252 Mo\u017cesz te\u017c wesprze\u0107 nas na poprzez zbi\u00f3rki internetowe www.pomagam.pl\/maliwojownicy www.siepomaga.pl\/maliwojownicy<\/p>\n","protected":false},"author":3,"featured_media":0,"parent":31,"menu_order":0,"comment_status":"closed","ping_status":"closed","template":"","meta":{"_crdt_document":"{\"document\":\"AAAH2uyc2gisBJoDCBADAQoEFAMADAMDpAIDAAoEFAQMAoQEAwAKBBQEDAK8AQMACgQUBAwCmgIDAAoEFAQMArwDAwAKBBQEDAIQAwAKBBQEDAKSAQK+AgMACgQUBAwCnAIDAAoEFAQMArYBAwAKBBQEDAKsAwMACgQUBAwCqgMDAAoEFAQMArIDAwAKBBQEDAKMBAAGAgECCkoCBgQMTgBKugIBAQgCQgBIAIYEAQEIAkIASAC+AQEBCAJCAEgAnAIBAQgCQgBIAL4DAQEIAkIASAAUAQEIAkIASACeBAEBCAJCAEgAngIBAQgCQgBIALgBAQEIAkIASACuAwEBCAJCAEgArAMBAQgCQgBIALQDAQEIAkIASO4jsicBAQgASN4nAkyqJwUAQgDCJUS+JwwQUEwiYoYBAMwB4iqILANT5mEDAAoEFAMAEAMBpAIDAAoEFJYEAwAKBBSOAgMACgQUrAIDAAoEFI4EAwAKBBQiAwAKBBSkAYADAwAKBBSuAgMACgQUiAIDAAoEFL4DAwAKBBS8AwMACgQUhAQDAAoEFJAEJgJqvjWGKEwMFgAk4l4DAAoEFAMAEAMBpAIDAAoEFJYEAwAKBBSOAgMACgQUrAIDAAoEFI4EAwAKBBQiAwAKBBSkAYADAwAKBBSuAgMACgQUiAIDAAoEFL4DAwAKBBS8AwMACgQUhAQDAAoEFMcCKAMnAAQAJwAEAIQHgQCECYEAhACBAIQFgQCEAIEAhAWBAIQAgQCEBYEAhACBAIQFgQCEAIEAhAWBAIQAgQCEAIEAhAWBAIQAgQCEBYEAhACBAIQFgQCEAIEAhAWBAIQAgQCEBYEAhACBAIQFgQCEAIEAhAAnACgEJwAoAScABwAoAycAKAAnACEBqAGnAAQAKAGHACgCJwEEACgBJwCHACgCJwEEACgBJwCHACgCJwEEACgBJwCHACgCJwEEACgBJwCHACgCJwEEACgBJwCHACgCJwEEACgBJwCHACgCJwEEACgBJwCHACgCJwEEACgBJwCHACgCJwEEACgBJwCHACgCJwEEACgBJwCHACgCJwEEACgBJwCHACgCJwEEACgBJwDHACgCJwEoACcAqAEoAKgBBAAoAagAhAPEBagAKACoVcRUhACo6y7uK3N0YXRldmVyc2lvbmRvY3VtZW50ZGF0ZWRvY3VtZW50c2x1Z2RvY3VtZW50c3RhdHVzZG9jdW1lbnR0aXRsZUtvbnRha3Rkb2N1bWVudGNvbnRlbnQ8cCBzdHlsZT0idGV4dC1hbGlnbjogY2VudGVyIj48c3BhbiBzdHlsZT0iZm9udC1zaXplOiAxNHB0OyI+PHN0cm9uZz5GdW5kYWNqYSBNYWxpIFdvam93bmljeTwvc3Ryb25nPjwvc3Bhbj48L3A+CjxwIHN0eWxlPSJ0ZXh0LWFsaWduY2VudGVyIj48YSBocmVmPSJtYWlsdG86ZnVuZGFjamFtYWxpd29qb3duaWN5QGdtYWlsLmNvbSI+PHNwYW4gc3R5bGU9ImZvbnQtc2l6ZTogMTRwdDsiPmZ1bmRhY2phbWFsaXdvam93bmljeUBnbWFpbC5jb208L3NwYW4+PC9hPjwvcD4KPHAgc3R5bGU9InRleHQtYWxpZ25jZW50ZXIiPjxzcGFuIHN0eWxlPSJmb250LXNpemU6IDE0cHQ7Ij50ZWwuIDcyOS05MTYtMjMyPC9zcGFuPjwvcD4KPHAgc3R5bGU9InRleHQtYWxpZ25jZW50ZXIiPjxzdHJvbmc+PHNwYW4gc3R5bGU9ImZvbnQtc2l6ZTogMTRwdDsiPkJpdXJvIEZ1bmRhY2ppPC9zcGFuPjwvc3Ryb25nPjwvcD4KPHAgc3R5bGU9InRleHQtYWxpZ25jZW50ZXIiPjxhIGhyZWY9Im1haWx0bzpiaXVyby5tYWxpd29qb3duaWN5QGdtYWlsLmNvbSI+PHNwYW4gc3R5bGU9ImZvbnQtc2l6ZTogMTRwdDsiPmJpdXJvLm1hbGl3b2pvd25pY3lAZ21haWwuY29tPC9zcGFuPjwvYT48L3A+CjxwIHN0eWxlPSJ0ZXh0LWFsaWduY2VudGVyIj48L3A+CjxwIHN0eWxlPSJ0ZXh0LWFsaWduY2VudGVyIj48c3BhbiBzdHlsZT0iZm9udC1zaXplOiAxNHB0OyI+PHN0cm9uZz5OdW1lciBrb250YSBuYSBrdMOzcmUgbW\/FvGVzeiBwcnpla2F6YcSHIMWbcm9ka2kgbmEgcmVhbGl6YWNqxJkgbmFzenljaCBjZWzDs3c6PC9zdHJvbmc+PC9zcGFuPjwvcD4KPHAgc3R5bGU9InRleHQtYWxpZ25jZW50ZXIiPjxzcGFuIHN0eWxlPSJmb250LXNpemU6IDE0cHQ7Ij4gOTUxNyA1MDAwIDEyMDAgMDAwMDAwIDM4NDAgNTczNzwvc3Bhbj48L3A+CjxwIHN0eWxlPSJ0ZXh0LWFsaWduY2VudGVyIj48c3BhbiBzdHlsZT0iZm9udC1zaXplOiAxNHB0OyI+d3DFgmF0eSB3IEVVUk88L3NwYW4+PC9wPgo8cCBzdHlsZT0idGV4dC1hbGlnbmNlbnRlciI+PHNwYW4gc3R5bGU9ImZvbnQtc2l6ZTogMTRwdDsiPjxzcGFuIGRhdGEtb2Zmc2V0LWtleT0iZnNsYnYtMC0wIj42OTE3IDUwMDAgMTIwMCAwMDAwIDAwNDEgMTU2MjUyPC9zcGFuPjwvc3Bhbj48L3A+CjxwIHN0eWxlPSJ0ZXh0LWFsaWduY2VudGVyIj48c3BhbiBzdHlsZT0iZm9udC1zaXplOiAxNHB0OyI+PHN0cm9uZz5Nb8W8ZXN6IHRlxbwgd2VzcHJ6ZcSHIG5hcyBuYSBwb3ByemV6IHpiacOzcmtpIGludGVybmV0b3dlPC9zdHJvbmc+PC9zcGFuPjwvcD4KPHAgc3R5bGU9InRleHQtYWxpZ25jZW50ZXIiPjxhIGhyZWY9Imh0dHBzOi8vcG9tYWdhbS5wbC9tYWxpd29qb3duaWN5Ij48c3BhbiBzdHlsZT0iZm9udC1zaXplOiAxNHB0OyI+d3d3LnBvbWFnYW0ucGwvbWFsaXdvam93bmljeTwvc3Bhbj48L2E+PC9wPgo8cCBzdHlsZT0idGV4dC1hbGlnbmNlbnRlciI+PGEgaHJlZj0iaHR0cHM6Ly93d3cuc2llcG9tYWdhLnBsL21hbGl3b2pvd25pY3kiPjxzcGFuIHN0eWxlPSJmb250LXNpemU6IDE0cHQ7Ij53d3cuc2llcG9tYWdhLnBsL21hbGl3b2pvd25pY3k8L3NwYW4+PC9hPjwvcD5kb2N1bWVudGV4Y2VycHRkb2N1bWVudGF1dGhvcmRvY3VtZW50ZmVhdHVyZWRfbWVkaWFkb2N1bWVudGNvbW1lbnRfc3RhdHVzZG9jdW1lbnRwaW5nX3N0YXR1c2RvY3VtZW50dGVtcGxhdGVkb2N1bWVudG1ldGFfa2FkZW5jZV9zdGFydGVyX3RlbXBsYXRlc19pbXBvcnRlZF9wb3N0Zm9vdG5vdGVzZG9jdW1lbnRibG9ja3NjbGllbnRJZGlzVmFsaWRvcmlnaW5hbENvbnRlbnRuYW1lYXR0cmlidXRlc2NvbnRlbnRpbm5lckJsb2Nrc3N0YXRlc2F2ZWRBdHN0YXRlc2F2ZWRCeTxzcGFuIHN0eWxlPSJmb250LXNpemU6IDE0cHQ7Ij48c3Ryb25nPkZ1bmRhY2phIE1hbGkgV29qb3duaWN5PC9zdHJvbmc+PC9zcGFuPmRyb3BDYXBzdHlsZWNsaWVudElkaXNWYWxpZG5hbWVhdHRyaWJ1dGVzY29udGVudDxhIGhyZWY9Im1haWx0bzpmdW5kYWNqYW1hbGl3b2pvd25pY3lAZ21haWwuY29tIj48c3BhbiBzdHlsZT0iZm9udC1zaXplOiAxNHB0OyI+ZnVuZGFjamFtYWxpd29qb3duaWN5QGdtYWlsLmNvbTwvc3Bhbj48L2E+ZHJvcENhcHN0eWxlaW5uZXJCbG9ja3NjbGllbnRJZGlzVmFsaWRuYW1lYXR0cmlidXRlc2NvbnRlbnQ8c3BhbiBzdHlsZT0iZm9udC1zaXplOiAxNHB0OyI+dGVsLiA3MjktOTE2LTIzMjwvc3Bhbj5kcm9wQ2Fwc3R5bGVpbm5lckJsb2Nrc2NsaWVudElkaXNWYWxpZG5hbWVhdHRyaWJ1dGVzY29udGVudDxzdHJvbmc+PHNwYW4gc3R5bGU9ImZvbnQtc2l6ZTogMTRwdDsiPkJpdXJvIEZ1bmRhY2ppPC9zcGFuPjwvc3Ryb25nPmRyb3BDYXBzdHlsZWlubmVyQmxvY2tzY2xpZW50SWRpc1ZhbGlkbmFtZWF0dHJpYnV0ZXNjb250ZW50PGEgaHJlZj0ibWFpbHRvOmJpdXJvLm1hbGl3b2pvd25pY3lAZ21haWwuY29tIj48c3BhbiBzdHlsZT0iZm9udC1zaXplOiAxNHB0OyI+Yml1cm8ubWFsaXdvam93bmljeUBnbWFpbC5jb208L3NwYW4+PC9hPmRyb3BDYXBzdHlsZWlubmVyQmxvY2tzY2xpZW50SWRpc1ZhbGlkbmFtZWF0dHJpYnV0ZXNjb250ZW50CmRyb3BDYXBzdHlsZWlubmVyQmxvY2tzY2xpZW50SWRpc1ZhbGlkbmFtZWF0dHJpYnV0ZXNjb250ZW50PHNwYW4gc3R5bGU9ImZvbnQtc2l6ZTogMTRwdDsiPjxzdHJvbmc+Jm5ic3A7TnVtZXIga29udGEgbmEga3TDs3JlIG1vxbxlc3ogcHJ6ZWthemHEhyDFm3JvZGtpIG5hIHJlYWxpemFjasSZIG5hc3p5Y2ggY2Vsw7N3Ojwvc3Ryb25nPjwvc3Bhbj5kcm9wQ2Fwc3R5bGVpbm5lckJsb2Nrc2NsaWVudElkaXNWYWxpZG5hbWVhdHRyaWJ1dGVzY29udGVudDxzcGFuIHN0eWxlPSJmb250LXNpemU6IDE0cHQ7Ij4gOTUxNyA1MDAwIDEyMDAgMDAwMDAwIDM4NDAgNTczNzwvc3Bhbj5kcm9wQ2Fwc3R5bGVpbm5lckJsb2Nrc2NsaWVudElkaXNWYWxpZG5hbWVhdHRyaWJ1dGVzY29udGVudDxzcGFuIHN0eWxlPSJmb250LXNpemU6IDE0cHQ7Ij53cMWCYXR5IHcgRVVSTzwvc3Bhbj5kcm9wQ2Fwc3R5bGVpbm5lckJsb2Nrc2NsaWVudElkaXNWYWxpZG5hbWVhdHRyaWJ1dGVzY29udGVudDxzcGFuIHN0eWxlPSJmb250LXNpemU6IDE0cHQ7Ij48c3BhbiBkYXRhLW9mZnNldC1rZXk9ImZzbGJ2LTAtMCI+NjkxNyA1MDAwIDEyMDAgMDAwMCAwMDQxIDE1NjI1Mjwvc3Bhbj48L3NwYW4+ZHJvcENhcHN0eWxlaW5uZXJCbG9ja3NjbGllbnRJZGlzVmFsaWRuYW1lYXR0cmlidXRlc2NvbnRlbnQ8c3BhbiBzdHlsZT0iZm9udC1zaXplOiAxNHB0OyI+PHN0cm9uZz5Nb8W8ZXN6IHRlxbwgd2VzcHJ6ZcSHIG5hcyBuYSBwb3ByemV6IHpiacOzcmtpIGludGVybmV0b3dlPC9zdHJvbmc+PC9zcGFuPmRyb3BDYXBzdHlsZWlubmVyQmxvY2tzY2xpZW50SWRpc1ZhbGlkbmFtZWF0dHJpYnV0ZXNjb250ZW50PGEgaHJlZj0iaHR0cHM6Ly9wb21hZ2FtLnBsL21hbGl3b2pvd25pY3kiPjxzcGFuIHN0eWxlPSJmb250LXNpemU6IDE0cHQ7Ij53d3cucG9tYWdhbS5wbC9tYWxpd29qb3duaWN5PC9zcGFuPjwvYT5kcm9wQ2Fwc3R5bGVpbm5lckJsb2Nrc2NsaWVudElkaXNWYWxpZG5hbWVhdHRyaWJ1dGVzY29udGVudDxhIGhyZWY9Imh0dHBzOi8vd3d3LnNpZXBvbWFnYS5wbC9tYWxpd29qb3duaWN5Ij48c3BhbiBzdHlsZT0iZm9udC1zaXplOiAxNHB0OyI+d3d3LnNpZXBvbWFnYS5wbC9tYWxpd29qb3duaWN5PC9zcGFuPjwvYT5kcm9wQ2Fwc3R5bGVpbm5lckJsb2Nrc2NsaWVudElkaXNWYWxpZG5hbWVhdHRyaWJ1dGVzY29udGVudGxldmVsaW5uZXJCbG9ja3NsZXZlbDxzcGFuIHN0eWxlPSJmb250LXNpemU6IDE0cHQ7Ij48c3Ryb25nPkZ1bmRhY2phIE1hbGkgV29qb3duaWN5PC9zdHJvbmc+PC9zcGFuPmRyb3BDYXBzdHlsZTxzdHJvbmc+Szwvc3Ryb25nPm9ucm9uZz5Lb25yYXJvbmc+S29uPC9zdHJvbmd0YWt0dGV4dENvbG9yIS0tIHc6aGVhZGluZ3siIjp7InR5cG9ncmFwaHkiOnsidGV4dEFsaWduIjoiY2VudGVyIn0sImVsZW1lbnRzIjp7ImxpbmsiOnsiY29sb3IiOnsidGV4dCI6IiM1YTA4OTEifX19LCJjb2xvciI6eyJ0ZXh0IjoiIzVhMDg5MSJ9fX0gLS0+CjxoMiBjbGFzc3dwLWJsb2NrLWhlYWRpbmcgaGFzLS1jZW50ZXIgaGFzLXRleHQtY29sb3IgaGFzLWxpbmstY29sb3IiIHN0eWxlPSJjb2xvciM1YTA4OTEiPjxzdHJvbmc+S29udGFrdDwvc3Ryb25nPjwvaDI+CjwhLS0vd3A6aGVhZGluZyAtLT4KCjwhLS0gd3A6cGFyYWdyYXBoIHsic3R5bGUiOnsidHlwb2dyYXBoeSI6eyJ0ZXh0QWxpZ24iOiJ9fX0gLS0KcCBjbGFzPSJoYXMtdGV4dC1hbGlnbi1jZW50ZXIiPjxzIS0tIC93OnBhcmFncmFwaC0tPgoKPCEtLSB3cDpwYXJhZ3JhcGggeyIiOnsidHlwb2dyYXBoeSI6eyJ0ZXh0QWxpZ24iOiJjZW50ZXIifX19IC0tPgo8cCBjbGFzc2hhcy0tIS0tIC93OnBhcmFncmFwaC0tPgoKPCEtLSB3cDpwYXJhZ3JhcGggeyIiOnsidHlwb2dyYXBoeSI6eyJ0ZXh0QWxpZ24iOiJjZW50ZXIifX19IC0tPgo8cCBjbGFzc2hhcy0tIS0tIC93OnBhcmFncmFwaC0tPgoKPCEtLSB3cDpwYXJhZ3JhcGggeyIiOnsidHlwb2dyYXBoeSI6eyJ0ZXh0QWxpZ24iOiJjZW50ZXIifX19IC0tPgo8cCBjbGFzc2hhcy0tIS0tIC93OnBhcmFncmFwaC0tPgoKPCEtLSB3cDpwYXJhZ3JhcGggeyIiOnsidHlwb2dyYXBoeSI6eyJ0ZXh0QWxpZ24iOiJjZW50ZXIifX19IC0tPgo8cCBjbGFzc2hhcy0tIS0tIC93OnBhcmFncmFwaC0tPgoKPCEtLSB3cDpwYXJhZ3JhcGggeyIiOnsidHlwb2dyYXBoeSI6eyJ0ZXh0QWxpZ24iOiJjZW50ZXIifX19IC0tPgo8cCBjbGFzc2hhcy0tIS0tIC93OnBhcmFncmFwaC0tPgoKPCEtLSB3cDpwYXJhZ3JhcGggeyIiOnsidHlwb2dyYXBoeSI6eyJ0ZXh0QWxpZ24iOiJjZW50ZXIifX19IC0tPgo8cCBjbGFzc2hhcy0tJm5ic3A7IS0tIC93OnBhcmFncmFwaC0tPgoKPCEtLSB3cDpwYXJhZ3JhcGggeyIiOnsidHlwb2dyYXBoeSI6eyJ0ZXh0QWxpZ24iOiJjZW50ZXIifX19IC0tPgo8cCBjbGFzc2hhcy0tIS0tIC93OnBhcmFncmFwaC0tPgoKPCEtLSB3cDpwYXJhZ3JhcGggeyIiOnsidHlwb2dyYXBoeSI6eyJ0ZXh0QWxpZ24iOiJjZW50ZXIifX19IC0tPgo8cCBjbGFzc2hhcy0tIS0tIC93OnBhcmFncmFwaC0tPgoKPCEtLSB3cDpwYXJhZ3JhcGggeyIiOnsidHlwb2dyYXBoeSI6eyJ0ZXh0QWxpZ24iOiJjZW50ZXIifX19IC0tPgo8cCBjbGFzc2hhcy0tIS0tIC93OnBhcmFncmFwaC0tPgoKPCEtLSB3cDpwYXJhZ3JhcGggeyIiOnsidHlwb2dyYXBoeSI6eyJ0ZXh0QWxpZ24iOiJjZW50ZXIifX19IC0tPgo8cCBjbGFzc2hhcy0tIS0tIC93OnBhcmFncmFwaC0tPgoKPCEtLSB3cDpwYXJhZ3JhcGggeyIiOnsidHlwb2dyYXBoeSI6eyJ0ZXh0QWxpZ24iOiJjZW50ZXIifX19IC0tPgo8cCBjbGFzc2hhcy0tIS0tIC93OnBhcmFncmFwaC0tPgoKPCEtLSB3cDpwYXJhZ3JhcGggeyIiOnsidHlwb2dyYXBoeSI6eyJ0ZXh0QWxpZ24iOiJjZW50ZXIifX19IC0tPgo8cCBjbGFzc2hhcy0tCjwhLS0gL3dwOnBhcmFncmFwaCAtLT4FBwgECAQIBggFBwgHQQEFAgpBAAZBApIBQQAFAgoGggJBAAUCCgY+QQAFAgoGjQFBAAUCCga+AUEABQIKBghBAAUCCgYpnwFBAAUCCgaOAUEABQIKBjtBAAUCCga2AUEABQIKBrUBQQAFAgoGuQFBAAUCCga\/AQgHCAYIDggOCAtIAQQoCQgGCAcPBAoHCwUHBQeOAQcFCAcECge6AQcFCwgHBAoHNgcFCwgHBAoHhQEHBQsIBwQKB7YBBwULCAcECgcBBwULCAcECgeGAgcFCwgHBAoHhgEHBQsIBwQKBzMHBQsIBwQKB64BBwULCAcECgetAQcFCwgHBAoHsQEHBQsIBwQKB7kBBwULCAcECgcFCwWOAQcFAwYIAQIJAUgABAkFCAKCAhUzK4gBBgEFHAYKGTUEAQYKGTUEAQYKGTUEAQYKGTUEAQYKGTUEAQYKGTUEAUYAChk1BAEGChk1BAEGChk1BAEGChk1BAEGChk1BAEGChk1BAEXEwEEAAABAAAAAQYAAQEAAAcBAQA8QgEBAEEAAAJBAAIAQQACAEEAAgBBAAIAQQACAEEAAgBBAAIAQQACAEEAAgBBAAIAQQACAEEAAgBBAAIAHUEDAgECAQIBAgECAQJBAAIBAgECAQIBAgECQbMBAeEDAH0BdxMyMDE3LTExLTI3VDEwOjU3OjA0dwdrb250YWt0dwdwdWJsaXNofQN9AHcGY2xvc2VkdwZjbG9zZWR3AHl3AHckNzQyMDVlNmMtMjc3My00OTUxLTliYWQtODJmODAyYTRhZGMzeHfTDDxwIHN0eWxlPSJ0ZXh0LWFsaWduOiBjZW50ZXI7Ij48c3BhbiBzdHlsZT0iZm9udC1zaXplOiAxNHB0OyI+PHN0cm9uZz5GdW5kYWNqYSBNYWxpIFdvam93bmljeTwvc3Ryb25nPjwvc3Bhbj48L3A+CjxwIHN0eWxlPSJ0ZXh0LWFsaWduOiBjZW50ZXI7Ij48YSBocmVmPSJtYWlsdG86ZnVuZGFjamFtYWxpd29qb3duaWN5QGdtYWlsLmNvbSI+PHNwYW4gc3R5bGU9ImZvbnQtc2l6ZTogMTRwdDsiPmZ1bmRhY2phbWFsaXdvam93bmljeUBnbWFpbC5jb208L3NwYW4+PC9hPjwvcD4KPHAgc3R5bGU9InRleHQtYWxpZ246IGNlbnRlcjsiPjxzcGFuIHN0eWxlPSJmb250LXNpemU6IDE0cHQ7Ij50ZWwuIDcyOS05MTYtMjMyPC9zcGFuPjwvcD4KPHAgc3R5bGU9InRleHQtYWxpZ246IGNlbnRlcjsiPjxzdHJvbmc+PHNwYW4gc3R5bGU9ImZvbnQtc2l6ZTogMTRwdDsiPkJpdXJvIEZ1bmRhY2ppPC9zcGFuPjwvc3Ryb25nPjwvcD4KPHAgc3R5bGU9InRleHQtYWxpZ246IGNlbnRlcjsiPjxhIGhyZWY9Im1haWx0bzpiaXVyby5tYWxpd29qb3duaWN5QGdtYWlsLmNvbSI+PHNwYW4gc3R5bGU9ImZvbnQtc2l6ZTogMTRwdDsiPmJpdXJvLm1hbGl3b2pvd25pY3lAZ21haWwuY29tPC9zcGFuPjwvYT48L3A+CjxwIHN0eWxlPSJ0ZXh0LWFsaWduOiBjZW50ZXI7Ij4KPHAgc3R5bGU9InRleHQtYWxpZ246IGNlbnRlcjsiPjxzcGFuIHN0eWxlPSJmb250LXNpemU6IDE0cHQ7Ij48c3Ryb25nPsKgTnVtZXIga29udGEgbmEga3TDs3JlIG1vxbxlc3ogcHJ6ZWthemHEhyDFm3JvZGtpIG5hIHJlYWxpemFjasSZIG5hc3p5Y2ggY2Vsw7N3Ojwvc3Ryb25nPjwvc3Bhbj48L3A+CjxwIHN0eWxlPSJ0ZXh0LWFsaWduOiBjZW50ZXI7Ij48c3BhbiBzdHlsZT0iZm9udC1zaXplOiAxNHB0OyI+IDk1MTcgNTAwMCAxMjAwIDAwMDAwMCAzODQwIDU3Mzc8L3NwYW4+PC9wPgo8cCBzdHlsZT0idGV4dC1hbGlnbjogY2VudGVyOyI+PHNwYW4gc3R5bGU9ImZvbnQtc2l6ZTogMTRwdDsiPndwxYJhdHkgdyBFVVJPPC9zcGFuPjwvcD4KPHAgc3R5bGU9InRleHQtYWxpZ246IGNlbnRlcjsiPjxzcGFuIHN0eWxlPSJmb250LXNpemU6IDE0cHQ7Ij48c3BhbiBkYXRhLW9mZnNldC1rZXk9ImZzbGJ2LTAtMCI+NjkxNyA1MDAwIDEyMDAgMDAwMCAwMDQxIDE1NjI1Mjwvc3Bhbj48L3NwYW4+PC9wPgo8cCBzdHlsZT0idGV4dC1hbGlnbjogY2VudGVyOyI+PHNwYW4gc3R5bGU9ImZvbnQtc2l6ZTogMTRwdDsiPjxzdHJvbmc+TW\/FvGVzeiB0ZcW8IHdlc3ByemXEhyBuYXMgbmEgcG9wcnpleiB6YmnDs3JraSBpbnRlcm5ldG93ZTwvc3Ryb25nPjwvc3Bhbj48L3A+CjxwIHN0eWxlPSJ0ZXh0LWFsaWduOiBjZW50ZXI7Ij48YSBocmVmPSJodHRwczovL3BvbWFnYW0ucGwvbWFsaXdvam93bmljeSI+PHNwYW4gc3R5bGU9ImZvbnQtc2l6ZTogMTRwdDsiPnd3dy5wb21hZ2FtLnBsL21hbGl3b2pvd25pY3k8L3NwYW4+PC9hPjwvcD4KPHAgc3R5bGU9InRleHQtYWxpZ246IGNlbnRlcjsiPjxhIGhyZWY9Imh0dHBzOi8vd3d3LnNpZXBvbWFnYS5wbC9tYWxpd29qb3duaWN5Ij48c3BhbiBzdHlsZT0iZm9udC1zaXplOiAxNHB0OyI+d3d3LnNpZXBvbWFnYS5wbC9tYWxpd29qb3duaWN5PC9zcGFuPjwvYT48L3A+dw1jb3JlL2ZyZWVmb3Jtd9MMPHAgc3R5bGU9InRleHQtYWxpZ246IGNlbnRlcjsiPjxzcGFuIHN0eWxlPSJmb250LXNpemU6IDE0cHQ7Ij48c3Ryb25nPkZ1bmRhY2phIE1hbGkgV29qb3duaWN5PC9zdHJvbmc+PC9zcGFuPjwvcD4KPHAgc3R5bGU9InRleHQtYWxpZ246IGNlbnRlcjsiPjxhIGhyZWY9Im1haWx0bzpmdW5kYWNqYW1hbGl3b2pvd25pY3lAZ21haWwuY29tIj48c3BhbiBzdHlsZT0iZm9udC1zaXplOiAxNHB0OyI+ZnVuZGFjamFtYWxpd29qb3duaWN5QGdtYWlsLmNvbTwvc3Bhbj48L2E+PC9wPgo8cCBzdHlsZT0idGV4dC1hbGlnbjogY2VudGVyOyI+PHNwYW4gc3R5bGU9ImZvbnQtc2l6ZTogMTRwdDsiPnRlbC4gNzI5LTkxNi0yMzI8L3NwYW4+PC9wPgo8cCBzdHlsZT0idGV4dC1hbGlnbjogY2VudGVyOyI+PHN0cm9uZz48c3BhbiBzdHlsZT0iZm9udC1zaXplOiAxNHB0OyI+Qml1cm8gRnVuZGFjamk8L3NwYW4+PC9zdHJvbmc+PC9wPgo8cCBzdHlsZT0idGV4dC1hbGlnbjogY2VudGVyOyI+PGEgaHJlZj0ibWFpbHRvOmJpdXJvLm1hbGl3b2pvd25pY3lAZ21haWwuY29tIj48c3BhbiBzdHlsZT0iZm9udC1zaXplOiAxNHB0OyI+Yml1cm8ubWFsaXdvam93bmljeUBnbWFpbC5jb208L3NwYW4+PC9hPjwvcD4KPHAgc3R5bGU9InRleHQtYWxpZ246IGNlbnRlcjsiPgo8cCBzdHlsZT0idGV4dC1hbGlnbjogY2VudGVyOyI+PHNwYW4gc3R5bGU9ImZvbnQtc2l6ZTogMTRwdDsiPjxzdHJvbmc+wqBOdW1lciBrb250YSBuYSBrdMOzcmUgbW\/FvGVzeiBwcnpla2F6YcSHIMWbcm9ka2kgbmEgcmVhbGl6YWNqxJkgbmFzenljaCBjZWzDs3c6PC9zdHJvbmc+PC9zcGFuPjwvcD4KPHAgc3R5bGU9InRleHQtYWxpZ246IGNlbnRlcjsiPjxzcGFuIHN0eWxlPSJmb250LXNpemU6IDE0cHQ7Ij4gOTUxNyA1MDAwIDEyMDAgMDAwMDAwIDM4NDAgNTczNzwvc3Bhbj48L3A+CjxwIHN0eWxlPSJ0ZXh0LWFsaWduOiBjZW50ZXI7Ij48c3BhbiBzdHlsZT0iZm9udC1zaXplOiAxNHB0OyI+d3DFgmF0eSB3IEVVUk88L3NwYW4+PC9wPgo8cCBzdHlsZT0idGV4dC1hbGlnbjogY2VudGVyOyI+PHNwYW4gc3R5bGU9ImZvbnQtc2l6ZTogMTRwdDsiPjxzcGFuIGRhdGEtb2Zmc2V0LWtleT0iZnNsYnYtMC0wIj42OTE3IDUwMDAgMTIwMCAwMDAwIDAwNDEgMTU2MjUyPC9zcGFuPjwvc3Bhbj48L3A+CjxwIHN0eWxlPSJ0ZXh0LWFsaWduOiBjZW50ZXI7Ij48c3BhbiBzdHlsZT0iZm9udC1zaXplOiAxNHB0OyI+PHN0cm9uZz5Nb8W8ZXN6IHRlxbwgd2VzcHJ6ZcSHIG5hcyBuYSBwb3ByemV6IHpiacOzcmtpIGludGVybmV0b3dlPC9zdHJvbmc+PC9zcGFuPjwvcD4KPHAgc3R5bGU9InRleHQtYWxpZ246IGNlbnRlcjsiPjxhIGhyZWY9Imh0dHBzOi8vcG9tYWdhbS5wbC9tYWxpd29qb3duaWN5Ij48c3BhbiBzdHlsZT0iZm9udC1zaXplOiAxNHB0OyI+d3d3LnBvbWFnYW0ucGwvbWFsaXdvam93bmljeTwvc3Bhbj48L2E+PC9wPgo8cCBzdHlsZT0idGV4dC1hbGlnbjogY2VudGVyOyI+PGEgaHJlZj0iaHR0cHM6Ly93d3cuc2llcG9tYWdhLnBsL21hbGl3b2pvd25pY3kiPjxzcGFuIHN0eWxlPSJmb250LXNpemU6IDE0cHQ7Ij53d3cuc2llcG9tYWdhLnBsL21hbGl3b2pvd25pY3k8L3NwYW4+PC9hPjwvcD53JGNlOGI5YjhlLTJkMWEtNGJjNS1iZmU0LThhOWE1ZDU3ZWMzMHcOY29yZS9wYXJhZ3JhcGh5dgEKdHlwb2dyYXBoeXYBCXRleHRBbGlnbncGY2VudGVydyQzYWJiNWMxYy01MTc3LTQ4ZmMtYmZjYy1jNDA3NGFjMzExOTV4dw5jb3JlL3BhcmFncmFwaHl2AQp0eXBvZ3JhcGh5dgEJdGV4dEFsaWdudwZjZW50ZXJ3JGQ2OTM4NTg1LTg5OWItNGVhOS1iMjliLTNkMzhiNGI4Y2Q5Znh3DmNvcmUvcGFyYWdyYXBoeXYBCnR5cG9ncmFwaHl2AQl0ZXh0QWxpZ253BmNlbnRlcnckN2QzZDAwMzUtZTMyZC00OGJmLWFiY2ItMjViZDRkMmVmMDMyeHcOY29yZS9wYXJhZ3JhcGh5dgEKdHlwb2dyYXBoeXYBCXRleHRBbGlnbncGY2VudGVydyQ0YmRiYmQ4NC1hOTcxLTRmNmQtYmZjYS1mYTgzYjRiNzIwYWV4dw5jb3JlL3BhcmFncmFwaHl2AQp0eXBvZ3JhcGh5dgEJdGV4dEFsaWdudwZjZW50ZXJ3JGI5ODczYTNhLWQ4ZWYtNDVmYy1hYWI1LWFmMDE0Zjc5YzE4Nnh3DmNvcmUvcGFyYWdyYXBoeXYBCnR5cG9ncmFwaHl2AQl0ZXh0QWxpZ253BmNlbnRlcnckYjVkZWUzMDItMWUyZS00OTE5LThhNGItZjRhM2I3ZmM3Yjc5eHcOY29yZS9wYXJhZ3JhcGh5dgEKdHlwb2dyYXBoeXYBCXRleHRBbGlnbncGY2VudGVydyQxOWE1ZDk3Ni1kNjI4LTRkYTYtYTg4My0wMWQyZDY3YzdmMjR4dw5jb3JlL3BhcmFncmFwaHl2AQp0eXBvZ3JhcGh5dgEJdGV4dEFsaWdudwZjZW50ZXJ3JDgwNmUwZDUwLTBmOWItNDhmZS05ZWRkLTBmZDU1NTg0NjM3Y3h3DmNvcmUvcGFyYWdyYXBoeXYBCnR5cG9ncmFwaHl2AQl0ZXh0QWxpZ253BmNlbnRlcnckYTM0M2JkOGQtMzc1My00ZWUyLThhNTQtMDIxZGZmMzg2ZmY2eHcOY29yZS9wYXJhZ3JhcGh5dgEKdHlwb2dyYXBoeXYBCXRleHRBbGlnbncGY2VudGVydyQyMTAyOWYxMy1lNGE4LTRkOTEtYTQ3Yi1hZTExYThkMzM5MDh4dw5jb3JlL3BhcmFncmFwaHl2AQp0eXBvZ3JhcGh5dgEJdGV4dEFsaWdudwZjZW50ZXJ3JGM1YWMzYTEwLWY4NzAtNDRlOC04NzA0LTlmMDE3OGFiNDFmNXh3DmNvcmUvcGFyYWdyYXBoeXYBCnR5cG9ncmFwaHl2AQl0ZXh0QWxpZ253BmNlbnRlcnckMDVlN2QxNTAtNjdlOS00ZjJlLTg4NWYtMzNkZmJjOWZlMjg2eHcOY29yZS9wYXJhZ3JhcGh5dgEKdHlwb2dyYXBoeXYBCXRleHRBbGlnbncGY2VudGVydyQyYjEzMjMwZi0xZGJjLTQxMTYtOTE1Yi1hZWYwYmQyZGI1NzR4dwxjb3JlL2hlYWRpbmd9AnckMmIxMzIzMGYtMWRiYy00MTE2LTkxNWItYWVmMGJkMmRiNTc0dwxjb3JlL2hlYWRpbmd9AnckY2U4YjliOGUtMmQxYS00YmM1LWJmZTQtOGE5YTVkNTdlYzMwdw5jb3JlL3BhcmFncmFwaHl2AQp0eXBvZ3JhcGh5dgEJdGV4dEFsaWdudwZjZW50ZXJ2AQp0eXBvZ3JhcGh5dgEJdGV4dEFsaWdudwZjZW50ZXJ2Agp0eXBvZ3JhcGh5dgEJdGV4dEFsaWdudwZjZW50ZXIIZWxlbWVudHN2AQRsaW5rdgEFY29sb3J2AQR0ZXh0dxl2YXI6cHJlc2V0fGNvbG9yfGFjY2VudC0zdwhhY2NlbnQtM3YDCnR5cG9ncmFwaHl2AQl0ZXh0QWxpZ253BmNlbnRlcghlbGVtZW50c3YBBGxpbmt2AQVjb2xvcnYBBHRleHR3ByM1NjQxYWEFY29sb3J2AQR0ZXh0dwcjNTY0MWFhf3YDCnR5cG9ncmFwaHl2AQl0ZXh0QWxpZ253BmNlbnRlcghlbGVtZW50c3YBBGxpbmt2AQVjb2xvcnYBBHRleHR3ByM1NTNmYWIFY29sb3J2AQR0ZXh0dwcjNTUzZmFif3YDCnR5cG9ncmFwaHl2AQl0ZXh0QWxpZ253BmNlbnRlcghlbGVtZW50c3YBBGxpbmt2AQVjb2xvcnYBBHRleHR3ByM0YjMxYWYFY29sb3J2AQR0ZXh0dwcjNGIzMWFmf3YDCnR5cG9ncmFwaHl2AQl0ZXh0QWxpZ253BmNlbnRlcghlbGVtZW50c3YBBGxpbmt2AQVjb2xvcnYBBHRleHR3ByM0MzI4YWYFY29sb3J2AQR0ZXh0dwcjNDMyOGFmf3YDCnR5cG9ncmFwaHl2AQl0ZXh0QWxpZ253BmNlbnRlcghlbGVtZW50c3YBBGxpbmt2AQVjb2xvcnYBBHRleHR3ByMzZjI0YWUFY29sb3J2AQR0ZXh0dwcjM2YyNGFlf3YDCnR5cG9ncmFwaHl2AQl0ZXh0QWxpZ253BmNlbnRlcghlbGVtZW50c3YBBGxpbmt2AQVjb2xvcnYBBHRleHR3ByMzZjIzYWYFY29sb3J2AQR0ZXh0dwcjM2YyM2Fmf3YDCnR5cG9ncmFwaHl2AQl0ZXh0QWxpZ253BmNlbnRlcghlbGVtZW50c3YBBGxpbmt2AQVjb2xvcnYBBHRleHR3ByMzZTIxYjAFY29sb3J2AQR0ZXh0dwcjM2UyMWIwf3YDCnR5cG9ncmFwaHl2AQl0ZXh0QWxpZ253BmNlbnRlcghlbGVtZW50c3YBBGxpbmt2AQVjb2xvcnYBBHRleHR3ByMzZDIwYjEFY29sb3J2AQR0ZXh0dwcjM2QyMGIxf3YDCnR5cG9ncmFwaHl2AQl0ZXh0QWxpZ253BmNlbnRlcghlbGVtZW50c3YBBGxpbmt2AQVjb2xvcnYBBHRleHR3ByMzYjFmYWQFY29sb3J2AQR0ZXh0dwcjM2IxZmFkf3YDCnR5cG9ncmFwaHl2AQl0ZXh0QWxpZ253BmNlbnRlcghlbGVtZW50c3YBBGxpbmt2AQVjb2xvcnYBBHRleHR3ByMzOTFjYjAFY29sb3J2AQR0ZXh0dwcjMzkxY2Iwf3YDCnR5cG9ncmFwaHl2AQl0ZXh0QWxpZ253BmNlbnRlcghlbGVtZW50c3YBBGxpbmt2AQVjb2xvcnYBBHRleHR3ByMzODFhYjMFY29sb3J2AQR0ZXh0dwcjMzgxYWIzf3YDCnR5cG9ncmFwaHl2AQl0ZXh0QWxpZ253BmNlbnRlcghlbGVtZW50c3YBBGxpbmt2AQVjb2xvcnYBBHRleHR3ByMzNjE3YjAFY29sb3J2AQR0ZXh0dwcjMzYxN2Iwf3YDCnR5cG9ncmFwaHl2AQl0ZXh0QWxpZ253BmNlbnRlcghlbGVtZW50c3YBBGxpbmt2AQVjb2xvcnYBBHRleHR3ByMzNDE1YjIFY29sb3J2AQR0ZXh0dwcjMzQxNWIyf3YDCnR5cG9ncmFwaHl2AQl0ZXh0QWxpZ253BmNlbnRlcghlbGVtZW50c3YBBGxpbmt2AQVjb2xvcnYBBHRleHR3ByMzNDE0YjMFY29sb3J2AQR0ZXh0dwcjMzQxNGIzf3YDCnR5cG9ncmFwaHl2AQl0ZXh0QWxpZ253BmNlbnRlcghlbGVtZW50c3YBBGxpbmt2AQVjb2xvcnYBBHRleHR3ByMzMzEzYjQFY29sb3J2AQR0ZXh0dwcjMzMxM2I0f3YDCnR5cG9ncmFwaHl2AQl0ZXh0QWxpZ253BmNlbnRlcghlbGVtZW50c3YBBGxpbmt2AQVjb2xvcnYBBHRleHR3ByMzMjEyYWYFY29sb3J2AQR0ZXh0dwcjMzIxMmFmf3YDCnR5cG9ncmFwaHl2AQl0ZXh0QWxpZ253BmNlbnRlcghlbGVtZW50c3YBBGxpbmt2AQVjb2xvcnYBBHRleHR3ByMzMTExYjAFY29sb3J2AQR0ZXh0dwcjMzExMWIwf3YDCnR5cG9ncmFwaHl2AQl0ZXh0QWxpZ253BmNlbnRlcghlbGVtZW50c3YBBGxpbmt2AQVjb2xvcnYBBHRleHR3ByMyZjEwYWQFY29sb3J2AQR0ZXh0dwcjMmYxMGFkf3YDCnR5cG9ncmFwaHl2AQl0ZXh0QWxpZ253BmNlbnRlcghlbGVtZW50c3YBBGxpbmt2AQVjb2xvcnYBBHRleHR3ByMyZjBmYWUFY29sb3J2AQR0ZXh0dwcjMmYwZmFlf3YDCnR5cG9ncmFwaHl2AQl0ZXh0QWxpZ253BmNlbnRlcghlbGVtZW50c3YBBGxpbmt2AQVjb2xvcnYBBHRleHR3ByMyZDBlYWEFY29sb3J2AQR0ZXh0dwcjMmQwZWFhf3YDCnR5cG9ncmFwaHl2AQl0ZXh0QWxpZ253BmNlbnRlcghlbGVtZW50c3YBBGxpbmt2AQVjb2xvcnYBBHRleHR3ByMyYzBjYWMFY29sb3J2AQR0ZXh0dwcjMmMwY2Fjf3YDCnR5cG9ncmFwaHl2AQl0ZXh0QWxpZ253BmNlbnRlcghlbGVtZW50c3YBBGxpbmt2AQVjb2xvcnYBBHRleHR3ByMyYjBjYTcFY29sb3J2AQR0ZXh0dwcjMmIwY2E3f3YDCnR5cG9ncmFwaHl2AQl0ZXh0QWxpZ253BmNlbnRlcghlbGVtZW50c3YBBGxpbmt2AQVjb2xvcnYBBHRleHR3ByMyOTBiYTIFY29sb3J2AQR0ZXh0dwcjMjkwYmEyf3YDCnR5cG9ncmFwaHl2AQl0ZXh0QWxpZ253BmNlbnRlcghlbGVtZW50c3YBBGxpbmt2AQVjb2xvcnYBBHRleHR3ByMyODBhOWUFY29sb3J2AQR0ZXh0dwcjMjgwYTllf3YDCnR5cG9ncmFwaHl2AQl0ZXh0QWxpZ253BmNlbnRlcghlbGVtZW50c3YBBGxpbmt2AQVjb2xvcnYBBHRleHR3ByMyNzBhOTkFY29sb3J2AQR0ZXh0dwcjMjcwYTk5f3YDCnR5cG9ncmFwaHl2AQl0ZXh0QWxpZ253BmNlbnRlcghlbGVtZW50c3YBBGxpbmt2AQVjb2xvcnYBBHRleHR3ByMyNTA5OTUFY29sb3J2AQR0ZXh0dwcjMjUwOTk1f3YDCnR5cG9ncmFwaHl2AQl0ZXh0QWxpZ253BmNlbnRlcghlbGVtZW50c3YBBGxpbmt2AQVjb2xvcnYBBHRleHR3ByMyNDA5OTAFY29sb3J2AQR0ZXh0dwcjMjQwOTkwf3YDCnR5cG9ncmFwaHl2AQl0ZXh0QWxpZ253BmNlbnRlcghlbGVtZW50c3YBBGxpbmt2AQVjb2xvcnYBBHRleHR3ByMyNDA4OTEFY29sb3J2AQR0ZXh0dwcjMjQwODkxf3YDCnR5cG9ncmFwaHl2AQl0ZXh0QWxpZ253BmNlbnRlcghlbGVtZW50c3YBBGxpbmt2AQVjb2xvcnYBBHRleHR3ByMzNjA4OTEFY29sb3J2AQR0ZXh0dwcjMzYwODkxf3YDCnR5cG9ncmFwaHl2AQl0ZXh0QWxpZ253BmNlbnRlcghlbGVtZW50c3YBBGxpbmt2AQVjb2xvcnYBBHRleHR3ByMzYTA4OTEFY29sb3J2AQR0ZXh0dwcjM2EwODkxf3YDCnR5cG9ncmFwaHl2AQl0ZXh0QWxpZ253BmNlbnRlcghlbGVtZW50c3YBBGxpbmt2AQVjb2xvcnYBBHRleHR3ByM0MzA4OTEFY29sb3J2AQR0ZXh0dwcjNDMwODkxf3YDCnR5cG9ncmFwaHl2AQl0ZXh0QWxpZ253BmNlbnRlcghlbGVtZW50c3YBBGxpbmt2AQVjb2xvcnYBBHRleHR3ByM0ZDA4OTEFY29sb3J2AQR0ZXh0dwcjNGQwODkxf3YDCnR5cG9ncmFwaHl2AQl0ZXh0QWxpZ253BmNlbnRlcghlbGVtZW50c3YBBGxpbmt2AQVjb2xvcnYBBHRleHR3ByM1MTA4OTEFY29sb3J2AQR0ZXh0dwcjNTEwODkxf3YDCnR5cG9ncmFwaHl2AQl0ZXh0QWxpZ253BmNlbnRlcghlbGVtZW50c3YBBGxpbmt2AQVjb2xvcnYBBHRleHR3ByM1YTA4OTEFY29sb3J2AQR0ZXh0dwcjNWEwODkxf3YDCnR5cG9ncmFwaHl2AQl0ZXh0QWxpZ253BmNlbnRlcghlbGVtZW50c3YBBGxpbmt2AQVjb2xvcnYBBHRleHR3ByM2MzA4OTEFY29sb3J2AQR0ZXh0dwcjNjMwODkxf3YDCnR5cG9ncmFwaHl2AQl0ZXh0QWxpZ253BmNlbnRlcghlbGVtZW50c3YBBGxpbmt2AQVjb2xvcnYBBHRleHR3ByM2ODA4OTEFY29sb3J2AQR0ZXh0dwcjNjgwODkxf3YDCnR5cG9ncmFwaHl2AQl0ZXh0QWxpZ253BmNlbnRlcghlbGVtZW50c3YBBGxpbmt2AQVjb2xvcnYBBHRleHR3ByM2YzA4OTEFY29sb3J2AQR0ZXh0dwcjNmMwODkxf3YDCnR5cG9ncmFwaHl2AQl0ZXh0QWxpZ253BmNlbnRlcghlbGVtZW50c3YBBGxpbmt2AQVjb2xvcnYBBHRleHR3ByM2ODA4OTEFY29sb3J2AQR0ZXh0dwcjNjgwODkxf3YDCnR5cG9ncmFwaHl2AQl0ZXh0QWxpZ253BmNlbnRlcghlbGVtZW50c3YBBGxpbmt2AQVjb2xvcnYBBHRleHR3ByM2MzA4OTEFY29sb3J2AQR0ZXh0dwcjNjMwODkxf3YDCnR5cG9ncmFwaHl2AQl0ZXh0QWxpZ253BmNlbnRlcghlbGVtZW50c3YBBGxpbmt2AQVjb2xvcnYBBHRleHR3ByM1ZjA4OTEFY29sb3J2AQR0ZXh0dwcjNWYwODkxf3YDCnR5cG9ncmFwaHl2AQl0ZXh0QWxpZ253BmNlbnRlcghlbGVtZW50c3YBBGxpbmt2AQVjb2xvcnYBBHRleHR3ByM1YTA4OTEFY29sb3J2AQR0ZXh0dwcjNWEwODkxf3YDCnR5cG9ncmFwaHl2AQl0ZXh0QWxpZ253BmNlbnRlcghlbGVtZW50c3YBBGxpbmt2AQVjb2xvcnYBBHRleHR3ByM1NjA4OTEFY29sb3J2AQR0ZXh0dwcjNTYwODkxf3YDCnR5cG9ncmFwaHl2AQl0ZXh0QWxpZ253BmNlbnRlcghlbGVtZW50c3YBBGxpbmt2AQVjb2xvcnYBBHRleHR3ByM1YTA4OTEFY29sb3J2AQR0ZXh0dwcjNWEwODkxf3tCedcZrc2QAH2a7JzaCAGato6tBCYpAGkBBgCVAQEGAFEBBgBgAQYAkQEBBgAbAQYAKQByAQYAYQEGAE4BBgCJAQEGAIgBAQYAjAEBBgCKAQABAQEAAQMBT50JAAEAAgBWAAMNAQsUVQ==\",\"updateId\":647262348}","_kadence_starter_templates_imported_post":false,"footnotes":""},"class_list":["post-48","page","type-page","status-publish","hentry"],"_links":{"self":[{"href":"https:\/\/maliwojownicy.org\/index.php\/wp-json\/wp\/v2\/pages\/48","targetHints":{"allow":["GET"]}}],"collection":[{"href":"https:\/\/maliwojownicy.org\/index.php\/wp-json\/wp\/v2\/pages"}],"about":[{"href":"https:\/\/maliwojownicy.org\/index.php\/wp-json\/wp\/v2\/types\/page"}],"author":[{"embeddable":true,"href":"https:\/\/maliwojownicy.org\/index.php\/wp-json\/wp\/v2\/users\/3"}],"replies":[{"embeddable":true,"href":"https:\/\/maliwojownicy.org\/index.php\/wp-json\/wp\/v2\/comments?post=48"}],"version-history":[{"count":2,"href":"https:\/\/maliwojownicy.org\/index.php\/wp-json\/wp\/v2\/pages\/48\/revisions"}],"predecessor-version":[{"id":2453,"href":"https:\/\/maliwojownicy.org\/index.php\/wp-json\/wp\/v2\/pages\/48\/revisions\/2453"}],"up":[{"embeddable":true,"href":"https:\/\/maliwojownicy.org\/index.php\/wp-json\/wp\/v2\/pages\/31"}],"wp:attachment":[{"href":"https:\/\/maliwojownicy.org\/index.php\/wp-json\/wp\/v2\/media?parent=48"}],"curies":[{"name":"wp","href":"https:\/\/api.w.org\/{rel}","templated":true}]}}