{"id":38,"date":"2017-11-27T10:54:55","date_gmt":"2017-11-27T10:54:55","guid":{"rendered":"http:\/\/maliwojownicy.org\/?page_id=38"},"modified":"2026-03-27T10:10:00","modified_gmt":"2026-03-27T09:10:00","slug":"dokumenty","status":"publish","type":"page","link":"https:\/\/maliwojownicy.org\/index.php\/o-nas\/dokumenty\/","title":{"rendered":"Dokumenty"},"content":{"rendered":"\n<h2 class=\"wp-block-heading is-style-text-display has-text-color has-link-color wp-elements-aa444cb5f4742f9051db2859c0de1783 is-style-text-display--1\" style=\"color:#9e25e4\">Dokumenty Fundacji<\/h2>\n\n\n\n<p class=\"wp-block-paragraph\"><a href=\"http:\/\/maliwojownicy.org\/wp-content\/uploads\/2023\/03\/STATUT-FUNDACJI-aktualny-na-IV-2021.pdf\">STATUT FUNDACJI &#8211; aktualny od IV 2021&nbsp;<\/a><\/p>\n\n\n\n<p class=\"wp-block-paragraph\"><a href=\"http:\/\/maliwojownicy.org\/wp-content\/uploads\/2024\/12\/Standard-ochrony-maloletnich-1.09.2024.pdf\">Standard ochrony ma\u0142oletnich 1.09.2024<\/a><\/p>\n\n\n\n<p class=\"wp-block-paragraph\"><a href=\"http:\/\/maliwojownicy.org\/wp-content\/uploads\/2024\/11\/Statut.pdf\">Statut Szko\u0142y<\/a><\/p>\n\n\n\n<p class=\"wp-block-paragraph\"><a href=\"http:\/\/maliwojownicy.org\/wp-content\/uploads\/2024\/07\/STATUT-przedszola-2023.pdf\">STATUT Przedszkola<\/a><\/p>\n\n\n\n<p class=\"wp-block-paragraph\"><a href=\"http:\/\/maliwojownicy.org\/wp-content\/uploads\/2023\/06\/Statut-2022.pdf\">Statut \u017b\u0142obka&nbsp;<\/a><\/p>\n\n\n\n<div data-wp-interactive=\"core\/file\" class=\"wp-block-file\"><object data-wp-bind--hidden=\"!state.hasPdfPreview\" hidden class=\"wp-block-file__embed\" data=\"http:\/\/maliwojownicy.org\/wp-content\/uploads\/2022\/12\/wyslane-sprawozdanie-OPP-za-2021-1.pdf\" type=\"application\/pdf\" style=\"width:100%;height:200px\" aria-label=\"Osadzone z sprawozdanie OPP za 2021.\"><\/object><a id=\"wp-block-file--media-3ba59b58-3254-4afa-a249-fcbb4fb8bf94\" href=\"http:\/\/maliwojownicy.org\/wp-content\/uploads\/2022\/12\/wyslane-sprawozdanie-OPP-za-2021-1.pdf\">sprawozdanie OPP za 2021<\/a><a href=\"http:\/\/maliwojownicy.org\/wp-content\/uploads\/2022\/12\/wyslane-sprawozdanie-OPP-za-2021-1.pdf\" class=\"wp-block-file__button wp-element-button\" download aria-describedby=\"wp-block-file--media-3ba59b58-3254-4afa-a249-fcbb4fb8bf94\">Pobierz<\/a><\/div>\n\n\n\n<p class=\"wp-block-paragraph\"><a href=\"http:\/\/maliwojownicy.org\/wp-content\/uploads\/2024\/12\/Sprawozdanie-merytoryczne_27532-1.pdf\">Sprowadzanie za 2023 rok<\/a><\/p>\n\n\n\n<p class=\"wp-block-paragraph\"><\/p>\n","protected":false},"excerpt":{"rendered":"<p>Dokumenty Fundacji STATUT FUNDACJI &#8211; aktualny od IV 2021&nbsp; Standard ochrony ma\u0142oletnich 1.09.2024 Statut Szko\u0142y STATUT Przedszkola Statut \u017b\u0142obka&nbsp; Sprowadzanie za 2023 rok<\/p>\n","protected":false},"author":3,"featured_media":0,"parent":31,"menu_order":0,"comment_status":"closed","ping_status":"closed","template":"","meta":{"_crdt_document":"","_kadence_starter_templates_imported_post":false,"footnotes":""},"class_list":["post-38","page","type-page","status-publish","hentry"],"_links":{"self":[{"href":"https:\/\/maliwojownicy.org\/index.php\/wp-json\/wp\/v2\/pages\/38","targetHints":{"allow":["GET"]}}],"collection":[{"href":"https:\/\/maliwojownicy.org\/index.php\/wp-json\/wp\/v2\/pages"}],"about":[{"href":"https:\/\/maliwojownicy.org\/index.php\/wp-json\/wp\/v2\/types\/page"}],"author":[{"embeddable":true,"href":"https:\/\/maliwojownicy.org\/index.php\/wp-json\/wp\/v2\/users\/3"}],"replies":[{"embeddable":true,"href":"https:\/\/maliwojownicy.org\/index.php\/wp-json\/wp\/v2\/comments?post=38"}],"version-history":[{"count":2,"href":"https:\/\/maliwojownicy.org\/index.php\/wp-json\/wp\/v2\/pages\/38\/revisions"}],"predecessor-version":[{"id":2322,"href":"https:\/\/maliwojownicy.org\/index.php\/wp-json\/wp\/v2\/pages\/38\/revisions\/2322"}],"up":[{"embeddable":true,"href":"https:\/\/maliwojownicy.org\/index.php\/wp-json\/wp\/v2\/pages\/31"}],"wp:attachment":[{"href":"https:\/\/maliwojownicy.org\/index.php\/wp-json\/wp\/v2\/media?parent=38"}],"curies":[{"name":"wp","href":"https:\/\/api.w.org\/{rel}","templated":true}]}}