{"id":1633,"date":"2025-01-20T15:31:56","date_gmt":"2025-01-20T15:31:56","guid":{"rendered":"http:\/\/maliwojownicy.org\/?page_id=1633"},"modified":"2026-03-19T10:55:39","modified_gmt":"2026-03-19T09:55:39","slug":"rekrutacja-szkola","status":"publish","type":"page","link":"https:\/\/maliwojownicy.org\/index.php\/niepubliczna-szkola-podstawowa-odkrywcy-nieznanego-swiata-w-bialymstoku\/rekrutacja-szkola\/","title":{"rendered":"Rekrutacja"},"content":{"rendered":"\n<p class=\"is-style-text-display has-text-color has-link-color has-xx-large-font-size wp-elements-d67d424cf4e12a020b9bee34a71c6fa6 is-style-text-display--1 wp-block-paragraph\" style=\"color:#5b128c\">Rekrutacja<\/p>\n\n\n\n<p class=\"is-style-default wp-block-paragraph\">Proces rekrutacyjny sk\u0142ada si\u0119 z co najmniej czterech spotka\u0144:<\/p>\n\n\n\n<ul class=\"wp-block-list\">\n<li>pierwsze to spotkanie dyrektora tylko z rodzicem\/rodzicami (rozmowa o dziecku i naszym funkcjonowaniu)<\/li>\n\n\n\n<li>Kolejne 2-3 spotkania z dzieckiem w grupie (adaptacja podczas czasu \u015bwietlicowego lub na lekcji) <\/li>\n\n\n\n<li>Ostatnie spotkanie to rozmowa z rodzicami i wsp\u00f3lne podj\u0119cie decyzji o wsp\u00f3\u0142pracy <\/li>\n<\/ul>\n\n\n\n<p class=\"wp-block-paragraph\">W naszej szkole rekrutacja to nie wy\u015bcig, lecz moment, w kt\u00f3rym chcemy pozna\u0107 ka\u017cde dziecko, aby stworzy\u0107 mu jak najlepsze warunki do rozwoju.<\/p>\n\n\n\n<hr class=\"wp-block-separator has-css-opacity\"\/>\n\n\n\n<p class=\"is-style-text-display has-x-large-font-size is-style-text-display--2 wp-block-paragraph\"><strong>Op\u0142aty:<\/strong><\/p>\n\n\n\n<p class=\"wp-block-paragraph\">Wpisowe &#8211; 500 z\u0142 <\/p>\n\n\n\n<p class=\"wp-block-paragraph\">Czesne z opiek\u0105 \u015bwietlicow\u0105 &#8211; 720 z\u0142 <\/p>\n\n\n\n<p class=\"wp-block-paragraph\">Czesne z opiek\u0105 \u015bwietlicow\u0105 dla rodze\u0144stwa dzieci ucz\u0119szczaj\u0105cych do plac\u00f3wek prowadzonych przez fundacj\u0119 &#8211; 700 z\u0142 <\/p>\n\n\n\n<p class=\"wp-block-paragraph\">Dzieci realizuj\u0105ce kszta\u0142cenie specjalne &#8211; brak czesnego <\/p>\n\n\n\n<p class=\"wp-block-paragraph\">Miesi\u0119czna op\u0142ata \u015bwietlicowa dla dzieci realizuj\u0105cych kszta\u0142cenie specjalne &#8211; 170 z\u0142 <\/p>\n","protected":false},"excerpt":{"rendered":"<p>Rekrutacja Proces rekrutacyjny sk\u0142ada si\u0119 z co najmniej czterech spotka\u0144: W naszej szkole rekrutacja to nie wy\u015bcig, lecz moment, w kt\u00f3rym chcemy pozna\u0107 ka\u017cde dziecko, aby stworzy\u0107 mu jak najlepsze warunki do rozwoju. Op\u0142aty: Wpisowe &#8211; 500 z\u0142 Czesne z opiek\u0105 \u015bwietlicow\u0105 &#8211; 720 z\u0142 Czesne z opiek\u0105 \u015bwietlicow\u0105 dla rodze\u0144stwa dzieci ucz\u0119szczaj\u0105cych do plac\u00f3wek [&hellip;]<\/p>\n","protected":false},"author":3,"featured_media":0,"parent":1629,"menu_order":0,"comment_status":"closed","ping_status":"closed","template":"","meta":{"_crdt_document":"","_kadence_starter_templates_imported_post":false,"footnotes":""},"class_list":["post-1633","page","type-page","status-publish","hentry"],"_links":{"self":[{"href":"https:\/\/maliwojownicy.org\/index.php\/wp-json\/wp\/v2\/pages\/1633","targetHints":{"allow":["GET"]}}],"collection":[{"href":"https:\/\/maliwojownicy.org\/index.php\/wp-json\/wp\/v2\/pages"}],"about":[{"href":"https:\/\/maliwojownicy.org\/index.php\/wp-json\/wp\/v2\/types\/page"}],"author":[{"embeddable":true,"href":"https:\/\/maliwojownicy.org\/index.php\/wp-json\/wp\/v2\/users\/3"}],"replies":[{"embeddable":true,"href":"https:\/\/maliwojownicy.org\/index.php\/wp-json\/wp\/v2\/comments?post=1633"}],"version-history":[{"count":1,"href":"https:\/\/maliwojownicy.org\/index.php\/wp-json\/wp\/v2\/pages\/1633\/revisions"}],"predecessor-version":[{"id":2169,"href":"https:\/\/maliwojownicy.org\/index.php\/wp-json\/wp\/v2\/pages\/1633\/revisions\/2169"}],"up":[{"embeddable":true,"href":"https:\/\/maliwojownicy.org\/index.php\/wp-json\/wp\/v2\/pages\/1629"}],"wp:attachment":[{"href":"https:\/\/maliwojownicy.org\/index.php\/wp-json\/wp\/v2\/media?parent=1633"}],"curies":[{"name":"wp","href":"https:\/\/api.w.org\/{rel}","templated":true}]}}