{"id":1631,"date":"2025-01-20T15:31:55","date_gmt":"2025-01-20T15:31:55","guid":{"rendered":"http:\/\/maliwojownicy.org\/?page_id=1631"},"modified":"2026-04-09T08:09:19","modified_gmt":"2026-04-09T06:09:19","slug":"o-nas-2","status":"publish","type":"page","link":"https:\/\/maliwojownicy.org\/index.php\/o-nas-2\/","title":{"rendered":"O nas"},"content":{"rendered":"\n<h2 class=\"wp-block-heading has-text-color has-link-color wp-elements-8cacc9d55159db77050c1344407c96b6\" style=\"color:#8f20cf\"><strong>O nas<\/strong><\/h2>\n\n\n\n<p class=\"has-text-align-left has-custom-css wp-custom-css-a0269b8e wp-block-paragraph\">Szko\u0142a podstawowa prowadzona przez Fundacj\u0119 Mali Wojownicy istnieje od wrze\u015bnia 2022 roku. W pocz\u0105tkowym okresie, przez dwa lata, dzia\u0142a\u0142a w strukturach innej plac\u00f3wki o\u015bwiatowej. Od wrze\u015bnia 2024 roku funkcjonuje samodzielnie jako Niepubliczna Szko\u0142a Podstawowa &#8222;Odkrywcy Nieznanego \u015awiata&#8221; w Bia\u0142ymstoku, kt\u00f3rej organem prowadz\u0105cym pozostaje Fundacja Mali Wojownicy. <\/p>\n\n\n\n<p class=\"has-custom-css wp-custom-css-ddcd42fe wp-block-paragraph\">Szko\u0142a powsta\u0142a, by umo\u017cliwi\u0107 kontynuacj\u0119 kszta\u0142cenia absolwentom Niepublicznego Przedszkola &#8222;Dzielne Zuchy&#8221; (r\u00f3wnie\u017c prowadzonego przez fundacj\u0119), co pozwala na p\u0142ynne przej\u015bcie do kolejnego etapu kszta\u0142cenia w znanym, przyjaznym \u015brodowisku. Szko\u0142a prowadzi r\u00f3wnie\u017c rekrutacj\u0119 otwart\u0105 dla wszystkich zainteresowanych.<\/p>\n\n\n\n<hr class=\"wp-block-separator has-css-opacity is-style-dots\"\/>\n\n\n\n<p class=\"has-custom-css wp-custom-css-bcd8fafb wp-block-paragraph\">Nasza plac\u00f3wka tworzy przestrze\u0144, w kt\u00f3rej miejsce znajduj\u0105 zar\u00f3wno dzieci w normie rozwojowej, jak i dzieci<br>z niepe\u0142nosprawno\u015bciami. Ka\u017cde dziecko jest dla nas wa\u017cne i potrzebne<\/p>\n\n\n\n<p class=\"has-custom-css wp-custom-css-16351996 wp-block-paragraph\">Uczniowie realizuj\u0105cy kszta\u0142cenie specjalne lub korzystaj\u0105cy ze wsparcia w ramach pomocy psychologiczno-pedagogicznej maj\u0105 zapewniony dost\u0119p do r\u00f3\u017cnorodnych terapii i rehabilitacji prowadzonych na terenie szko\u0142y. Wa\u017cne jest dla nas, aby ka\u017cdy rodzic otrzymywa\u0142 potrzebne wsparcie oraz mo\u017cliwo\u015b\u0107 konsultacji.<\/p>\n\n\n\n<p class=\"wp-block-paragraph\"><strong>Kontakt:<\/strong> <br><strong>tel.729 916 232<\/strong><\/p>\n\n\n\n<p class=\"wp-block-paragraph\"><strong>e-mail: szkola.maliwojownicy@gmail.com<\/strong><\/p>\n","protected":false},"excerpt":{"rendered":"<p>O nas Szko\u0142a podstawowa prowadzona przez Fundacj\u0119 Mali Wojownicy istnieje od wrze\u015bnia 2022 roku. W pocz\u0105tkowym okresie, przez dwa lata, dzia\u0142a\u0142a w strukturach innej plac\u00f3wki o\u015bwiatowej. Od wrze\u015bnia 2024 roku funkcjonuje samodzielnie jako Niepubliczna Szko\u0142a Podstawowa &#8222;Odkrywcy Nieznanego \u015awiata&#8221; w Bia\u0142ymstoku, kt\u00f3rej organem prowadz\u0105cym pozostaje Fundacja Mali Wojownicy. Szko\u0142a powsta\u0142a, by umo\u017cliwi\u0107 kontynuacj\u0119 kszta\u0142cenia absolwentom [&hellip;]<\/p>\n","protected":false},"author":3,"featured_media":0,"parent":0,"menu_order":0,"comment_status":"closed","ping_status":"closed","template":"","meta":{"_crdt_document":"{\"document\":\"AAAMmqu5vRnKsb2aD5cBiQGic5gBBPZ0DKhCAAYCAQIKAkIASgCAAQECCgJCAEoAtgsBAgoCQgBKAJAKAQIKAQBKABQBAgoCQgBKAL4FAQIKAkIASgC+CQEBCABICggGDCQDAMwBogEBAQgASFowAuYpmisDABqqAQL8A0QCWgy0BRQCDoQB2gUDABqqAaoEAwAGAgj8BPwFAhikc5gBBNYKOgEBMAKWBeIDAwAaqgEBBAKnASgAxAIhACgCJwAEACcABAAnACgEJwAoAScABwAoAycBBAAoAScAhwAoAycBBAAoAScAhwAoAycBBAAoAScAhwAoAycAKAInAIcAKAMnAQQAKAEnAIcAKAMnAQQAKAEnACEBhwAoAicBKAAnAAQAgQCEAEQAhAGBAIQAhwAoAicBKAAnAMQChAbEAoQABABEAIEAhACBAIQBxATBAMQAwQDEAMEAxAGo0iW4JHN0YXRldmVyc2lvbnprb2xhLm1hbGl3b2pvd25pY3lAZ21haWwuY29tem9sc3RhdGV2ZXJzaW9uZG9jdW1lbnRkYXRlZG9jdW1lbnRzbHVnZG9jdW1lbnRzdGF0dXNkb2N1bWVudHRpdGxlTyBuYXNkb2N1bWVudGNvbnRlbnQ8IS0tIHdwOmhlYWRpbmcgeyJzdHlsZSI6eyJlbGVtZW50cyI6eyJsaW5rIjp7ImNvbG9yIjp7InRleHQiOiIjOGYyMGNmIn19fSwiY29sb3IiOnsidGV4dCI6IiM4ZjIwY2YifX19IC0tPgo8aDIgY2xhc3M9IndwLWJsb2NrLWhlYWRpbmcgaGFzLXRleHQtY29sb3IgaGFzLWxpbmstY29sb3IiIHN0eWxlPSJjb2xvcjojOGYyMGNmIj48c3Ryb25nPk8gbmFzPC9zdHJvbmc+PC9oMj4KPCEtLSAvd3A6aGVhZGluZyAtLT4KCjwhLS0gd3A6cGFyYWdyYXBoIHsic3R5bGUiOnsidHlwb2dyYXBoeSI6eyJ0ZXh0QWxpZ24iOiJsZWZ0In0sImNzcyI6IntcbiAgICB0ZXh0LWFsaWduOiBqdXN0aWZ5O1xufSJ9fSAtLT4KPHAgY2xhc3M9Imhhcy10ZXh0LWFsaWduLWxlZnQgaGFzLWN1c3RvbS1jc3MiPlN6a2\/FgmEgcG9kc3Rhd293YSBwcm93YWR6b25hIHByemV6IEZ1bmRhY2rEmSBNYWxpIFdvam93bmljeSBpc3RuaWVqZSBvZCB3cnplxZtuaWEgMjAyMiByb2t1LiBXIHBvY3rEhXRrb3d5bSBva3Jlc2llLCBwcnpleiBkd2EgbGF0YSwgZHppYcWCYcWCYSB3IHN0cnVrdHVyYWNoIGlubmVqIHBsYWPDs3draSBvxZt3aWF0b3dlai4gT2Qgd3J6ZcWbbmlhIDIwMjQgcm9rdSBmdW5rY2pvbnVqZSBzYW1vZHppZWxuaWUgamFrbyBOaWVwdWJsaWN6bmEgU3prb8WCYSBQb2RzdGF3b3dhICJPZGtyeXdjeSBOaWV6bmFuZWdvIMWad2lhdGEiIHcgQmlhxYJ5bXN0b2t1LCBrdMOzcmVqIG9yZ2FuZW0gcHJvd2FkesSFY3ltIHBvem9zdGFqZSBGdW5kYWNqYSBNYWxpIFdvam93bmljeS4gPC9wPgo8IS0tIC93cDpwYXJhZ3JhcGggLS0+Cgo8IS0tIHdwOnBhcmFncmFwaCB7InN0eWxlIjp7ImNzcyI6IntcbiAgICB0ZXh0LWFsaWduOiBqdXN0aWZ5O1xufSJ9fSAtLT4KPHAgY2xhc3M9Imhhcy1jdXN0b20tY3NzIj5TemtvxYJhIHBvd3N0YcWCYSwgYnkgdW1vxbxsaXdpxIcga29udHludWFjasSZIGtzenRhxYJjZW5pYSBhYnNvbHdlbnRvbSBOaWVwdWJsaWN6bmVnbyBQcnplZHN6a29sYSAiRHppZWxuZSBadWNoeSIgKHLDs3duaWXFvCBwcm93YWR6b25lZ28gcHJ6ZXogZnVuZGFjasSZKSwgY28gcG96d2FsYSBuYSBwxYJ5bm5lIHByemVqxZtjaWUgZG8ga29sZWpuZWdvIGV0YXB1IGtzenRhxYJjZW5pYSB3IHpuYW55bSwgcHJ6eWphem55bSDFm3JvZG93aXNrdS4gU3prb8WCYSBwcm93YWR6aSByw7N3bmllxbwgcmVrcnV0YWNqxJkgb3R3YXJ0xIUgZGxhIHdzenlzdGtpY2ggemFpbnRlcmVzb3dhbnljaC48L3A+CjwhLS0gL3dwOnBhcmFncmFwaCAtLT4KCjwhLS0gd3A6c2VwYXJhdG9yIHsib3BhY2l0eSI6ImNzcyIsImNsYXNzTmFtZSI6ImlzLXN0eWxlLWRvdHMifSAtLT4KPGhyIGNsYXNzPSJ3cC1ibG9jay1zZXBhcmF0b3IgaGFzLWNzcy1vcGFjaXR5IGlzLXN0eWxlLWRvdHMiLz4KPCEtLSAvd3A6c2VwYXJhdG9yIC0tPgoKPCEtLSB3cDpwYXJhZ3JhcGggeyJzdHlsZSI6eyJjc3MiOiJ7dGV4dC1hbGlnbjoganVzdGlmeTt9In19IC0tPgo8cCBjbGFzcz0iaGFzLWN1c3RvbS1jc3MiPk5hc3phIHBsYWPDs3drYSB0d29yenkgcHJ6ZXN0cnplxYQsIHcga3TDs3JlaiBtaWVqc2NlIHpuYWpkdWrEhSB6YXLDs3dubyBkemllY2kgdyBub3JtaWUgcm96d29qb3dlaiwgamFrIGkgZHppZWNpPGJyPnogbmllcGXFgm5vc3ByYXdub8WbY2lhbWkuIEthxbxkZSBkemllY2tvIGplc3QgZGxhIG5hcyB3YcW8bmUgaSBwb3RyemVibmU8L3A+CjwhLS0gL3dwOnBhcmFncmFwaCAtLT4KCjwhLS0gd3A6cGFyYWdyYXBoIHsic3R5bGUiOnsiY3NzIjoie1xuICAgIHRleHQtYWxpZ246IGp1c3RpZnk7XG59In19IC0tPgo8cCBjbGFzcz0iaGFzLWN1c3RvbS1jc3MiPlVjem5pb3dpZSByZWFsaXp1asSFY3kga3N6dGHFgmNlbmllIHNwZWNqYWxuZSBsdWIga29yenlzdGFqxIVjeSB6ZSB3c3BhcmNpYSB3IHJhbWFjaCBwb21vY3kgcHN5Y2hvbG9naWN6bm8tcGVkYWdvZ2ljem5laiBtYWrEhSB6YXBld25pb255IGRvc3TEmXAgZG8gcsOzxbxub3JvZG55Y2ggdGVyYXBpaSBpIHJlaGFiaWxpdGFjamkgcHJvd2Fkem9ueWNoIG5hIHRlcmVuaWUgc3prb8WCeS4gV2HFvG5lIGplc3QgZGxhIG5hcywgYWJ5IGthxbxkeSByb2R6aWMgb3RyenlteXdhxYIgcG90cnplYm5lIHdzcGFyY2llIG9yYXogbW\/FvGxpd2\/Fm8SHIGtvbnN1bHRhY2ppLjwvcD4KPCEtLSAvd3A6cGFyYWdyYXBoIC0tPmRvY3VtZW50ZXhjZXJwdGRvY3VtZW50YXV0aG9yZG9jdW1lbnRmZWF0dXJlZF9tZWRpYWRvY3VtZW50Y29tbWVudF9zdGF0dXNkb2N1bWVudHBpbmdfc3RhdHVzZG9jdW1lbnR0ZW1wbGF0ZWRvY3VtZW50bWV0YV9rYWRlbmNlX3N0YXJ0ZXJfdGVtcGxhdGVzX2ltcG9ydGVkX3Bvc3Rmb290bm90ZXNkb2N1bWVudGJsb2Nrc2NsaWVudElkaXNWYWxpZG9yaWdpbmFsQ29udGVudG5hbWVhdHRyaWJ1dGVzY29udGVudDxzdHJvbmc+TyBuYXM8L3N0cm9uZz5sZXZlbHN0eWxlaW5uZXJCbG9ja3NjbGllbnRJZGlzVmFsaWRvcmlnaW5hbENvbnRlbnRuYW1lYXR0cmlidXRlc2NvbnRlbnRTemtvxYJhIHBvZHN0YXdvd2EgcHJvd2Fkem9uYSBwcnpleiBGdW5kYWNqxJkgTWFsaSBXb2pvd25pY3kgaXN0bmllamUgb2Qgd3J6ZcWbbmlhIDIwMjIgcm9rdS4gVyBwb2N6xIV0a293eW0gb2tyZXNpZSwgcHJ6ZXogZHdhIGxhdGEsIGR6aWHFgmHFgmEgdyBzdHJ1a3R1cmFjaCBpbm5laiBwbGFjw7N3a2kgb8Wbd2lhdG93ZWouIE9kIHdyemXFm25pYSAyMDI0IHJva3UgZnVua2Nqb251amUgc2Ftb2R6aWVsbmllIGpha28gTmllcHVibGljem5hIFN6a2\/FgmEgUG9kc3Rhd293YSAiT2Rrcnl3Y3kgTmllem5hbmVnbyDFmndpYXRhIiB3IEJpYcWCeW1zdG9rdSwga3TDs3JlaiBvcmdhbmVtIHByb3dhZHrEhWN5bSBwb3pvc3RhamUgRnVuZGFjamEgTWFsaSBXb2pvd25pY3kuIGRyb3BDYXBzdHlsZWlubmVyQmxvY2tzY2xpZW50SWRpc1ZhbGlkb3JpZ2luYWxDb250ZW50bmFtZWF0dHJpYnV0ZXNjb250ZW50U3prb8WCYSBwb3dzdGHFgmEsIGJ5IHVtb8W8bGl3acSHIGtvbnR5bnVhY2rEmSBrc3p0YcWCY2VuaWEgYWJzb2x3ZW50b20gTmllcHVibGljem5lZ28gUHJ6ZWRzemtvbGEgIkR6aWVsbmUgWnVjaHkiIChyw7N3bmllxbwgcHJvd2Fkem9uZWdvIHByemV6IGZ1bmRhY2rEmSksIGNvIHBvendhbGEgbmEgcMWCeW5uZSBwcnplasWbY2llIGRvIGtvbGVqbmVnbyBldGFwdSBrc3p0YcWCY2VuaWEgdyB6bmFueW0sIHByenlqYXpueW0gxZtyb2Rvd2lza3UuIFN6a2\/FgmEgcHJvd2FkemkgcsOzd25pZcW8IHJla3J1dGFjasSZIG90d2FydMSFIGRsYSB3c3p5c3RraWNoIHphaW50ZXJlc293YW55Y2guZHJvcENhcHN0eWxlaW5uZXJCbG9ja3NjbGllbnRJZGlzVmFsaWRvcmlnaW5hbENvbnRlbnRuYW1lYXR0cmlidXRlc29wYWNpdHl0YWdOYW1lY2xhc3NOYW1laW5uZXJCbG9ja3NjbGllbnRJZGlzVmFsaWRvcmlnaW5hbENvbnRlbnRuYW1lYXR0cmlidXRlc2NvbnRlbnROYXN6YSBwbGFjw7N3a2EgdHdvcnp5IHByemVzdHJ6ZcWELCB3IGt0w7NyZWogbWllanNjZSB6bmFqZHVqxIUgemFyw7N3bm8gZHppZWNpIHcgbm9ybWllIHJvendvam93ZWosIGphayBpIGR6aWVjaTxicj56IG5pZXBlxYJub3NwcmF3bm\/Fm2NpYW1pLiBLYcW8ZGUgZHppZWNrbyBqZXN0IGRsYSBuYXMgd2HFvG5lIGkgcG90cnplYm5lZHJvcENhcHN0eWxlaW5uZXJCbG9ja3NjbGllbnRJZGlzVmFsaWRvcmlnaW5hbENvbnRlbnRuYW1lYXR0cmlidXRlc2NvbnRlbnRVY3puaW93aWUgcmVhbGl6dWrEhWN5IGtzenRhxYJjZW5pZSBzcGVjamFsbmUgbHViIGtvcnp5c3RhasSFY3kgemUgd3NwYXJjaWEgdyByYW1hY2ggcG9tb2N5IHBzeWNob2xvZ2ljem5vLXBlZGFnb2dpY3puZWogbWFqxIUgemFwZXduaW9ueSBkb3N0xJlwIGRvIHLDs8W8bm9yb2RueWNoIHRlcmFwaWkgaSByZWhhYmlsaXRhY2ppIHByb3dhZHpvbnljaCBuYSB0ZXJlbmllIHN6a2\/FgnkuIFdhxbxuZSBqZXN0IGRsYSBuYXMsIGFieSBrYcW8ZHkgcm9kemljIG90cnp5bXl3YcWCIHBvdHJ6ZWJuZSB3c3BhcmNpZSBvcmF6IG1vxbxsaXdvxZvEhyBrb25zdWx0YWNqaS5kcm9wQ2Fwc3R5bGVpbm5lckJsb2Nrc3N0YXRlc2F2ZWRBdHN0YXRlc2F2ZWRCeWNsaWVudElkaXNWYWxpZG5hbWVhdHRyaWJ1dGVzY29udGVudGRyb3BDYXBpbm5lckJsb2Nrc0tvbnRha3Q6PHN0cm9uZz48L3N0cm9uZz4gNzI5IDkxNiAyMzJjbGllbnRJZGlzVmFsaWRuYW1lYXR0cmlidXRlc2NvbnRlbnRkcm9wQ2FwaW5uZXJCbG9ja3M8YnI+dGUKCjwhLS0gd3A6cGFyYWdyYXBoIC0tPgo8cD48c3Ryb25nPktvbnRha3Q6PC9zdHJvbmc+IDxicj50ZTcyOSA5MTYgMjMyPC9wPgo8IS0tIC93cDpwYXJhZ3JhcGggLS0+Cgo8IS0tIHdwOnBhcmFncmFwaCAtLT4KPHA+PC9wPgo8IS0tIC93cDpwYXJhZ3JhcGggLS0+bC48c3Jvbmc+dDwvc3Ryb25nPmUtbWFpbDogPHN0cm9uZz5zZWtyZXRhcmlhdC5tYWxpd29qb3duaWN5QGdtYWlsLmNvbTwvc3Ryb25nPjxzcm9uZz50bC5zdHJvbmc+PC9zdHJvbmc+ZS1tYWlsOiBza2EubWFsaXdvam93bmljeUBnbWFpbC5jb208c3Ryb25nPjwvBQcdAQIFBwgECAQIBghFAAgHjSEIBwgGCA4IDggLSAEEKAkIBggHDwQKBxZFAAsIBw8ECgexBQcFCwgHDwQKB74EBwULCAcPBApHAAkLCAcPBAoHtQIHBQsIBw8ECgezBAcFCwUHBQcIBwQKRwALAgYICgEKCAcECkcACwRBADlBAA01ARlCAAYJSAABIgkCBgIJEEEAGQkTAQUAAAEAAAABBgABAQAAOwEBACNCAQEAQQACAEEAAgBBAAIAQQAAQQACAEEAAgBBAAIAQQACAAxBNQNBAwIHAQMEQQACBAB9AZABAHcTMjAyNS0wMS0yMFQxNTozMTo1NXcHby1uYXMtMncHcHVibGlzaH0DfQB3BmNsb3NlZHcGY2xvc2VkdwB5dwB3JGNkYjY1NjdmLTYwOTYtNDViMS1hYTc2LWY3NTU3YjkxZTBkOHh3bDxoMiBjbGFzcz0id3AtYmxvY2staGVhZGluZyBoYXMtdGV4dC1jb2xvciBoYXMtbGluay1jb2xvciIgc3R5bGU9ImNvbG9yOiM4ZjIwY2YiPjxzdHJvbmc+TyBuYXM8L3N0cm9uZz48L2gyPncMY29yZS9oZWFkaW5nfQJ2AghlbGVtZW50c3YBBGxpbmt2AQVjb2xvcnYBBHRleHR3ByM4ZjIwY2YFY29sb3J2AQR0ZXh0dwcjOGYyMGNmdyRiOTA0NjNkOC0wNDhmLTQzOTQtODE0YS1mMWI0ZDkxNTM5ZTh4d7EDPHAgY2xhc3M9Imhhcy10ZXh0LWFsaWduLWxlZnQgaGFzLWN1c3RvbS1jc3MiPlN6a2\/FgmEgcG9kc3Rhd293YSBwcm93YWR6b25hIHByemV6IEZ1bmRhY2rEmSBNYWxpIFdvam93bmljeSBpc3RuaWVqZSBvZCB3cnplxZtuaWEgMjAyMiByb2t1LiBXIHBvY3rEhXRrb3d5bSBva3Jlc2llLCBwcnpleiBkd2EgbGF0YSwgZHppYcWCYcWCYSB3IHN0cnVrdHVyYWNoIGlubmVqIHBsYWPDs3draSBvxZt3aWF0b3dlai4gT2Qgd3J6ZcWbbmlhIDIwMjQgcm9rdSBmdW5rY2pvbnVqZSBzYW1vZHppZWxuaWUgamFrbyBOaWVwdWJsaWN6bmEgU3prb8WCYSBQb2RzdGF3b3dhICJPZGtyeXdjeSBOaWV6bmFuZWdvIMWad2lhdGEiIHcgQmlhxYJ5bXN0b2t1LCBrdMOzcmVqIG9yZ2FuZW0gcHJvd2FkesSFY3ltIHBvem9zdGFqZSBGdW5kYWNqYSBNYWxpIFdvam93bmljeS4gPC9wPncOY29yZS9wYXJhZ3JhcGh5dgIKdHlwb2dyYXBoeXYBCXRleHRBbGlnbncEbGVmdANjc3N3HHsKICAgIHRleHQtYWxpZ246IGp1c3RpZnk7Cn13JDRhMmRmOWJmLTRhY2YtNDE5Yi05M2Q0LWRiNDE2YmE1NzU1NXh37gI8cCBjbGFzcz0iaGFzLWN1c3RvbS1jc3MiPlN6a2\/FgmEgcG93c3RhxYJhLCBieSB1bW\/FvGxpd2nEhyBrb250eW51YWNqxJkga3N6dGHFgmNlbmlhIGFic29sd2VudG9tIE5pZXB1YmxpY3puZWdvIFByemVkc3prb2xhICJEemllbG5lIFp1Y2h5IiAocsOzd25pZcW8IHByb3dhZHpvbmVnbyBwcnpleiBmdW5kYWNqxJkpLCBjbyBwb3p3YWxhIG5hIHDFgnlubmUgcHJ6ZWrFm2NpZSBkbyBrb2xlam5lZ28gZXRhcHUga3N6dGHFgmNlbmlhIHcgem5hbnltLCBwcnp5amF6bnltIMWbcm9kb3dpc2t1LiBTemtvxYJhIHByb3dhZHppIHLDs3duaWXFvCByZWtydXRhY2rEmSBvdHdhcnTEhSBkbGEgd3N6eXN0a2ljaCB6YWludGVyZXNvd2FueWNoLjwvcD53DmNvcmUvcGFyYWdyYXBoeXYBA2Nzc3ccewogICAgdGV4dC1hbGlnbjoganVzdGlmeTsKfXckMzIzNDRhMWItZGIzOC00MWM1LTkyY2QtMzQ2ZGM2NzlhYzA3eHc+PGhyIGNsYXNzPSJ3cC1ibG9jay1zZXBhcmF0b3IgaGFzLWNzcy1vcGFjaXR5IGlzLXN0eWxlLWRvdHMiLz53DmNvcmUvc2VwYXJhdG9ydwNjc3N3Amhydw1pcy1zdHlsZS1kb3RzdyQyOGY3NTI2OC1jNDk4LTQ4MTktOGU1NS0xNGQwZGM0OWYwZmR4d9wBPHAgY2xhc3M9Imhhcy1jdXN0b20tY3NzIj5OYXN6YSBwbGFjw7N3a2EgdHdvcnp5IHByemVzdHJ6ZcWELCB3IGt0w7NyZWogbWllanNjZSB6bmFqZHVqxIUgemFyw7N3bm8gZHppZWNpIHcgbm9ybWllIHJvendvam93ZWosIGphayBpIGR6aWVjaTxicj56IG5pZXBlxYJub3NwcmF3bm\/Fm2NpYW1pLiBLYcW8ZGUgZHppZWNrbyBqZXN0IGRsYSBuYXMgd2HFvG5lIGkgcG90cnplYm5lPC9wPncOY29yZS9wYXJhZ3JhcGh5dgEDY3NzdxZ7dGV4dC1hbGlnbjoganVzdGlmeTt9dyRlMzg2MTJkOS1iZDc2LTQ4ZTMtOGI0ZC1kNTJlNDY3YWM1YzN4d98CPHAgY2xhc3M9Imhhcy1jdXN0b20tY3NzIj5VY3puaW93aWUgcmVhbGl6dWrEhWN5IGtzenRhxYJjZW5pZSBzcGVjamFsbmUgbHViIGtvcnp5c3RhasSFY3kgemUgd3NwYXJjaWEgdyByYW1hY2ggcG9tb2N5IHBzeWNob2xvZ2ljem5vLXBlZGFnb2dpY3puZWogbWFqxIUgemFwZXduaW9ueSBkb3N0xJlwIGRvIHLDs8W8bm9yb2RueWNoIHRlcmFwaWkgaSByZWhhYmlsaXRhY2ppIHByb3dhZHpvbnljaCBuYSB0ZXJlbmllIHN6a2\/FgnkuIFdhxbxuZSBqZXN0IGRsYSBuYXMsIGFieSBrYcW8ZHkgcm9kemljIG90cnp5bXl3YcWCIHBvdHJ6ZWJuZSB3c3BhcmNpZSBvcmF6IG1vxbxsaXdvxZvEhyBrb25zdWx0YWNqaS48L3A+dw5jb3JlL3BhcmFncmFwaHl2AQNjc3N3HHsKICAgIHRleHQtYWxpZ246IGp1c3RpZnk7Cn13JDJkNDMxMzUwLWVkZDktNDg4YS05YmEzLWNkMzQwMjdkZTZkZHh3DmNvcmUvcGFyYWdyYXBoeXckODFhNDEwYTQtYmIyMy00ZjdmLWJmZWItNTMyZTlkZDhlMmY0eHcOY29yZS9wYXJhZ3JhcGh5e0J51wsRdYAAfYqxvZoPAcrYns0HCQAAyhoBCgIZANIBAQEoLAABAgED\",\"updateId\":517986145}","_kadence_starter_templates_imported_post":false,"footnotes":""},"class_list":["post-1631","page","type-page","status-publish","hentry"],"_links":{"self":[{"href":"https:\/\/maliwojownicy.org\/index.php\/wp-json\/wp\/v2\/pages\/1631","targetHints":{"allow":["GET"]}}],"collection":[{"href":"https:\/\/maliwojownicy.org\/index.php\/wp-json\/wp\/v2\/pages"}],"about":[{"href":"https:\/\/maliwojownicy.org\/index.php\/wp-json\/wp\/v2\/types\/page"}],"author":[{"embeddable":true,"href":"https:\/\/maliwojownicy.org\/index.php\/wp-json\/wp\/v2\/users\/3"}],"replies":[{"embeddable":true,"href":"https:\/\/maliwojownicy.org\/index.php\/wp-json\/wp\/v2\/comments?post=1631"}],"version-history":[{"count":6,"href":"https:\/\/maliwojownicy.org\/index.php\/wp-json\/wp\/v2\/pages\/1631\/revisions"}],"predecessor-version":[{"id":2424,"href":"https:\/\/maliwojownicy.org\/index.php\/wp-json\/wp\/v2\/pages\/1631\/revisions\/2424"}],"wp:attachment":[{"href":"https:\/\/maliwojownicy.org\/index.php\/wp-json\/wp\/v2\/media?parent=1631"}],"curies":[{"name":"wp","href":"https:\/\/api.w.org\/{rel}","templated":true}]}}