{"id":131,"date":"2017-11-27T12:30:30","date_gmt":"2017-11-27T12:30:30","guid":{"rendered":"http:\/\/maliwojownicy.org\/?page_id=131"},"modified":"2026-04-09T13:36:42","modified_gmt":"2026-04-09T11:36:42","slug":"zlobekwesolesloneczka","status":"publish","type":"page","link":"https:\/\/maliwojownicy.org\/index.php\/zlobekwesolesloneczka\/","title":{"rendered":"\u017b\u0142obek Niepubliczny &#8222;Weso\u0142e S\u0142oneczka&#8221;"},"content":{"rendered":"\n<div class=\"wp-block-media-text is-stacked-on-mobile\" style=\"grid-template-columns:23% auto\"><figure class=\"wp-block-media-text__media\"><img loading=\"lazy\" decoding=\"async\" width=\"1001\" height=\"1024\" src=\"https:\/\/maliwojownicy.org\/wp-content\/uploads\/2026\/03\/3bb601eb-d162-40d0-b909-8fdd9fcee6b0-e1773828434907-1001x1024.png\" alt=\"\" class=\"wp-image-2147 size-full\" srcset=\"https:\/\/maliwojownicy.org\/wp-content\/uploads\/2026\/03\/3bb601eb-d162-40d0-b909-8fdd9fcee6b0-e1773828434907-1001x1024.png 1001w, https:\/\/maliwojownicy.org\/wp-content\/uploads\/2026\/03\/3bb601eb-d162-40d0-b909-8fdd9fcee6b0-e1773828434907-293x300.png 293w, https:\/\/maliwojownicy.org\/wp-content\/uploads\/2026\/03\/3bb601eb-d162-40d0-b909-8fdd9fcee6b0-e1773828434907-768x786.png 768w, https:\/\/maliwojownicy.org\/wp-content\/uploads\/2026\/03\/3bb601eb-d162-40d0-b909-8fdd9fcee6b0-e1773828434907.png 1407w\" sizes=\"auto, (max-width: 1001px) 100vw, 1001px\" \/><\/figure><div class=\"wp-block-media-text__content\">\n<div class=\"wp-block-buttons is-layout-flex wp-block-buttons-is-layout-flex\">\n<div class=\"wp-block-button\"><a class=\"wp-block-button__link has-background wp-element-button\" href=\"https:\/\/maliwojownicy.org\/index.php\/edukacjaiopieka\/zlobekwesolesloneczka\/onas\/\" style=\"background:linear-gradient(135deg,rgb(115,9,236) 28%,rgb(218,181,253) 100%)\">O nas<\/a><\/div>\n\n\n\n<div class=\"wp-block-button\"><a class=\"wp-block-button__link has-background wp-element-button\" href=\"https:\/\/maliwojownicy.org\/index.php\/edukacjaiopieka\/zlobekwesolesloneczka\/kadra\/\" style=\"background:linear-gradient(135deg,rgb(115,9,236) 28%,rgb(218,181,253) 100%)\">Kadra<\/a><\/div>\n\n\n\n<div class=\"wp-block-button\"><a class=\"wp-block-button__link has-background wp-element-button\" href=\"https:\/\/maliwojownicy.org\/index.php\/edukacjaiopieka\/zlobekwesolesloneczka\/montessori\/\" style=\"background:linear-gradient(135deg,rgb(115,9,236) 28%,rgb(218,181,253) 100%)\">Pedagogika Montessori<\/a><\/div>\n\n\n\n<div class=\"wp-block-button\"><a class=\"wp-block-button__link has-background wp-element-button\" href=\"https:\/\/maliwojownicy.org\/index.php\/edukacjaiopieka\/zlobekwesolesloneczka\/formywsparcia\/\" style=\"background:linear-gradient(135deg,rgb(115,9,236) 28%,rgb(218,181,253) 100%)\">Formy wsparcia rodziny<\/a><\/div>\n<\/div>\n\n\n\n<ul class=\"wp-block-social-links is-layout-flex wp-block-social-links-is-layout-flex\"><li class=\"wp-social-link wp-social-link-facebook  wp-block-social-link\"><a href=\"https:\/\/www.facebook.com\/zlobekwesolesloneczka\" class=\"wp-block-social-link-anchor\"><svg width=\"24\" height=\"24\" viewBox=\"0 0 24 24\" version=\"1.1\" xmlns=\"http:\/\/www.w3.org\/2000\/svg\" aria-hidden=\"true\" focusable=\"false\"><path d=\"M12 2C6.5 2 2 6.5 2 12c0 5 3.7 9.1 8.4 9.9v-7H7.9V12h2.5V9.8c0-2.5 1.5-3.9 3.8-3.9 1.1 0 2.2.2 2.2.2v2.5h-1.3c-1.2 0-1.6.8-1.6 1.6V12h2.8l-.4 2.9h-2.3v7C18.3 21.1 22 17 22 12c0-5.5-4.5-10-10-10z\"><\/path><\/svg><span class=\"wp-block-social-link-label screen-reader-text\">Facebook<\/span><\/a><\/li><\/ul>\n<\/div><\/div>\n","protected":false},"excerpt":{"rendered":"","protected":false},"author":3,"featured_media":0,"parent":0,"menu_order":0,"comment_status":"closed","ping_status":"closed","template":"","meta":{"_crdt_document":"{\"document\":\"AAAgn5ySwBOfntPVCt+cksATEd+e09UKWbyDyN0Dj82niANYmE7WTgEBCABIAgQCAAYKAQEISAi0SwMA0kyOAYBLAwCSAQAGAgECCgEISiICAQMMAgECCgEBCEhKACIBAgoBAQhISgAiAQIKAQEISEoAggEBAgoBAQhISgSYTAMAhwEoAIcAKAInASgAJwCoASgBBwAoAicAKAAnACgAxAIhACgCJwAEACcABACEAicAKAQnACgBJwAHACgDJwAoCicABwAoAycBBwAoAycAKAInAAQAKAAnAIcAKAMnACgCJwAEACgAJwCHACgDJwAoAicABAAoACcAhwAoAycAKAInAAQAKAAnACHuHeccc3RhdGV2ZXJzaW9uY2xpZW50SWRpc1ZhbGlkbmFtZWF0dHJpYnV0ZXNjb250ZW50ZHJvcENhcGlubmVyQmxvY2tzb3BlbkluTmV3VGFic2hvd0xhYmVsc2NsaWVudElkaXNWYWxpZG5hbWVhdHRyaWJ1dGVzc2VydmljZWlubmVyQmxvY2tzdXJsCgohLS0gd3A6c29jaWFsLWxpbmtzIC0tPgo8dWwgY2xhc3M9IndwLWJsb2NrLXNvY2lhbC1saW5rcyI+PCEtLSB3cDpzb2NpYWwtbGluayB7InVybCI6Imh0dHBzOi93d3cuZmFjZWJvb2suY29tL3psb2Jla3dlc29sZXNsb25lY3prYSIsInNlcnZpY2UiOiJmYWNlYm9vayJ9IC8tLT48L3VsPgo8IS0tIC93cDpzb2NpYWwtbGlua3MgLS0+PC9zdGF0ZXZlcnNpb25kb2N1bWVudGRhdGVkb2N1bWVudHNsdWdkb2N1bWVudHN0YXR1c2RvY3VtZW50dGl0bGXFu8WCb2JlayBOaWVwdWJsaWN6bnkgIldlc2\/FgmUgU8WCb25lY3prYSJkb2N1bWVudGNvbnRlbnQ8IS0tIHdwOm1lZGlhLXRleHQgeyJtZWRpYUlkIjoyMTQ3LCJtZWRpYUxpbmsiOiJodHRwczovL21hbGl3b2pvd25pY3kub3JnL2luZGV4LnBocC93YXpuZS1kbGEtcm9kemljb3cvc3BlY2phbGlzY2ktdy1yZWdpb25pZS8zYmI2MDFlYi1kMTYyLTQwZDAtYjkwOS04ZmRkOWZjZWU2YjAvIiwibGlua0Rlc3RpbmF0aW9uIjoibm9uZSIsIm1lZGlhVHlwZSI6ImltYWdlIiwibWVkaWFXaWR0aCI6MjN9IC0tPgo8ZGl2IGNsYXNzPSJ3cC1ibG9jay1tZWRpYS10ZXh0IGlzLXN0YWNrZWQtb24tbW9iaWxlIiBzdHlsZT0iZ3JpZC10ZW1wbGF0ZS1jb2x1bW5zOjIzJSBhdXRvIj48ZmlndXJlIGNsYXNzPSJ3cC1ibG9jay1tZWRpYS10ZXh0X19tZWRpYSI+PGltZyBzcmM9Imh0dHBzOi8vbWFsaXdvam93bmljeS5vcmcvd3AtY29udGVudC91cGxvYWRzLzIwMjYvMDMvM2JiNjAxZWItZDE2Mi00MGQwLWI5MDktOGZkZDlmY2VlNmIwLWUxNzczODI4NDM0OTA3LTEwMDF4MTAyNC5wbmciIGFsdD0iIiBjbGFzcz0id3AtaW1hZ2UtMjE0NyBzaXplLWZ1bGwiLz48L2ZpZ3VyZT48ZGl2IGNsYXNzPSJ3cC1ibG9jay1tZWRpYS10ZXh0X19jb250ZW50Ij48IS0tIHdwOmJ1dHRvbnMgLS0+CjxkaXYgY2xhc3M9IndwLWJsb2NrLWJ1dHRvbnMiPjwhLS0gd3A6YnV0dG9uIHsic3R5bGUiOnsiY29sb3IiOnsiZ3JhZGllbnQiOiJsaW5lYXItZ3JhZGllbnQoMTM1ZGVnLHJnYigxMTUsOSwyMzYpIDI4JSxyZ2IoMjE4LDE4MSwyNTMpIDEwMCUpIn19fSAtLT4KPGRpdiBjbGFzcz0id3AtYmxvY2stYnV0dG9uIj48YSBjbGFzcz0id3AtYmxvY2stYnV0dG9uX19saW5rIGhhcy1iYWNrZ3JvdW5kIHdwLWVsZW1lbnQtYnV0dG9uIiBocmVmPSJodHRwczovL21hbGl3b2pvd25pY3kub3JnL2luZGV4LnBocC9lZHVrYWNqYWlvcGlla2EvemxvYmVrd2Vzb2xlc2xvbmVjemthL29uYXMvIiBzdHlsZT0iYmFja2dyb3VuZDpsaW5lYXItZ3JhZGllbnQoMTM1ZGVnLHJnYigxMTUsOSwyMzYpIDI4JSxyZ2IoMjE4LDE4MSwyNTMpIDEwMCUpIj5PIG5hczwvYT48L2Rpdj4KPCEtLSAvd3A6YnV0dG9uIC0tPgoKPCEtLSB3cDpidXR0b24geyJzdHlsZSI6eyJjb2xvciI6eyJncmFkaWVudCI6ImxpbmVhci1ncmFkaWVudCgxMzVkZWcscmdiKDExNSw5LDIzNikgMjglLHJnYigyMTgsMTgxLDI1MykgMTAwJSkifX19IC0tPgo8ZGl2IGNsYXNzPSJ3cC1ibG9jay1idXR0b24iPjxhIGNsYXNzPSJ3cC1ibG9jay1idXR0b25fX2xpbmsgaGFzLWJhY2tncm91bmQgd3AtZWxlbWVudC1idXR0b24iIGhyZWY9Imh0dHBzOi8vbWFsaXdvam93bmljeS5vcmcvaW5kZXgucGhwL2VkdWthY2phaW9waWVrYS96bG9iZWt3ZXNvbGVzbG9uZWN6a2Eva2FkcmEvIiBzdHlsZT0iYmFja2dyb3VuZDpsaW5lYXItZ3JhZGllbnQoMTM1ZGVnLHJnYigxMTUsOSwyMzYpIDI4JSxyZ2IoMjE4LDE4MSwyNTMpIDEwMCUpIj5LYWRyYTwvYT48L2Rpdj4KPCEtLSAvd3A6YnV0dG9uIC0tPgoKPCEtLSB3cDpidXR0b24geyJzdHlsZSI6eyJjb2xvciI6eyJncmFkaWVudCI6ImxpbmVhci1ncmFkaWVudCgxMzVkZWcscmdiKDExNSw5LDIzNikgMjglLHJnYigyMTgsMTgxLDI1MykgMTAwJSkifX19IC0tPgo8ZGl2IGNsYXNzPSJ3cC1ibG9jay1idXR0b24iPjxhIGNsYXNzPSJ3cC1ibG9jay1idXR0b25fX2xpbmsgaGFzLWJhY2tncm91bmQgd3AtZWxlbWVudC1idXR0b24iIGhyZWY9Imh0dHBzOi8vbWFsaXdvam93bmljeS5vcmcvaW5kZXgucGhwL2VkdWthY2phaW9waWVrYS96bG9iZWt3ZXNvbGVzbG9uZWN6a2EvbW9udGVzc29yaS8iIHN0eWxlPSJiYWNrZ3JvdW5kOmxpbmVhci1ncmFkaWVudCgxMzVkZWcscmdiKDExNSw5LDIzNikgMjglLHJnYigyMTgsMTgxLDI1MykgMTAwJSkiPlBlZGFnb2dpa2EgTW9udGVzc29yaTwvYT48L2Rpdj4KPCEtLSAvd3A6YnV0dG9uIC0tPgoKPCEtLSB3cDpidXR0b24geyJzdHlsZSI6eyJjb2xvciI6eyJncmFkaWVudCI6ImxpbmVhci1ncmFkaWVudCgxMzVkZWcscmdiKDExNSw5LDIzNikgMjglLHJnYigyMTgsMTgxLDI1MykgMTAwJSkifX19IC0tPgo8ZGl2IGNsYXNzPSJ3cC1ibG9jay1idXR0b24iPjxhIGNsYXNzPSJ3cC1ibG9jay1idXR0b25fX2xpbmsgaGFzLWJhY2tncm91bmQgd3AtZWxlbWVudC1idXR0b24iIGhyZWY9Imh0dHBzOi8vbWFsaXdvam93bmljeS5vcmcvaW5kZXgucGhwL2VkdWthY2phaW9waWVrYS96bG9iZWt3ZXNvbGVzbG9uZWN6a2EvZm9ybXl3c3BhcmNpYS8iIHN0eWxlPSJiYWNrZ3JvdW5kOmxpbmVhci1ncmFkaWVudCgxMzVkZWcscmdiKDExNSw5LDIzNikgMjglLHJnYigyMTgsMTgxLDI1MykgMTAwJSkiPkZvcm15IHdzcGFyY2lhIHJvZHppbnk8L2E+PC9kaXY+CjwhLS0gL3dwOmJ1dHRvbiAtLT48L2Rpdj4KPCEtLSAvd3A6YnV0dG9ucyAtLT48L2Rpdj48L2Rpdj4KPCEtLSAvd3A6bWVkaWEtdGV4dCAtLT5kb2N1bWVudGV4Y2VycHRkb2N1bWVudGF1dGhvcmRvY3VtZW50ZmVhdHVyZWRfbWVkaWFkb2N1bWVudGNvbW1lbnRfc3RhdHVzZG9jdW1lbnRwaW5nX3N0YXR1c2RvY3VtZW50dGVtcGxhdGVkb2N1bWVudG1ldGFfa2FkZW5jZV9zdGFydGVyX3RlbXBsYXRlc19pbXBvcnRlZF9wb3N0Zm9vdG5vdGVzZG9jdW1lbnRibG9ja3NjbGllbnRJZGlzVmFsaWRvcmlnaW5hbENvbnRlbnRuYW1lYXR0cmlidXRlc2FsaWdubWVkaWFBbHRtZWRpYVBvc2l0aW9ubWVkaWFJZG1lZGlhVXJsbWVkaWFMaW5rbGlua0Rlc3RpbmF0aW9ubWVkaWFUeXBlbWVkaWFXaWR0aGlzU3RhY2tlZE9uTW9iaWxldXNlRmVhdHVyZWRJbWFnZWlubmVyQmxvY2tzY2xpZW50SWRpc1ZhbGlkb3JpZ2luYWxDb250ZW50bmFtZWF0dHJpYnV0ZXNpbm5lckJsb2Nrc2NsaWVudElkaXNWYWxpZG9yaWdpbmFsQ29udGVudG5hbWVhdHRyaWJ1dGVzdGFnTmFtZXR5cGV1cmx0ZXh0TyBuYXNzdHlsZWlubmVyQmxvY2tzY2xpZW50SWRpc1ZhbGlkb3JpZ2luYWxDb250ZW50bmFtZWF0dHJpYnV0ZXN0YWdOYW1ldHlwZXVybHRleHRLYWRyYXN0eWxlaW5uZXJCbG9ja3NjbGllbnRJZGlzVmFsaWRvcmlnaW5hbENvbnRlbnRuYW1lYXR0cmlidXRlc3RhZ05hbWV0eXBldXJsdGV4dFBlZGFnb2dpa2EgTW9udGVzc29yaXN0eWxlaW5uZXJCbG9ja3NjbGllbnRJZGlzVmFsaWRvcmlnaW5hbENvbnRlbnRuYW1lYXR0cmlidXRlc3RhZ05hbWV0eXBldXJsdGV4dEZvcm15IHdzcGFyY2lhIHJvZHppbnlzdHlsZWlubmVyQmxvY2tzc3RhdGV2ZXJzaW9uc3RhdGV2ZXJzaW9uBQcIBwQKRwALDAoIBwQKBwsDApwBpAEFBwgECAQIBggFJggHoCVBACIIBwgGCA4IDggLSAEEKAkIBggHDwQKBQgNBwgJDwkKERALCAcPBAoLCAcPBAoHBAMERQALCAcPBAoHBAMERQALCAcPBAoHBAMEFQULCAcPBAoHBAMEFgULBQcFBxUBAAAQAQQAAAEAAAABBgABAQAASQEhQQACAEEAAEIBAQBBAABBAABBAAIAQQACAEEAAgBBAAIAAkFMBBgAfQF3JDhkNWNiNTExLWQyNDktNDVmMC1iZjM0LWVjNDYzMjZhNTJkNHh3DmNvcmUvcGFyYWdyYXBoeXckODI0ZjFjNDEtNjA1YS00MjAzLWIyNjktMDUwNmFiNjVmMDg4dxFjb3JlL3NvY2lhbC1saW5rc3l5dyQ4ZGI3ODc5Yi0yYmZiLTQ5YzgtYjY2Ni05MDk1YzkzNjNhZDZ4dxBjb3JlL3NvY2lhbC1saW5rdwhmYWNlYm9va3cuaHR0cHM6Ly93d3cuZmFjZWJvb2suY29tL3psb2Jla3dlc29sZXNsb25lY3prYWIAdxMyMDE3LTExLTI3VDEyOjMwOjMwdxV6bG9iZWt3ZXNvbGVzbG9uZWN6a2F3B3B1Ymxpc2h9A30AdwZjbG9zZWR3BmNsb3NlZHcAeXcAdyRmM2U4NmY0NS0yYTY4LTRmMzYtYWVkZC0wZDkyYjc4MmUxNDV4d\/ECPGRpdiBjbGFzcz0id3AtYmxvY2stbWVkaWEtdGV4dCBpcy1zdGFja2VkLW9uLW1vYmlsZSIgc3R5bGU9ImdyaWQtdGVtcGxhdGUtY29sdW1uczoyMyUgYXV0byI+PGZpZ3VyZSBjbGFzcz0id3AtYmxvY2stbWVkaWEtdGV4dF9fbWVkaWEiPjxpbWcgc3JjPSJodHRwczovL21hbGl3b2pvd25pY3kub3JnL3dwLWNvbnRlbnQvdXBsb2Fkcy8yMDI2LzAzLzNiYjYwMWViLWQxNjItNDBkMC1iOTA5LThmZGQ5ZmNlZTZiMC1lMTc3MzgyODQzNDkwNy0xMDAxeDEwMjQucG5nIiBhbHQ9IiIgY2xhc3M9IndwLWltYWdlLTIxNDcgc2l6ZS1mdWxsIi8+PC9maWd1cmU+PGRpdiBjbGFzcz0id3AtYmxvY2stbWVkaWEtdGV4dF9fY29udGVudCI+PC9kaXY+PC9kaXY+dw9jb3JlL21lZGlhLXRleHR3BG5vbmV3AHcEbGVmdH2jIXd2aHR0cHM6Ly9tYWxpd29qb3duaWN5Lm9yZy93cC1jb250ZW50L3VwbG9hZHMvMjAyNi8wMy8zYmI2MDFlYi1kMTYyLTQwZDAtYjkwOS04ZmRkOWZjZWU2YjAtZTE3NzM4Mjg0MzQ5MDctMTAwMXgxMDI0LnBuZ3dzaHR0cHM6Ly9tYWxpd29qb3duaWN5Lm9yZy9pbmRleC5waHAvd2F6bmUtZGxhLXJvZHppY293L3NwZWNqYWxpc2NpLXctcmVnaW9uaWUvM2JiNjAxZWItZDE2Mi00MGQwLWI5MDktOGZkZDlmY2VlNmIwL3cEbm9uZXcFaW1hZ2V9F3h5dyQ4ZjdlZjQ0NS0zYzU0LTQ0ZWUtOGIzZS05ZTU3ZDZlNmZhNmN4dyo8ZGl2IGNsYXNzPSJ3cC1ibG9jay1idXR0b25zIj4KCgoKCgo8L2Rpdj53DGNvcmUvYnV0dG9uc3ckMzU4MWRhODEtNDIyYy00ZTMxLWEzNzgtZWJmMDg0MmUzMTY2eHeZAjxkaXYgY2xhc3M9IndwLWJsb2NrLWJ1dHRvbiI+PGEgY2xhc3M9IndwLWJsb2NrLWJ1dHRvbl9fbGluayBoYXMtYmFja2dyb3VuZCB3cC1lbGVtZW50LWJ1dHRvbiIgaHJlZj0iaHR0cHM6Ly9tYWxpd29qb3duaWN5Lm9yZy9pbmRleC5waHAvZWR1a2FjamFpb3BpZWthL3psb2Jla3dlc29sZXNsb25lY3prYS9vbmFzLyIgc3R5bGU9ImJhY2tncm91bmQ6bGluZWFyLWdyYWRpZW50KDEzNWRlZyxyZ2IoMTE1LDksMjM2KSAyOCUscmdiKDIxOCwxODEsMjUzKSAxMDAlKSI+TyBuYXM8L2E+PC9kaXY+dwtjb3JlL2J1dHRvbncBYXcGYnV0dG9ud09odHRwczovL21hbGl3b2pvd25pY3kub3JnL2luZGV4LnBocC9lZHVrYWNqYWlvcGlla2EvemxvYmVrd2Vzb2xlc2xvbmVjemthL29uYXMvdgEFY29sb3J2AQhncmFkaWVudHdAbGluZWFyLWdyYWRpZW50KDEzNWRlZyxyZ2IoMTE1LDksMjM2KSAyOCUscmdiKDIxOCwxODEsMjUzKSAxMDAlKXckMmUyNmFkOGUtN2M5Ni00ZTQ2LWIyNmYtNTllMjExYjQzZjY0eHeaAjxkaXYgY2xhc3M9IndwLWJsb2NrLWJ1dHRvbiI+PGEgY2xhc3M9IndwLWJsb2NrLWJ1dHRvbl9fbGluayBoYXMtYmFja2dyb3VuZCB3cC1lbGVtZW50LWJ1dHRvbiIgaHJlZj0iaHR0cHM6Ly9tYWxpd29qb3duaWN5Lm9yZy9pbmRleC5waHAvZWR1a2FjamFpb3BpZWthL3psb2Jla3dlc29sZXNsb25lY3prYS9rYWRyYS8iIHN0eWxlPSJiYWNrZ3JvdW5kOmxpbmVhci1ncmFkaWVudCgxMzVkZWcscmdiKDExNSw5LDIzNikgMjglLHJnYigyMTgsMTgxLDI1MykgMTAwJSkiPkthZHJhPC9hPjwvZGl2PncLY29yZS9idXR0b253AWF3BmJ1dHRvbndQaHR0cHM6Ly9tYWxpd29qb3duaWN5Lm9yZy9pbmRleC5waHAvZWR1a2FjamFpb3BpZWthL3psb2Jla3dlc29sZXNsb25lY3prYS9rYWRyYS92AQVjb2xvcnYBCGdyYWRpZW50d0BsaW5lYXItZ3JhZGllbnQoMTM1ZGVnLHJnYigxMTUsOSwyMzYpIDI4JSxyZ2IoMjE4LDE4MSwyNTMpIDEwMCUpdyQ3OWFlZDNhMS1hMWQ5LTQ1NTItYTUxZS00MzBiZjk4MjhjMTB4d68CPGRpdiBjbGFzcz0id3AtYmxvY2stYnV0dG9uIj48YSBjbGFzcz0id3AtYmxvY2stYnV0dG9uX19saW5rIGhhcy1iYWNrZ3JvdW5kIHdwLWVsZW1lbnQtYnV0dG9uIiBocmVmPSJodHRwczovL21hbGl3b2pvd25pY3kub3JnL2luZGV4LnBocC9lZHVrYWNqYWlvcGlla2EvemxvYmVrd2Vzb2xlc2xvbmVjemthL21vbnRlc3NvcmkvIiBzdHlsZT0iYmFja2dyb3VuZDpsaW5lYXItZ3JhZGllbnQoMTM1ZGVnLHJnYigxMTUsOSwyMzYpIDI4JSxyZ2IoMjE4LDE4MSwyNTMpIDEwMCUpIj5QZWRhZ29naWthIE1vbnRlc3Nvcmk8L2E+PC9kaXY+dwtjb3JlL2J1dHRvbncBYXcGYnV0dG9ud1VodHRwczovL21hbGl3b2pvd25pY3kub3JnL2luZGV4LnBocC9lZHVrYWNqYWlvcGlla2EvemxvYmVrd2Vzb2xlc2xvbmVjemthL21vbnRlc3NvcmkvdgEFY29sb3J2AQhncmFkaWVudHdAbGluZWFyLWdyYWRpZW50KDEzNWRlZyxyZ2IoMTE1LDksMjM2KSAyOCUscmdiKDIxOCwxODEsMjUzKSAxMDAlKXckZmQzMTE0OGQtNWNiZS00NTI2LTkzNzQtYzY2OTI2MDFmM2FleHezAjxkaXYgY2xhc3M9IndwLWJsb2NrLWJ1dHRvbiI+PGEgY2xhc3M9IndwLWJsb2NrLWJ1dHRvbl9fbGluayBoYXMtYmFja2dyb3VuZCB3cC1lbGVtZW50LWJ1dHRvbiIgaHJlZj0iaHR0cHM6Ly9tYWxpd29qb3duaWN5Lm9yZy9pbmRleC5waHAvZWR1a2FjamFpb3BpZWthL3psb2Jla3dlc29sZXNsb25lY3prYS9mb3JteXdzcGFyY2lhLyIgc3R5bGU9ImJhY2tncm91bmQ6bGluZWFyLWdyYWRpZW50KDEzNWRlZyxyZ2IoMTE1LDksMjM2KSAyOCUscmdiKDIxOCwxODEsMjUzKSAxMDAlKSI+Rm9ybXkgd3NwYXJjaWEgcm9kemlueTwvYT48L2Rpdj53C2NvcmUvYnV0dG9udwFhdwZidXR0b253WGh0dHBzOi8vbWFsaXdvam93bmljeS5vcmcvaW5kZXgucGhwL2VkdWthY2phaW9waWVrYS96bG9iZWt3ZXNvbGVzbG9uZWN6a2EvZm9ybXl3c3BhcmNpYS92AQVjb2xvcnYBCGdyYWRpZW50d0BsaW5lYXItZ3JhZGllbnQoMTM1ZGVnLHJnYigxMTUsOSwyMzYpIDI4JSxyZ2IoMjE4LDE4MSwyNTMpIDEwMCUpAQABAASfjongCQMCAAEAAQGfz+mqBQEAAPyB5O4BAQAAz+aTxAEBAAA=\",\"updateId\":938045030}","_kadence_starter_templates_imported_post":false,"footnotes":""},"class_list":["post-131","page","type-page","status-publish","hentry"],"_links":{"self":[{"href":"https:\/\/maliwojownicy.org\/index.php\/wp-json\/wp\/v2\/pages\/131","targetHints":{"allow":["GET"]}}],"collection":[{"href":"https:\/\/maliwojownicy.org\/index.php\/wp-json\/wp\/v2\/pages"}],"about":[{"href":"https:\/\/maliwojownicy.org\/index.php\/wp-json\/wp\/v2\/types\/page"}],"author":[{"embeddable":true,"href":"https:\/\/maliwojownicy.org\/index.php\/wp-json\/wp\/v2\/users\/3"}],"replies":[{"embeddable":true,"href":"https:\/\/maliwojownicy.org\/index.php\/wp-json\/wp\/v2\/comments?post=131"}],"version-history":[{"count":3,"href":"https:\/\/maliwojownicy.org\/index.php\/wp-json\/wp\/v2\/pages\/131\/revisions"}],"predecessor-version":[{"id":2480,"href":"https:\/\/maliwojownicy.org\/index.php\/wp-json\/wp\/v2\/pages\/131\/revisions\/2480"}],"wp:attachment":[{"href":"https:\/\/maliwojownicy.org\/index.php\/wp-json\/wp\/v2\/media?parent=131"}],"curies":[{"name":"wp","href":"https:\/\/api.w.org\/{rel}","templated":true}]}}