{"id":1007,"date":"2021-03-09T20:15:43","date_gmt":"2021-03-09T20:15:43","guid":{"rendered":"http:\/\/maliwojownicy.org\/strona-glowna\/"},"modified":"2021-03-09T20:15:43","modified_gmt":"2021-03-09T20:15:43","slug":"strona-glowna","status":"publish","type":"page","link":"https:\/\/maliwojownicy.org\/index.php\/strona-glowna\/","title":{"rendered":"Strona g\u0142\u00f3wna"},"content":{"rendered":"\n\t\t\t<div class=\"wp-block-cover\" style=\"background-image:url(https:\/\/maliwojownicy.org\/wp-content\/uploads\/2021\/03\/other-small-2.jpg)\"><div class=\"wp-block-cover__inner-container is-layout-flow wp-block-cover-is-layout-flow\">\n\t\t\t<p class=\"has-text-align-center has-large-font-size wp-block-paragraph\">Witamy w sklepie<\/p>\n\t\t\t\n\n\t\t\t\n\t\t\t<p class=\"has-text-color has-text-align-center wp-block-paragraph\">Napisz kr\u00f3tk\u0105 wiadomo\u015b\u0107 powitaln\u0105<\/p>\n\t\t\t\n\n\t\t\t\n\t\t\t<div class=\"wp-block-button aligncenter\"><a href=\"http:\/\/maliwojownicy.org\/sklep\/\" class=\"wp-block-button__link\">Przejd\u017a do zakup\u00f3w<\/a><\/div>\n\t\t\t<\/div><\/div>\n\t\t\t\n\t\t\n\t\t<h2 class=\"wp-block-heading\" style=\"text-align:center\">Nowe produkty<\/h2>\n\t\t\n\n\t\t \n\t\t\t<div class=\"wp-block-media-text alignwide has-media-on-the-right\"\"><figure class=\"wp-block-media-text__media\"><img loading=\"lazy\" decoding=\"async\" width=\"1920\" height=\"1280\" src=\"https:\/\/maliwojownicy.org\/wp-content\/uploads\/2021\/03\/other-small-2.jpg\" alt=\"\" class=\"wp-image-1009\" srcset=\"https:\/\/maliwojownicy.org\/wp-content\/uploads\/2021\/03\/other-small-2.jpg 1920w, https:\/\/maliwojownicy.org\/wp-content\/uploads\/2021\/03\/other-small-2-300x200.jpg 300w, https:\/\/maliwojownicy.org\/wp-content\/uploads\/2021\/03\/other-small-2-1024x683.jpg 1024w, https:\/\/maliwojownicy.org\/wp-content\/uploads\/2021\/03\/other-small-2-768x512.jpg 768w, https:\/\/maliwojownicy.org\/wp-content\/uploads\/2021\/03\/other-small-2-1536x1024.jpg 1536w, https:\/\/maliwojownicy.org\/wp-content\/uploads\/2021\/03\/other-small-2-600x400.jpg 600w\" sizes=\"auto, (max-width: 1920px) 100vw, 1920px\" \/><\/figure><div class=\"wp-block-media-text__content\">\n\t\t\t<p class=\"has-large-font-size wp-block-paragraph\"><\/p>\n\t\t\t<\/div><\/div>\n\t\t\t\n\t\t\t<div class=\"wp-block-media-text alignwide\"\"><figure class=\"wp-block-media-text__media\"><img loading=\"lazy\" decoding=\"async\" width=\"1920\" height=\"1280\" src=\"https:\/\/maliwojownicy.org\/wp-content\/uploads\/2021\/03\/other-small-2.jpg\" alt=\"\" class=\"wp-image-1009\" srcset=\"https:\/\/maliwojownicy.org\/wp-content\/uploads\/2021\/03\/other-small-2.jpg 1920w, https:\/\/maliwojownicy.org\/wp-content\/uploads\/2021\/03\/other-small-2-300x200.jpg 300w, https:\/\/maliwojownicy.org\/wp-content\/uploads\/2021\/03\/other-small-2-1024x683.jpg 1024w, https:\/\/maliwojownicy.org\/wp-content\/uploads\/2021\/03\/other-small-2-768x512.jpg 768w, https:\/\/maliwojownicy.org\/wp-content\/uploads\/2021\/03\/other-small-2-1536x1024.jpg 1536w, https:\/\/maliwojownicy.org\/wp-content\/uploads\/2021\/03\/other-small-2-600x400.jpg 600w\" sizes=\"auto, (max-width: 1920px) 100vw, 1920px\" \/><\/figure><div class=\"wp-block-media-text__content\">\n\t\t\t<p class=\"has-large-font-size wp-block-paragraph\"><\/p>\n\t\t\t<\/div><\/div>\n\t\t\t\n\t\t\t<div class=\"wp-block-media-text alignwide has-media-on-the-right\"\"><figure class=\"wp-block-media-text__media\"><img loading=\"lazy\" decoding=\"async\" width=\"1920\" height=\"1280\" src=\"https:\/\/maliwojownicy.org\/wp-content\/uploads\/2021\/03\/other-small-2.jpg\" alt=\"\" class=\"wp-image-1009\" srcset=\"https:\/\/maliwojownicy.org\/wp-content\/uploads\/2021\/03\/other-small-2.jpg 1920w, https:\/\/maliwojownicy.org\/wp-content\/uploads\/2021\/03\/other-small-2-300x200.jpg 300w, https:\/\/maliwojownicy.org\/wp-content\/uploads\/2021\/03\/other-small-2-1024x683.jpg 1024w, https:\/\/maliwojownicy.org\/wp-content\/uploads\/2021\/03\/other-small-2-768x512.jpg 768w, https:\/\/maliwojownicy.org\/wp-content\/uploads\/2021\/03\/other-small-2-1536x1024.jpg 1536w, https:\/\/maliwojownicy.org\/wp-content\/uploads\/2021\/03\/other-small-2-600x400.jpg 600w\" sizes=\"auto, (max-width: 1920px) 100vw, 1920px\" \/><\/figure><div class=\"wp-block-media-text__content\">\n\t\t\t<p class=\"has-large-font-size wp-block-paragraph\"><\/p>\n\t\t\t<\/div><\/div>\n\t\t\t\n\n\t\t","protected":false},"excerpt":{"rendered":"<p>Nowe produkty<\/p>\n","protected":false},"author":3,"featured_media":0,"parent":0,"menu_order":0,"comment_status":"closed","ping_status":"closed","template":"","meta":{"_crdt_document":"","_kadence_starter_templates_imported_post":false,"footnotes":""},"class_list":["post-1007","page","type-page","status-publish","hentry"],"_links":{"self":[{"href":"https:\/\/maliwojownicy.org\/index.php\/wp-json\/wp\/v2\/pages\/1007","targetHints":{"allow":["GET"]}}],"collection":[{"href":"https:\/\/maliwojownicy.org\/index.php\/wp-json\/wp\/v2\/pages"}],"about":[{"href":"https:\/\/maliwojownicy.org\/index.php\/wp-json\/wp\/v2\/types\/page"}],"author":[{"embeddable":true,"href":"https:\/\/maliwojownicy.org\/index.php\/wp-json\/wp\/v2\/users\/3"}],"replies":[{"embeddable":true,"href":"https:\/\/maliwojownicy.org\/index.php\/wp-json\/wp\/v2\/comments?post=1007"}],"version-history":[{"count":0,"href":"https:\/\/maliwojownicy.org\/index.php\/wp-json\/wp\/v2\/pages\/1007\/revisions"}],"wp:attachment":[{"href":"https:\/\/maliwojownicy.org\/index.php\/wp-json\/wp\/v2\/media?parent=1007"}],"curies":[{"name":"wp","href":"https:\/\/api.w.org\/{rel}","templated":true}]}}